{"id":959,"date":"2021-02-18T22:09:04","date_gmt":"2021-02-19T03:09:04","guid":{"rendered":"https:\/\/34fbe7de36.nxcli.net\/?page_id=959"},"modified":"2024-01-24T09:42:30","modified_gmt":"2024-01-24T08:42:30","slug":"about-harald","status":"publish","type":"page","link":"https:\/\/adriennharald.com\/hu\/about-harald\/","title":{"rendered":"Haraldr\u00f3l"},"content":{"rendered":"<div data-elementor-type=\"wp-page\" data-elementor-id=\"959\" class=\"elementor elementor-959\" data-elementor-post-type=\"page\">\n\t\t\t\t\t\t<section class=\"elementor-section elementor-top-section elementor-element elementor-element-2b54e309 elementor-section-full_width elementor-section-height-default elementor-section-height-default\" data-id=\"2b54e309\" data-element_type=\"section\" data-settings=\"{&quot;background_background&quot;:&quot;classic&quot;}\">\n\t\t\t\t\t\t\t<div class=\"elementor-background-overlay\"><\/div>\n\t\t\t\t\t\t\t<div class=\"elementor-container elementor-column-gap-no\">\n\t\t\t\t\t<div class=\"elementor-column elementor-col-100 elementor-top-column elementor-element elementor-element-6c68c38b\" data-id=\"6c68c38b\" data-element_type=\"column\">\n\t\t\t<div class=\"elementor-widget-wrap elementor-element-populated\">\n\t\t\t\t\t\t<section class=\"elementor-section elementor-inner-section elementor-element elementor-element-4b027712 elementor-section-boxed elementor-section-height-default elementor-section-height-default\" data-id=\"4b027712\" data-element_type=\"section\">\n\t\t\t\t\t\t<div class=\"elementor-container elementor-column-gap-default\">\n\t\t\t\t\t<div class=\"elementor-column elementor-col-100 elementor-inner-column elementor-element elementor-element-4070b07d\" data-id=\"4070b07d\" data-element_type=\"column\">\n\t\t\t<div class=\"elementor-widget-wrap elementor-element-populated\">\n\t\t\t\t\t\t<div class=\"elementor-element elementor-element-37dbcfd9 elementor-widget elementor-widget-heading\" data-id=\"37dbcfd9\" data-element_type=\"widget\" data-widget_type=\"heading.default\">\n\t\t\t\t<div class=\"elementor-widget-container\">\n\t\t\t\t\t<span class=\"elementor-heading-title elementor-size-default\">A sz\u00edv\u00fcnk csendj\u00e9ben tal\u00e1lkozunk<\/span>\t\t\t\t<\/div>\n\t\t\t\t<\/div>\n\t\t\t\t<div class=\"elementor-element elementor-element-38c455c6 elementor-widget elementor-widget-heading\" data-id=\"38c455c6\" data-element_type=\"widget\" data-widget_type=\"heading.default\">\n\t\t\t\t<div class=\"elementor-widget-container\">\n\t\t\t\t\t<h2 class=\"elementor-heading-title elementor-size-default\">Haraldr\u00f3l<\/h2>\t\t\t\t<\/div>\n\t\t\t\t<\/div>\n\t\t\t\t<div class=\"elementor-element elementor-element-c27c71b elementor-widget-divider--view-line elementor-widget elementor-widget-divider\" data-id=\"c27c71b\" data-element_type=\"widget\" data-widget_type=\"divider.default\">\n\t\t\t\t<div class=\"elementor-widget-container\">\n\t\t\t\t\t\t\t<div class=\"elementor-divider\">\n\t\t\t<span class=\"elementor-divider-separator\">\n\t\t\t\t\t\t<\/span>\n\t\t<\/div>\n\t\t\t\t\t\t<\/div>\n\t\t\t\t<\/div>\n\t\t\t\t\t<\/div>\n\t\t<\/div>\n\t\t\t\t\t<\/div>\n\t\t<\/section>\n\t\t\t\t\t<\/div>\n\t\t<\/div>\n\t\t\t\t\t<\/div>\n\t\t<\/section>\n\t\t\t\t<section class=\"elementor-section elementor-top-section elementor-element elementor-element-1e406cd8 elementor-section-boxed elementor-section-height-default elementor-section-height-default\" data-id=\"1e406cd8\" data-element_type=\"section\" data-settings=\"{&quot;background_background&quot;:&quot;classic&quot;}\">\n\t\t\t\t\t\t<div class=\"elementor-container elementor-column-gap-default\">\n\t\t\t\t\t<div class=\"elementor-column elementor-col-50 elementor-top-column elementor-element elementor-element-8acad82\" data-id=\"8acad82\" data-element_type=\"column\">\n\t\t\t<div class=\"elementor-widget-wrap elementor-element-populated\">\n\t\t\t\t\t\t<div class=\"elementor-element elementor-element-59cd2e81 elementor-widget elementor-widget-text-editor\" data-id=\"59cd2e81\" data-element_type=\"widget\" data-widget_type=\"text-editor.default\">\n\t\t\t\t<div class=\"elementor-widget-container\">\n\t\t\t\t\t\t\t\t\t<p>Ennek az \u00e9letnek a t\u00f6rt\u00e9nete olyan mint b\u00e1rmilyen m\u00e1s \u00e9lett\u00f6rt\u00e9net. De egy ponton felismertem, hogy minden szinten kudarcot vallottam. Ebben a pillanatban elhat\u00e1roztam, hogy engedek mindent elveszni. De maga az elsz\u00e1nts\u00e1g, hogy elvesz\u00edtek mindent egy \u00fajabb t\u00f6rt\u00e9nett\u00e9 v\u00e1lt. Ezen \u00e1tl\u00e1tva, minden elt\u0171nt egy szempillant\u00e1s alatt.<\/p><p>A sz\u00edv csendj\u00e9ben tal\u00e1lkozunk.<\/p>\t\t\t\t\t\t\t\t<\/div>\n\t\t\t\t<\/div>\n\t\t\t\t\t<\/div>\n\t\t<\/div>\n\t\t\t\t<div class=\"elementor-column elementor-col-50 elementor-top-column elementor-element elementor-element-77efa803\" data-id=\"77efa803\" data-element_type=\"column\">\n\t\t\t<div class=\"elementor-widget-wrap elementor-element-populated\">\n\t\t\t\t\t\t<div class=\"elementor-element elementor-element-7a591085 elementor-widget elementor-widget-image\" data-id=\"7a591085\" data-element_type=\"widget\" data-widget_type=\"image.default\">\n\t\t\t\t<div class=\"elementor-widget-container\">\n\t\t\t\t\t\t\t\t\t\t\t\t\t\t\t<img decoding=\"async\" src=\"https:\/\/adriennharald.com\/wp-content\/uploads\/2021\/07\/Harald_Berlin_2-e1706085674515.jpg\" title=\"Harald_Berlin_2\" alt=\"Harald_Berlin_2\" loading=\"lazy\" \/>\t\t\t\t\t\t\t\t\t\t\t\t\t\t\t<\/div>\n\t\t\t\t<\/div>\n\t\t\t\t\t<\/div>\n\t\t<\/div>\n\t\t\t\t\t<\/div>\n\t\t<\/section>\n\t\t\t\t<section class=\"elementor-section elementor-top-section elementor-element elementor-element-f86291f elementor-section-boxed elementor-section-height-default elementor-section-height-default\" data-id=\"f86291f\" data-element_type=\"section\" data-settings=\"{&quot;background_background&quot;:&quot;classic&quot;}\">\n\t\t\t\t\t\t<div class=\"elementor-container elementor-column-gap-default\">\n\t\t\t\t\t<div class=\"elementor-column elementor-col-100 elementor-top-column elementor-element elementor-element-34989ae\" data-id=\"34989ae\" data-element_type=\"column\">\n\t\t\t<div class=\"elementor-widget-wrap elementor-element-populated\">\n\t\t\t\t\t\t<div class=\"elementor-element elementor-element-3f08bb7 elementor-widget elementor-widget-text-editor\" data-id=\"3f08bb7\" data-element_type=\"widget\" data-widget_type=\"text-editor.default\">\n\t\t\t\t<div class=\"elementor-widget-container\">\n\t\t\t\t\t\t\t\t\t<p>Harald 1972-ben Radstadt-ban egy ausztriai alpesi faluban sz\u00fcletett \u00e9s egy biztons\u00e1gos fels\u0151-k\u00f6z\u00e9poszt\u00e1ly\u00fa csal\u00e1dban n\u0151tt fel. Ett\u0151l f\u00fcggetlen\u00fcl mindig olyan \u00e9rz\u00e9se volt, hogy valami hi\u00e1nyzik \u00e9s ez az \u00e9rz\u00e9s be\u00e1rny\u00e9kolta az \u00e9let\u00e9t. 1992-ben kenuval leevezett a kanadai Yukon foly\u00f3n \u00e9s t\u00f6bb hetet t\u00f6lt\u00f6tt el egyed\u00fcl a Yukon ter\u00fclet gy\u00f6ny\u00f6r\u0171 vadonj\u00e1ban. Figyelve az evez\u0151inek ritmikus csapkod\u00e1s\u00e1t \u00e9s a hihetetlen sz\u00e9ps\u00e9g\u0171 t\u00e1jat ahogy az lassan haladt el a szeme el\u0151tt \u00e9s mindez b\u00e9k\u00e9s csenddel \u00e1titatva, el\u00f6nt\u00f6tte egy m\u00e9ly medit\u00e1ci\u00f3s \u00e1llapot. \"Ez a sz\u00e9ps\u00e9g t\u00fal sok nekem, ez nem lehet csak nekem itt!\" \u00edrta egyik este a napl\u00f3j\u00e1ba. Majd visszaolvasva saj\u00e1t szavait, r\u00e1\u00e9bredt a szavak m\u00f6g\u00f6tt rejl\u0151 \u00e9rt\u00e9ktelens\u00e9g \u00e9rz\u00e9s\u00e9nek, \u00e9s arra, hogy az egy hib\u00e1s \u00e9s kital\u00e1lt hitrendszeren alapszik.<\/p><p>2009-ben olvasta Harald Gangaji egyik k\u00f6nyv\u00e9t, ami m\u00e9lyen meg\u00e9rintette. K\u00f6vetve a bels\u0151 h\u00edv\u00e1st, hogy tal\u00e1lkozzon szem\u00e9lyesen Gangajival \u00e9s f\u00e9rj\u00e9vel, Eli Jaxon-Bear-rel, Harald Baden-Baden-be utazott a n\u00e9metorsz\u00e1gi Fekete-erd\u0151 k\u00f6zep\u00e9be. Az egyik szatszang alkalm\u00e1val t\u00fall\u00e9pve a f\u00e9l\u00e9nks\u00e9g\u00e9n \u00f6sszeszedte a b\u00e1tors\u00e1g\u00e1t \u00e9s jelentkezett, majd a k\u00f6vetkez\u0151 pillanatban ott tal\u00e1lta mag\u00e1t Eli mellett. Amikor belen\u00e9zett a szem\u00e9be, abban a pillanatban a k\u00e9rd\u00e9se szertefoszlot \u00e9s az eg\u00e9sz t\u00f6rt\u00e9net\u00e9t elragadta egy m\u00e9ly k\u00e9k tenger. Ebben a szeretet\u00f3ce\u00e1nban semmi k\u00e9ts\u00e9ge nem maradt afel\u0151l, hogy beteljesedett \u00e9s eg\u00e9sz.<\/p><p>A k\u00f6vetkez\u0151 \u00e9vben \u00f3ri\u00e1si vesztes\u00e9get \u00e9s kudarc\u00e9rz\u00e9st \u00e9lt meg, amikor a csal\u00e1dja sz\u00e9tesett \u00e9s egyed\u00fcl maradt k\u00e9t gyerekkel. Az\u00e1ltal, hogy egyszer\u0171en felismerte de nem ment bele a dr\u00e1mai szomor\u00fa \u00e9rz\u00e9sekbe \u00e9s nem k\u00f6vette a kurdarc ment\u00e1lis t\u00f6rt\u00e9net\u00e9t, \u00edgy megtapasztalta az b\u00e9k\u00e9s \u00e9s megb\u00edzhat\u00f3 teret, ami mindent megtart \u00e9s mag\u00e1ba foglal. \u00c9sz-veszt\u0151 volt az igazs\u00e1got felismerni, ami itt van m\u00e9g a v\u00e1ls\u00e1g k\u00f6zep\u00e9ben is.<\/p><p>Majd 10 \u00e9ven \u00e1t k\u00f6vette Gangaji-t \u00e9s Eli-t az eur\u00f3pai szatszangjaikon. 2018 \u00f3ta Harald egy\u00fctt az igaz t\u00e1rs\u00e1val Adriennel rendszeresen csoportos tal\u00e1lkoz\u00f3kat tart a fel\u00e9bred\u00e9s szolg\u00e1lat\u00e1ban, amely a sz\u00edve h\u00edv\u00e1sa.<\/p>\t\t\t\t\t\t\t\t<\/div>\n\t\t\t\t<\/div>\n\t\t\t\t<div class=\"elementor-element elementor-element-e762d4c elementor-tablet-align-center elementor-mobile-align-justify elementor-align-center elementor-widget elementor-widget-button\" data-id=\"e762d4c\" data-element_type=\"widget\" data-widget_type=\"button.default\">\n\t\t\t\t<div class=\"elementor-widget-container\">\n\t\t\t\t\t\t\t\t\t<div class=\"elementor-button-wrapper\">\n\t\t\t\t\t<a class=\"elementor-button elementor-button-link elementor-size-sm elementor-animation-grow\" href=\"https:\/\/app.acuityscheduling.com\/schedule.php?owner=22037586&#038;appointmentType=category:Private%20Sessions%20for%20All%20with%20A%26H\">\n\t\t\t\t\t\t<span class=\"elementor-button-content-wrapper\">\n\t\t\t\t\t\t\t\t\t<span class=\"elementor-button-text\">Foglalj egy\u00e9ni id\u0151pontot most<\/span>\n\t\t\t\t\t<\/span>\n\t\t\t\t\t<\/a>\n\t\t\t\t<\/div>\n\t\t\t\t\t\t\t\t<\/div>\n\t\t\t\t<\/div>\n\t\t\t\t\t<\/div>\n\t\t<\/div>\n\t\t\t\t\t<\/div>\n\t\t<\/section>\n\t\t\t\t<section class=\"elementor-section elementor-top-section elementor-element elementor-element-6af9a701 elementor-section-boxed elementor-section-height-default elementor-section-height-default\" data-id=\"6af9a701\" data-element_type=\"section\">\n\t\t\t\t\t\t<div class=\"elementor-container elementor-column-gap-default\">\n\t\t\t\t\t<div class=\"elementor-column elementor-col-33 elementor-top-column elementor-element elementor-element-1b2ee378\" data-id=\"1b2ee378\" data-element_type=\"column\">\n\t\t\t<div class=\"elementor-widget-wrap elementor-element-populated\">\n\t\t\t\t\t\t<section class=\"elementor-section elementor-inner-section elementor-element elementor-element-ce0acea elementor-section-boxed elementor-section-height-default elementor-section-height-default\" data-id=\"ce0acea\" data-element_type=\"section\">\n\t\t\t\t\t\t<div class=\"elementor-container elementor-column-gap-default\">\n\t\t\t\t\t<div class=\"elementor-column elementor-col-100 elementor-inner-column elementor-element elementor-element-2dab84b6\" data-id=\"2dab84b6\" data-element_type=\"column\">\n\t\t\t<div class=\"elementor-widget-wrap\">\n\t\t\t\t\t\t\t<\/div>\n\t\t<\/div>\n\t\t\t\t\t<\/div>\n\t\t<\/section>\n\t\t\t\t\t<\/div>\n\t\t<\/div>\n\t\t\t\t<div class=\"elementor-column elementor-col-33 elementor-top-column elementor-element elementor-element-2eab6a34\" data-id=\"2eab6a34\" data-element_type=\"column\" data-settings=\"{&quot;background_background&quot;:&quot;classic&quot;}\">\n\t\t\t<div class=\"elementor-widget-wrap elementor-element-populated\">\n\t\t\t\t\t\t<section class=\"elementor-section elementor-inner-section elementor-element elementor-element-6236da85 elementor-section-boxed elementor-section-height-default elementor-section-height-default\" data-id=\"6236da85\" data-element_type=\"section\">\n\t\t\t\t\t\t<div class=\"elementor-container elementor-column-gap-default\">\n\t\t\t\t\t<div class=\"elementor-column elementor-col-100 elementor-inner-column elementor-element elementor-element-418878f8\" data-id=\"418878f8\" data-element_type=\"column\" data-settings=\"{&quot;background_background&quot;:&quot;classic&quot;}\">\n\t\t\t<div class=\"elementor-widget-wrap elementor-element-populated\">\n\t\t\t\t\t\t<div class=\"elementor-element elementor-element-51dd5a01 elementor-widget elementor-widget-heading\" data-id=\"51dd5a01\" data-element_type=\"widget\" data-widget_type=\"heading.default\">\n\t\t\t\t<div class=\"elementor-widget-container\">\n\t\t\t\t\t<h2 class=\"elementor-heading-title elementor-size-default\">Iratkozz fel a 15 perces INGYENES konzult\u00e1ci\u00f3ra!<\/h2>\t\t\t\t<\/div>\n\t\t\t\t<\/div>\n\t\t\t\t<div class=\"elementor-element elementor-element-34b4345c elementor-widget elementor-widget-text-editor\" data-id=\"34b4345c\" data-element_type=\"widget\" data-widget_type=\"text-editor.default\">\n\t\t\t\t<div class=\"elementor-widget-container\">\n\t\t\t\t\t\t\t\t\t<p>\u00d6r\u00fcln\u00e9nk a lehet\u0151s\u00e9gnek, hogy k\u00f6zvetlen\u00fcl besz\u00e9lhess\u00fcnk veled, \u00e9s t\u00f6bbet megtudhassunk r\u00f3lad \u00e9s a saj\u00e1tos k\u00f6r\u00fclm\u00e9nyeidr\u0151l. \u00a0<\/p>\t\t\t\t\t\t\t\t<\/div>\n\t\t\t\t<\/div>\n\t\t\t\t<div class=\"elementor-element elementor-element-27a48300 elementor-tablet-align-center elementor-mobile-align-justify elementor-align-center elementor-widget elementor-widget-button\" data-id=\"27a48300\" data-element_type=\"widget\" data-widget_type=\"button.default\">\n\t\t\t\t<div class=\"elementor-widget-container\">\n\t\t\t\t\t\t\t\t\t<div class=\"elementor-button-wrapper\">\n\t\t\t\t\t<a class=\"elementor-button elementor-button-link elementor-size-sm elementor-animation-grow\" href=\"https:\/\/app.acuityscheduling.com\/schedule.php?owner=22037586&#038;appointmentType=category:Private%20Sessions%20for%20All\">\n\t\t\t\t\t\t<span class=\"elementor-button-content-wrapper\">\n\t\t\t\t\t\t\t\t\t<span class=\"elementor-button-text\">FOGLALJ ID\u0150PONTOT AZ INGYENES KONZULT\u00c1CI\u00d3RA<\/span>\n\t\t\t\t\t<\/span>\n\t\t\t\t\t<\/a>\n\t\t\t\t<\/div>\n\t\t\t\t\t\t\t\t<\/div>\n\t\t\t\t<\/div>\n\t\t\t\t\t<\/div>\n\t\t<\/div>\n\t\t\t\t\t<\/div>\n\t\t<\/section>\n\t\t\t\t\t<\/div>\n\t\t<\/div>\n\t\t\t\t<div class=\"elementor-column elementor-col-33 elementor-top-column elementor-element elementor-element-3bb01900\" data-id=\"3bb01900\" data-element_type=\"column\">\n\t\t\t<div class=\"elementor-widget-wrap\">\n\t\t\t\t\t\t\t<\/div>\n\t\t<\/div>\n\t\t\t\t\t<\/div>\n\t\t<\/section>\n\t\t\t\t<\/div>","protected":false},"excerpt":{"rendered":"<p>WE meet in the silence of our hearts always About Harald The story of this life is a story like any other lives. However, at one point I realized I completely failed on all levels. At that moment I decided to lose it all. But this intention to lose everything became a new story of [&hellip;]<\/p>","protected":false},"author":4,"featured_media":0,"parent":0,"menu_order":0,"comment_status":"closed","ping_status":"closed","template":"elementor_header_footer","meta":{"footnotes":""},"class_list":["post-959","page","type-page","status-publish","hentry","wpbf-post"],"_links":{"self":[{"href":"https:\/\/adriennharald.com\/hu\/wp-json\/wp\/v2\/pages\/959","targetHints":{"allow":["GET"]}}],"collection":[{"href":"https:\/\/adriennharald.com\/hu\/wp-json\/wp\/v2\/pages"}],"about":[{"href":"https:\/\/adriennharald.com\/hu\/wp-json\/wp\/v2\/types\/page"}],"author":[{"embeddable":true,"href":"https:\/\/adriennharald.com\/hu\/wp-json\/wp\/v2\/users\/4"}],"replies":[{"embeddable":true,"href":"https:\/\/adriennharald.com\/hu\/wp-json\/wp\/v2\/comments?post=959"}],"version-history":[{"count":160,"href":"https:\/\/adriennharald.com\/hu\/wp-json\/wp\/v2\/pages\/959\/revisions"}],"predecessor-version":[{"id":8852,"href":"https:\/\/adriennharald.com\/hu\/wp-json\/wp\/v2\/pages\/959\/revisions\/8852"}],"wp:attachment":[{"href":"https:\/\/adriennharald.com\/hu\/wp-json\/wp\/v2\/media?parent=959"}],"curies":[{"name":"wp","href":"https:\/\/api.w.org\/{rel}","templated":true}]}}