{"id":9074,"date":"2024-10-09T13:12:58","date_gmt":"2024-10-09T11:12:58","guid":{"rendered":"https:\/\/adriennharald.com\/online-public-meeting-copy\/"},"modified":"2024-12-01T11:26:49","modified_gmt":"2024-12-01T10:26:49","slug":"monthly-sunday-satsang","status":"publish","type":"page","link":"https:\/\/adriennharald.com\/hu\/monthly-sunday-satsang\/","title":{"rendered":"Sunday Monthly Satsang"},"content":{"rendered":"<div data-elementor-type=\"wp-page\" data-elementor-id=\"9074\" class=\"elementor elementor-9074\" data-elementor-post-type=\"page\">\n\t\t\t\t\t\t<section class=\"elementor-section elementor-top-section elementor-element elementor-element-2b54e309 elementor-section-full_width elementor-hidden-tablet elementor-hidden-phone elementor-section-height-default elementor-section-height-default\" data-id=\"2b54e309\" data-element_type=\"section\" data-settings=\"{&quot;background_background&quot;:&quot;classic&quot;}\">\n\t\t\t\t\t\t\t<div class=\"elementor-background-overlay\"><\/div>\n\t\t\t\t\t\t\t<div class=\"elementor-container elementor-column-gap-no\">\n\t\t\t\t\t<div class=\"elementor-column elementor-col-100 elementor-top-column elementor-element elementor-element-6c68c38b\" data-id=\"6c68c38b\" data-element_type=\"column\">\n\t\t\t<div class=\"elementor-widget-wrap elementor-element-populated\">\n\t\t\t\t\t\t<section class=\"elementor-section elementor-inner-section elementor-element elementor-element-4b027712 elementor-section-boxed elementor-section-height-default elementor-section-height-default\" data-id=\"4b027712\" data-element_type=\"section\">\n\t\t\t\t\t\t<div class=\"elementor-container elementor-column-gap-default\">\n\t\t\t\t\t<div class=\"elementor-column elementor-col-100 elementor-inner-column elementor-element elementor-element-4070b07d\" data-id=\"4070b07d\" data-element_type=\"column\">\n\t\t\t<div class=\"elementor-widget-wrap elementor-element-populated\">\n\t\t\t\t\t\t<div class=\"elementor-element elementor-element-37dbcfd9 elementor-widget elementor-widget-heading\" data-id=\"37dbcfd9\" data-element_type=\"widget\" data-widget_type=\"heading.default\">\n\t\t\t\t<div class=\"elementor-widget-container\">\n\t\t\t\t\t<span class=\"elementor-heading-title elementor-size-default\">Add meg magad a sz\u00edved h\u00edv\u00e1s\u00e1nak<\/span>\t\t\t\t<\/div>\n\t\t\t\t<\/div>\n\t\t\t\t<div class=\"elementor-element elementor-element-38c455c6 elementor-widget elementor-widget-heading\" data-id=\"38c455c6\" data-element_type=\"widget\" data-widget_type=\"heading.default\">\n\t\t\t\t<div class=\"elementor-widget-container\">\n\t\t\t\t\t<h2 class=\"elementor-heading-title elementor-size-default\">Havonta Vas\u00e1rnapi Szatszang<\/h2>\t\t\t\t<\/div>\n\t\t\t\t<\/div>\n\t\t\t\t<div class=\"elementor-element elementor-element-c27c71b elementor-widget-divider--view-line elementor-widget elementor-widget-divider\" data-id=\"c27c71b\" data-element_type=\"widget\" data-widget_type=\"divider.default\">\n\t\t\t\t<div class=\"elementor-widget-container\">\n\t\t\t\t\t\t\t<div class=\"elementor-divider\">\n\t\t\t<span class=\"elementor-divider-separator\">\n\t\t\t\t\t\t<\/span>\n\t\t<\/div>\n\t\t\t\t\t\t<\/div>\n\t\t\t\t<\/div>\n\t\t\t\t\t<\/div>\n\t\t<\/div>\n\t\t\t\t\t<\/div>\n\t\t<\/section>\n\t\t\t\t\t<\/div>\n\t\t<\/div>\n\t\t\t\t\t<\/div>\n\t\t<\/section>\n\t\t\t\t<section class=\"elementor-section elementor-top-section elementor-element elementor-element-1e406cd8 elementor-section-boxed elementor-section-height-default elementor-section-height-default\" data-id=\"1e406cd8\" data-element_type=\"section\" data-settings=\"{&quot;background_background&quot;:&quot;classic&quot;}\">\n\t\t\t\t\t\t<div class=\"elementor-container elementor-column-gap-default\">\n\t\t\t\t\t<div class=\"elementor-column elementor-col-50 elementor-top-column elementor-element elementor-element-8acad82\" data-id=\"8acad82\" data-element_type=\"column\">\n\t\t\t<div class=\"elementor-widget-wrap elementor-element-populated\">\n\t\t\t\t\t\t<div class=\"elementor-element elementor-element-ecfa9d6 elementor-widget elementor-widget-text-editor\" data-id=\"ecfa9d6\" data-element_type=\"widget\" data-widget_type=\"text-editor.default\">\n\t\t\t\t<div class=\"elementor-widget-container\">\n\t\t\t\t\t\t\t\t\t<h2>Havonta Vas\u00e1rnapi Szatszang<\/h2>\t\t\t\t\t\t\t\t<\/div>\n\t\t\t\t<\/div>\n\t\t\t\t<div class=\"elementor-element elementor-element-52d34e5 elementor-widget elementor-widget-text-editor\" data-id=\"52d34e5\" data-element_type=\"widget\" data-widget_type=\"text-editor.default\">\n\t\t\t\t<div class=\"elementor-widget-container\">\n\t\t\t\t\t\t\t\t\t<h5>Vas\u00e1rnap, 2024. dec. 8-\u00e1n, 18 \u00f3rakor zoom-on.<\/h5><p>Angol\/Magyar<\/p>\t\t\t\t\t\t\t\t<\/div>\n\t\t\t\t<\/div>\n\t\t\t\t<div class=\"elementor-element elementor-element-59cd2e81 elementor-widget elementor-widget-text-editor\" data-id=\"59cd2e81\" data-element_type=\"widget\" data-widget_type=\"text-editor.default\">\n\t\t\t\t<div class=\"elementor-widget-container\">\n\t\t\t\t\t\t\t\t\t<p>Ezen a tal\u00e1lkoz\u00f3n m\u00e9g m\u00e9lyebben \u00e1tadhatod magad a sz\u00edved v\u00e1gyakoz\u00e1s\u00e1nak \u00e9s az megmutatja neked az igaz term\u00e9szeted. M\u00e9g ink\u00e1bb mersz majd meghajolni ezel\u0151tt \u00e9s megh\u00edvni a h\u00e9tk\u00f6znapi \u00e9leted kih\u00edv\u00e1sait, melyre mint egy az integrit\u00e1sod er\u0151s\u00edt\u00e9s\u00e9re szolg\u00e1l\u00f3 gyakorl\u00f3 ter\u00fcletk\u00e9nt tekinthetsz. Megtanulsz m\u00e9g m\u00e9lyebben felel\u0151ss\u00e9get v\u00e1llalni, hogy igaz maradj b\u00e1rmi is bukkanjon fel \u00e9s m\u00faljon el.<\/p>\t\t\t\t\t\t\t\t<\/div>\n\t\t\t\t<\/div>\n\t\t\t\t\t<\/div>\n\t\t<\/div>\n\t\t\t\t<div class=\"elementor-column elementor-col-50 elementor-top-column elementor-element elementor-element-77efa803\" data-id=\"77efa803\" data-element_type=\"column\">\n\t\t\t<div class=\"elementor-widget-wrap elementor-element-populated\">\n\t\t\t\t\t\t<div class=\"elementor-element elementor-element-128807e elementor-widget elementor-widget-video\" data-id=\"128807e\" data-element_type=\"widget\" data-settings=\"{&quot;youtube_url&quot;:&quot;https:\\\/\\\/www.youtube.com\\\/watch?v=4ECraO-wBPU&amp;t=3390s&quot;,&quot;show_image_overlay&quot;:&quot;yes&quot;,&quot;image_overlay&quot;:{&quot;url&quot;:&quot;https:\\\/\\\/adriennharald.com\\\/wp-content\\\/uploads\\\/2021\\\/03\\\/Adrienn-and-harald1.jpg&quot;,&quot;id&quot;:2356,&quot;size&quot;:&quot;&quot;,&quot;alt&quot;:&quot;&quot;,&quot;source&quot;:&quot;library&quot;},&quot;lightbox&quot;:&quot;yes&quot;,&quot;video_type&quot;:&quot;youtube&quot;,&quot;controls&quot;:&quot;yes&quot;}\" data-widget_type=\"video.default\">\n\t\t\t\t<div class=\"elementor-widget-container\">\n\t\t\t\t\t\t\t<div class=\"elementor-wrapper elementor-open-lightbox\">\n\t\t\t\t\t\t\t<div class=\"elementor-custom-embed-image-overlay\" data-elementor-open-lightbox=\"yes\" data-elementor-lightbox=\"{&quot;type&quot;:&quot;video&quot;,&quot;videoType&quot;:&quot;youtube&quot;,&quot;url&quot;:&quot;https:\\\/\\\/www.youtube.com\\\/embed\\\/4ECraO-wBPU?feature=oembed&amp;start&amp;end&amp;wmode=opaque&amp;loop=0&amp;controls=1&amp;mute=0&amp;rel=0&amp;modestbranding=0&amp;cc_load_policy=0&quot;,&quot;autoplay&quot;:&quot;&quot;,&quot;modalOptions&quot;:{&quot;id&quot;:&quot;elementor-lightbox-128807e&quot;,&quot;entranceAnimation&quot;:&quot;&quot;,&quot;entranceAnimation_tablet&quot;:&quot;&quot;,&quot;entranceAnimation_mobile&quot;:&quot;&quot;,&quot;videoAspectRatio&quot;:&quot;169&quot;}}\" data-e-action-hash=\"#elementor-action%3Aaction%3Dlightbox%26settings%3DeyJ0eXBlIjoidmlkZW8iLCJ2aWRlb1R5cGUiOiJ5b3V0dWJlIiwidXJsIjoiaHR0cHM6XC9cL3d3dy55b3V0dWJlLmNvbVwvZW1iZWRcLzRFQ3JhTy13QlBVP2ZlYXR1cmU9b2VtYmVkJnN0YXJ0JmVuZCZ3bW9kZT1vcGFxdWUmbG9vcD0wJmNvbnRyb2xzPTEmbXV0ZT0wJnJlbD0wJm1vZGVzdGJyYW5kaW5nPTAmY2NfbG9hZF9wb2xpY3k9MCIsImF1dG9wbGF5IjoiIiwibW9kYWxPcHRpb25zIjp7ImlkIjoiZWxlbWVudG9yLWxpZ2h0Ym94LTEyODgwN2UiLCJlbnRyYW5jZUFuaW1hdGlvbiI6IiIsImVudHJhbmNlQW5pbWF0aW9uX3RhYmxldCI6IiIsImVudHJhbmNlQW5pbWF0aW9uX21vYmlsZSI6IiIsInZpZGVvQXNwZWN0UmF0aW8iOiIxNjkifX0%3D\">\n\t\t\t\t\t\t\t\t\t\t\t<img fetchpriority=\"high\" decoding=\"async\" width=\"1106\" height=\"928\" src=\"https:\/\/adriennharald.com\/wp-content\/uploads\/2021\/03\/Adrienn-and-harald1.jpg\" class=\"attachment-2048x2048 size-2048x2048 wp-image-2356\" alt=\"\" srcset=\"https:\/\/adriennharald.com\/wp-content\/uploads\/2021\/03\/Adrienn-and-harald1.jpg 1106w, https:\/\/adriennharald.com\/wp-content\/uploads\/2021\/03\/Adrienn-and-harald1-300x252.jpg 300w, https:\/\/adriennharald.com\/wp-content\/uploads\/2021\/03\/Adrienn-and-harald1-1024x859.jpg 1024w, https:\/\/adriennharald.com\/wp-content\/uploads\/2021\/03\/Adrienn-and-harald1-768x644.jpg 768w, https:\/\/adriennharald.com\/wp-content\/uploads\/2021\/03\/Adrienn-and-harald1-14x12.jpg 14w\" sizes=\"(max-width: 1106px) 100vw, 1106px\" \/>\t\t\t\t\t\t\t\t\t\t\t\t\t\t\t\t<div class=\"elementor-custom-embed-play\" role=\"button\" aria-label=\"Vide\u00f3 lej\u00e1tsz\u00e1sa\" tabindex=\"0\">\n\t\t\t\t\t\t\t<i aria-hidden=\"true\" class=\"eicon-play\"><\/i>\t\t\t\t\t\t<\/div>\n\t\t\t\t\t\t\t\t\t<\/div>\n\t\t\t\t\t<\/div>\n\t\t\t\t\t\t<\/div>\n\t\t\t\t<\/div>\n\t\t\t\t\t<\/div>\n\t\t<\/div>\n\t\t\t\t\t<\/div>\n\t\t<\/section>\n\t\t\t\t<section class=\"elementor-section elementor-top-section elementor-element elementor-element-f86291f elementor-section-boxed elementor-section-height-default elementor-section-height-default\" data-id=\"f86291f\" data-element_type=\"section\" data-settings=\"{&quot;background_background&quot;:&quot;classic&quot;}\">\n\t\t\t\t\t\t<div class=\"elementor-container elementor-column-gap-default\">\n\t\t\t\t\t<div class=\"elementor-column elementor-col-100 elementor-top-column elementor-element elementor-element-34989ae\" data-id=\"34989ae\" data-element_type=\"column\">\n\t\t\t<div class=\"elementor-widget-wrap elementor-element-populated\">\n\t\t\t\t\t\t<div class=\"elementor-element elementor-element-4b581b6 elementor-widget elementor-widget-text-editor\" data-id=\"4b581b6\" data-element_type=\"widget\" data-widget_type=\"text-editor.default\">\n\t\t\t\t<div class=\"elementor-widget-container\">\n\t\t\t\t\t\t\t\t\t<h3><strong>M\u00e1sok Tapasztalt\u00e1k<br \/><\/strong><\/h3>\t\t\t\t\t\t\t\t<\/div>\n\t\t\t\t<\/div>\n\t\t\t\t<div class=\"elementor-element elementor-element-a2ccf2d elementor-widget elementor-widget-text-editor\" data-id=\"a2ccf2d\" data-element_type=\"widget\" data-widget_type=\"text-editor.default\">\n\t\t\t\t<div class=\"elementor-widget-container\">\n\t\t\t\t\t\t\t\t\t<p>\"Nagyon sokat seg\u00edtett a besz\u00e9detek arr\u00f3l, hogy semmit nem kell csin\u00e1lni, csak pihenjek, \u00e1lljak meg. Nagyon sok t\u00e9ves elk\u00e9pzel\u00e9st oszlattatok el, ami m\u00e1zs\u00e1s s\u00falyokat vett le r\u00f3lam.\nNagyon h\u00e1l\u00e1s vagyok, hogy r\u00e1tok tal\u00e1ltam! K\u00f6sz\u00f6n\u00f6m!\" - Erika<\/p>\t\t\t\t\t\t\t\t<\/div>\n\t\t\t\t<\/div>\n\t\t\t\t\t<\/div>\n\t\t<\/div>\n\t\t\t\t\t<\/div>\n\t\t<\/section>\n\t\t\t\t<section class=\"elementor-section elementor-top-section elementor-element elementor-element-e8ea194 elementor-section-boxed elementor-section-height-default elementor-section-height-default\" data-id=\"e8ea194\" data-element_type=\"section\" data-settings=\"{&quot;background_background&quot;:&quot;classic&quot;}\">\n\t\t\t\t\t\t<div class=\"elementor-container elementor-column-gap-default\">\n\t\t\t\t\t<div class=\"elementor-column elementor-col-100 elementor-top-column elementor-element elementor-element-ea84781\" data-id=\"ea84781\" data-element_type=\"column\">\n\t\t\t<div class=\"elementor-widget-wrap elementor-element-populated\">\n\t\t\t\t\t\t<div class=\"elementor-element elementor-element-31f9d5a elementor-widget elementor-widget-text-editor\" data-id=\"31f9d5a\" data-element_type=\"widget\" data-widget_type=\"text-editor.default\">\n\t\t\t\t<div class=\"elementor-widget-container\">\n\t\t\t\t\t\t\t\t\t<h3><strong>Hozz\u00e1j\u00e1rul\u00e1s: <span class=\"s1\">\u20ac<\/span>15<br \/><\/strong><\/h3>\t\t\t\t\t\t\t\t<\/div>\n\t\t\t\t<\/div>\n\t\t\t\t<div class=\"elementor-element elementor-element-2a92ae3 elementor-widget elementor-widget-text-editor\" data-id=\"2a92ae3\" data-element_type=\"widget\" data-widget_type=\"text-editor.default\">\n\t\t\t\t<div class=\"elementor-widget-container\">\n\t\t\t\t\t\t\t\t\t<p>Ha nincs Paypal sz\u00e1ml\u00e1d, akkor k\u00e1rty\u00e1val is fizethetsz ha a lenti ADOM\u00c1NYOZ\u00c1S gombra kattintasz. Ezut\u00e1n manu\u00e1lisan regisztr\u00e1lunk az esem\u00e9nyre. K\u00e9rj\u00fck, hogy dobj egy emailt is az info@adriennharald.com email c\u00edmre.<\/p><p>Ha b\u00e1rmilyen okb\u00f3l nem tudsz ennyit fizetni, nyugodtan \u00edrj nek\u00fcnk egy emailt \u00e9s regisztr\u00e1lunk.<\/p><p>\u00c9s azokt\u00f3l, akik ind\u00edttat\u00e1st \u00e9reznek b\u00e1rmikor sz\u00edvesen vessz\u00fck az adom\u00e1nyokat, mellyel lehet\u0151v\u00e9 teszed, hogy azok is r\u00e9sztvehessenek a tal\u00e1lkoz\u00f3kon, akik egy\u00e9bk\u00e9nt azt nem tehetik meg.<\/p><p>Az adom\u00e1ny gombra kattintva ki tudod v\u00e1lasztani az adom\u00e1nyozni k\u00edv\u00e1nt \u00f6sszeget. K\u00f6sz\u00f6nj\u00fck.<\/p>\t\t\t\t\t\t\t\t<\/div>\n\t\t\t\t<\/div>\n\t\t\t\t<div class=\"elementor-element elementor-element-900e3e4 elementor-tablet-align-center elementor-mobile-align-justify elementor-align-center elementor-widget elementor-widget-button\" data-id=\"900e3e4\" data-element_type=\"widget\" data-widget_type=\"button.default\">\n\t\t\t\t<div class=\"elementor-widget-container\">\n\t\t\t\t\t\t\t\t\t<div class=\"elementor-button-wrapper\">\n\t\t\t\t\t<a class=\"elementor-button elementor-button-link elementor-size-sm elementor-animation-grow\" href=\"https:\/\/app.acuityscheduling.com\/schedule.php?owner=22037586&#038;appointmentType=20928360\">\n\t\t\t\t\t\t<span class=\"elementor-button-content-wrapper\">\n\t\t\t\t\t\t\t\t\t<span class=\"elementor-button-text\">Regisztr\u00e1lj \u00e9s fizess itt<\/span>\n\t\t\t\t\t<\/span>\n\t\t\t\t\t<\/a>\n\t\t\t\t<\/div>\n\t\t\t\t\t\t\t\t<\/div>\n\t\t\t\t<\/div>\n\t\t\t\t<div class=\"elementor-element elementor-element-f4e0e12 elementor-tablet-align-center elementor-mobile-align-justify elementor-align-center elementor-widget elementor-widget-button\" data-id=\"f4e0e12\" data-element_type=\"widget\" data-widget_type=\"button.default\">\n\t\t\t\t<div class=\"elementor-widget-container\">\n\t\t\t\t\t\t\t\t\t<div class=\"elementor-button-wrapper\">\n\t\t\t\t\t<a class=\"elementor-button elementor-button-link elementor-size-xs elementor-animation-grow\" href=\"https:\/\/www.paypal.com\/donate\/?hosted_button_id=F3V3SXGNM6TAJ\">\n\t\t\t\t\t\t<span class=\"elementor-button-content-wrapper\">\n\t\t\t\t\t\t\t\t\t<span class=\"elementor-button-text\">adom\u00e1nyoz\u00e1s<\/span>\n\t\t\t\t\t<\/span>\n\t\t\t\t\t<\/a>\n\t\t\t\t<\/div>\n\t\t\t\t\t\t\t\t<\/div>\n\t\t\t\t<\/div>\n\t\t\t\t\t<\/div>\n\t\t<\/div>\n\t\t\t\t\t<\/div>\n\t\t<\/section>\n\t\t\t\t<section class=\"elementor-section elementor-top-section elementor-element elementor-element-eab08a2 elementor-section-boxed elementor-section-height-default elementor-section-height-default\" data-id=\"eab08a2\" data-element_type=\"section\" data-settings=\"{&quot;background_background&quot;:&quot;classic&quot;}\">\n\t\t\t\t\t\t<div class=\"elementor-container elementor-column-gap-default\">\n\t\t\t\t\t<div class=\"elementor-column elementor-col-50 elementor-top-column elementor-element elementor-element-af268fa\" data-id=\"af268fa\" data-element_type=\"column\">\n\t\t\t<div class=\"elementor-widget-wrap elementor-element-populated\">\n\t\t\t\t\t\t<div class=\"elementor-element elementor-element-d3063d4 elementor-widget elementor-widget-text-editor\" data-id=\"d3063d4\" data-element_type=\"widget\" data-widget_type=\"text-editor.default\">\n\t\t\t\t<div class=\"elementor-widget-container\">\n\t\t\t\t\t\t\t\t\t<h2>A legut\u00f3bbi magyar szatszangr\u00f3l r\u00e9szlet<\/h2>\t\t\t\t\t\t\t\t<\/div>\n\t\t\t\t<\/div>\n\t\t\t\t\t<\/div>\n\t\t<\/div>\n\t\t\t\t<div class=\"elementor-column elementor-col-50 elementor-top-column elementor-element elementor-element-8851b0b\" data-id=\"8851b0b\" data-element_type=\"column\">\n\t\t\t<div class=\"elementor-widget-wrap elementor-element-populated\">\n\t\t\t\t\t\t<div class=\"elementor-element elementor-element-7f721ad elementor-widget elementor-widget-video\" data-id=\"7f721ad\" data-element_type=\"widget\" data-settings=\"{&quot;youtube_url&quot;:&quot;https:\\\/\\\/youtu.be\\\/fhjDetFfWks&quot;,&quot;show_image_overlay&quot;:&quot;yes&quot;,&quot;image_overlay&quot;:{&quot;url&quot;:&quot;&quot;,&quot;id&quot;:&quot;&quot;,&quot;size&quot;:&quot;&quot;,&quot;alt&quot;:&quot;&quot;,&quot;source&quot;:&quot;library&quot;},&quot;video_type&quot;:&quot;youtube&quot;,&quot;controls&quot;:&quot;yes&quot;}\" data-widget_type=\"video.default\">\n\t\t\t\t<div class=\"elementor-widget-container\">\n\t\t\t\t\t\t\t<div class=\"elementor-wrapper elementor-open-inline\">\n\t\t\t<div class=\"elementor-video\"><\/div>\t\t<\/div>\n\t\t\t\t\t\t<\/div>\n\t\t\t\t<\/div>\n\t\t\t\t\t<\/div>\n\t\t<\/div>\n\t\t\t\t\t<\/div>\n\t\t<\/section>\n\t\t\t\t<section class=\"elementor-section elementor-top-section elementor-element elementor-element-6356522 elementor-section-boxed elementor-section-height-default elementor-section-height-default\" data-id=\"6356522\" data-element_type=\"section\" data-settings=\"{&quot;background_background&quot;:&quot;classic&quot;}\">\n\t\t\t\t\t\t<div class=\"elementor-container elementor-column-gap-default\">\n\t\t\t\t\t<div class=\"elementor-column elementor-col-100 elementor-top-column elementor-element elementor-element-7ba88e2\" data-id=\"7ba88e2\" data-element_type=\"column\">\n\t\t\t<div class=\"elementor-widget-wrap elementor-element-populated\">\n\t\t\t\t\t\t<div class=\"elementor-element elementor-element-fd352b3 elementor-widget elementor-widget-text-editor\" data-id=\"fd352b3\" data-element_type=\"widget\" data-widget_type=\"text-editor.default\">\n\t\t\t\t<div class=\"elementor-widget-container\">\n\t\t\t\t\t\t\t\t\t<h4>Mire sz\u00e1m\u00edthatsz:<\/h4>\t\t\t\t\t\t\t\t<\/div>\n\t\t\t\t<\/div>\n\t\t\t\t<div class=\"elementor-element elementor-element-72dc4ed elementor-widget elementor-widget-text-editor\" data-id=\"72dc4ed\" data-element_type=\"widget\" data-widget_type=\"text-editor.default\">\n\t\t\t\t<div class=\"elementor-widget-container\">\n\t\t\t\t\t\t\t\t\t<div class=\"elementor-element elementor-element-6599890f elementor-widget elementor-widget-text-editor\" data-id=\"6599890f\" data-element_type=\"widget\" data-widget_type=\"text-editor.default\"><div class=\"elementor-widget-container\"><p>Ez a tal\u00e1lkoz\u00f3 k\u00f6r\u00fclbel\u00fcl 90 percig tart \u00e9s egy kis id\u0151 csenddel kezd\u0151dik, majd Adrienn &amp; Harald megosztj\u00e1k a k\u00f6zvetlen megtapasztal\u00e1saikat \u00e9s fogadj\u00e1k a besz\u00e1mol\u00f3kat \u00e9s k\u00e9rd\u00e9seket a k\u00f6z\u00f6ss\u00e9g tagjait\u00f3l.<\/p><p>A tal\u00e1lkoz\u00f3 Zoom-on lesz. Amikor regisztr\u00e1lsz, a tal\u00e1lkoz\u00f3hoz a linket a tal\u00e1lkoz\u00f3 kezdete el\u0151tt egy \u00f3r\u00e1val k\u00fcldj\u00fck ki.<\/p><p>Ha szeretn\u00e9l besz\u00e9lni Adriennel &amp; Haralddal k\u00e9rni fogj\u00e1k, hogy ny\u00fajstd fel a kezed. Majd eligaz\u00edt\u00e1st adunk arr\u00f3l, hogy ezt hogyan teheted meg ebben a virtu\u00e1lis t\u00e9rben. Adrienn &amp; Harald annyi k\u00e9rd\u00e9st fog fogadni, amennyit az id\u0151 enged.<\/p><\/div><\/div>\t\t\t\t\t\t\t\t<\/div>\n\t\t\t\t<\/div>\n\t\t\t\t<div class=\"elementor-element elementor-element-11461de elementor-widget elementor-widget-text-editor\" data-id=\"11461de\" data-element_type=\"widget\" data-widget_type=\"text-editor.default\">\n\t\t\t\t<div class=\"elementor-widget-container\">\n\t\t\t\t\t\t\t\t\t<h4>Tov\u00e1bbi tudnival\u00f3k az esem\u00e9nyr\u0151l:<\/h4>\t\t\t\t\t\t\t\t<\/div>\n\t\t\t\t<\/div>\n\t\t\t\t<div class=\"elementor-element elementor-element-341fea2 elementor-widget elementor-widget-text-editor\" data-id=\"341fea2\" data-element_type=\"widget\" data-widget_type=\"text-editor.default\">\n\t\t\t\t<div class=\"elementor-widget-container\">\n\t\t\t\t\t\t\t\t\t<div class=\"elementor-element elementor-element-6ab8664e animated-slow elementor-widget elementor-widget-text-editor\" data-id=\"6ab8664e\" data-element_type=\"widget\" data-settings=\"{\" data-widget_type=\"text-editor.default\"><div class=\"elementor-widget-container\"><h5><span style=\"text-decoration: underline;\">Bel\u00e9p\u00e9s a tal\u00e1lkoz\u00f3ra:<\/span><\/h5><p>Miut\u00e1n regisztr\u00e1lt\u00e1l, emailen fogod megkapni az egy\u00e9ni linket a bejelentkez\u00e9shez.<\/p><div><div role=\"tab\" data-tab=\"5\" aria-controls=\"elementor-tab-content-gf-5\">\u00a0<\/div><h5><span style=\"text-decoration: underline;\">Megjegyz\u00e9s a Bizalmass\u00e1gr\u00f3l \u00e9s a videofelv\u00e9telekr\u0151l:<\/span><\/h5><p>Ezen az online programon a kamer\u00e1don kereszt\u00fcl l\u00e1that\u00f3 leszel Adrienn &amp; Harald \u00e9s a t\u00f6bbi r\u00e9sztvev\u0151 el\u0151tt. Hozz\u00e1t\u00e9ve m\u00e9g ehhez, a hang \u00e9s vide\u00f3 is felv\u00e9telre ker\u00fcl. Miel\u0151tt feliratkozol erre az esem\u00e9nyre, k\u00e9rj\u00fck a beleegyez\u00e9sedet a felv\u00e9telre \u00e9s arra, hogy az lehet felhaszn\u00e1l\u00e1sra ker\u00fcl Adrienn &amp; Harald weboldal\u00e1n. Ha b\u00e1rmilyen k\u00e9rd\u00e9sed vagy agg\u00e1lyod van a t\u00e9m\u00e1val kapcsolatban, k\u00e9rj\u00fck jelezd m\u00e9g a jelentkez\u00e9sed el\u0151tt: <a href=\"mailto:info@adriennharald.com\">info(at)adriennharald.com<\/a>.<\/p><\/div><h5><span style=\"text-decoration: underline;\">Technikai Felt\u00e9telek:<\/span><\/h5><div>\u00a0<\/div><ul><li><em>Eszk\u00f6z\u00f6k: <\/em>asztali g\u00e9p, laptop, tablet, vagy telefon<\/li><li><em>Internet kapcsolat:<\/em> minimum 5-10mbps let\u00f6lt\u00e9si sebess\u00e9g sz\u00fcks\u00e9ges. Ellen\u0151rizd az internet kapcsolatodat: <a href=\"https:\/\/www.speedtest.net\" target=\"_blank\" rel=\"noopener noreferrer\">www.speedtest.net.<\/a><\/li><li><em>Rendszer ig\u00e9nyek: <\/em>Mac OS X 10.7 vagy magasabb, Windows 7 vagy modernebb. iOS 7.0 vagy modernebb, Android 4.0 vagy modernebb.<\/li><li><em>Kamera \u00e9s Mikrofon:<\/em> a legjobb eredm\u00e9nyhez haszn\u00e1ld az eszk\u00f6z\u00f6d be\u00e9p\u00edtett webkamer\u00e1j\u00e1t \u00e9s audi\u00f3j\u00e1t. Csatlakoztass egy f\u00fclhallgat\u00f3t, hogy elker\u00fcld a visszhangz\u00e1st.<\/li><li><em>Zoom alkalmaz\u00e1s:<\/em> T\u00f6ltsd le a Zoom alkalmaz\u00e1st az eszk\u00f6z\u00f6dre itt: <a href=\"https:\/\/zoom.us\/support\/download\" target=\"_blank\" rel=\"noopener noreferrer\">let\u00f6lt\u00e9s ingyen<\/a><\/li><\/ul><\/div><\/div><div class=\"elementor-element elementor-element-f8a765b elementor-widget elementor-widget-menu-anchor\" data-id=\"f8a765b\" data-element_type=\"widget\" data-widget_type=\"menu-anchor.default\">\u00a0<\/div><div class=\"elementor-element elementor-element-922fbf9 animated-slow elementor-widget elementor-widget-text-editor\" data-id=\"922fbf9\" data-element_type=\"widget\" data-settings=\"{\" data-widget_type=\"text-editor.default\"><div class=\"elementor-widget-container\"><h5><span style=\"text-decoration: underline;\">Lemond\u00e1s:<\/span><\/h5><p>A kifizetett \u00f6sszeg visszat\u00e9r\u00edthet\u0151, ha a lemond\u00e1s az esem\u00e9ny el\u0151tt legal\u00e1bb 48 \u00f3r\u00e1val t\u00f6rt\u00e9nik.<\/p><p>Az esem\u00e9nyre elk\u00fcld\u00f6tt adom\u00e1ny nem visszat\u00e9r\u00edthet\u0151.<\/p><\/div><\/div>\t\t\t\t\t\t\t\t<\/div>\n\t\t\t\t<\/div>\n\t\t\t\t<div class=\"elementor-element elementor-element-39d8374 elementor-tablet-align-center elementor-mobile-align-justify elementor-align-center elementor-widget elementor-widget-button\" data-id=\"39d8374\" data-element_type=\"widget\" data-widget_type=\"button.default\">\n\t\t\t\t<div class=\"elementor-widget-container\">\n\t\t\t\t\t\t\t\t\t<div class=\"elementor-button-wrapper\">\n\t\t\t\t\t<a class=\"elementor-button elementor-button-link elementor-size-sm elementor-animation-grow\" href=\"https:\/\/app.acuityscheduling.com\/schedule.php?owner=22037586&#038;appointmentType=20928360\">\n\t\t\t\t\t\t<span class=\"elementor-button-content-wrapper\">\n\t\t\t\t\t\t\t\t\t<span class=\"elementor-button-text\">Regisztr\u00e1lj \u00e9s fizess itt<\/span>\n\t\t\t\t\t<\/span>\n\t\t\t\t\t<\/a>\n\t\t\t\t<\/div>\n\t\t\t\t\t\t\t\t<\/div>\n\t\t\t\t<\/div>\n\t\t\t\t\t<\/div>\n\t\t<\/div>\n\t\t\t\t\t<\/div>\n\t\t<\/section>\n\t\t\t\t<section class=\"elementor-section elementor-top-section elementor-element elementor-element-9dda755 elementor-section-boxed elementor-section-height-default elementor-section-height-default\" data-id=\"9dda755\" data-element_type=\"section\">\n\t\t\t\t\t\t<div class=\"elementor-container elementor-column-gap-default\">\n\t\t\t\t\t<div class=\"elementor-column elementor-col-100 elementor-top-column elementor-element elementor-element-44cb347\" data-id=\"44cb347\" data-element_type=\"column\">\n\t\t\t<div class=\"elementor-widget-wrap\">\n\t\t\t\t\t\t\t<\/div>\n\t\t<\/div>\n\t\t\t\t\t<\/div>\n\t\t<\/section>\n\t\t\t\t<\/div>","protected":false},"excerpt":{"rendered":"<p>Surrender to the longing of your heart Monthly Sunday Satsang Monthly Sunday Satsang Sunday, 8. December 2024. at 6 pm, online on zoom English\/Hungarian In this Meeting you have the possibility to dive deeper into your heart&#8217;s longing and to allow that to show your true nature. You can surrender more and invite your everyday [&hellip;]<\/p>","protected":false},"author":1,"featured_media":2356,"parent":0,"menu_order":0,"comment_status":"closed","ping_status":"closed","template":"elementor_header_footer","meta":{"footnotes":""},"class_list":["post-9074","page","type-page","status-publish","has-post-thumbnail","hentry","wpbf-post"],"_links":{"self":[{"href":"https:\/\/adriennharald.com\/hu\/wp-json\/wp\/v2\/pages\/9074","targetHints":{"allow":["GET"]}}],"collection":[{"href":"https:\/\/adriennharald.com\/hu\/wp-json\/wp\/v2\/pages"}],"about":[{"href":"https:\/\/adriennharald.com\/hu\/wp-json\/wp\/v2\/types\/page"}],"author":[{"embeddable":true,"href":"https:\/\/adriennharald.com\/hu\/wp-json\/wp\/v2\/users\/1"}],"replies":[{"embeddable":true,"href":"https:\/\/adriennharald.com\/hu\/wp-json\/wp\/v2\/comments?post=9074"}],"version-history":[{"count":47,"href":"https:\/\/adriennharald.com\/hu\/wp-json\/wp\/v2\/pages\/9074\/revisions"}],"predecessor-version":[{"id":9164,"href":"https:\/\/adriennharald.com\/hu\/wp-json\/wp\/v2\/pages\/9074\/revisions\/9164"}],"wp:featuredmedia":[{"embeddable":true,"href":"https:\/\/adriennharald.com\/hu\/wp-json\/wp\/v2\/media\/2356"}],"wp:attachment":[{"href":"https:\/\/adriennharald.com\/hu\/wp-json\/wp\/v2\/media?parent=9074"}],"curies":[{"name":"wp","href":"https:\/\/api.w.org\/{rel}","templated":true}]}}