{"id":8806,"date":"2024-01-08T16:08:11","date_gmt":"2024-01-08T15:08:11","guid":{"rendered":"https:\/\/adriennharald.com\/impressum-imprint-copy\/"},"modified":"2024-01-08T16:17:14","modified_gmt":"2024-01-08T15:17:14","slug":"disclaimer","status":"publish","type":"page","link":"https:\/\/adriennharald.com\/hu\/disclaimer\/","title":{"rendered":"Felel\u0151ss\u00e9gkiz\u00e1r\u00e1s"},"content":{"rendered":"<div data-elementor-type=\"wp-page\" data-elementor-id=\"8806\" class=\"elementor elementor-8806\" data-elementor-post-type=\"page\">\n\t\t\t\t\t\t<section class=\"elementor-section elementor-top-section elementor-element elementor-element-1710131b elementor-section-full_width elementor-section-height-default elementor-section-height-default\" data-id=\"1710131b\" data-element_type=\"section\" data-settings=\"{&quot;background_background&quot;:&quot;classic&quot;}\">\n\t\t\t\t\t\t\t<div class=\"elementor-background-overlay\"><\/div>\n\t\t\t\t\t\t\t<div class=\"elementor-container elementor-column-gap-no\">\n\t\t\t\t\t<div class=\"elementor-column elementor-col-100 elementor-top-column elementor-element elementor-element-18586a0c\" data-id=\"18586a0c\" data-element_type=\"column\">\n\t\t\t<div class=\"elementor-widget-wrap elementor-element-populated\">\n\t\t\t\t\t\t<section class=\"elementor-section elementor-inner-section elementor-element elementor-element-2e13398b elementor-section-boxed elementor-section-height-default elementor-section-height-default\" data-id=\"2e13398b\" data-element_type=\"section\">\n\t\t\t\t\t\t<div class=\"elementor-container elementor-column-gap-default\">\n\t\t\t\t\t<div class=\"elementor-column elementor-col-100 elementor-inner-column elementor-element elementor-element-400e07ec\" data-id=\"400e07ec\" data-element_type=\"column\">\n\t\t\t<div class=\"elementor-widget-wrap elementor-element-populated\">\n\t\t\t\t\t\t<div class=\"elementor-element elementor-element-5ae2823d elementor-widget elementor-widget-heading\" data-id=\"5ae2823d\" data-element_type=\"widget\" data-widget_type=\"heading.default\">\n\t\t\t\t<div class=\"elementor-widget-container\">\n\t\t\t\t\t<h2 class=\"elementor-heading-title elementor-size-default\">Felel\u0151ss\u00e9gkiz\u00e1r\u00e1s<\/h2>\t\t\t\t<\/div>\n\t\t\t\t<\/div>\n\t\t\t\t<div class=\"elementor-element elementor-element-446f55f0 elementor-widget-divider--view-line elementor-widget elementor-widget-divider\" data-id=\"446f55f0\" data-element_type=\"widget\" data-widget_type=\"divider.default\">\n\t\t\t\t<div class=\"elementor-widget-container\">\n\t\t\t\t\t\t\t<div class=\"elementor-divider\">\n\t\t\t<span class=\"elementor-divider-separator\">\n\t\t\t\t\t\t<\/span>\n\t\t<\/div>\n\t\t\t\t\t\t<\/div>\n\t\t\t\t<\/div>\n\t\t\t\t\t<\/div>\n\t\t<\/div>\n\t\t\t\t\t<\/div>\n\t\t<\/section>\n\t\t\t\t\t<\/div>\n\t\t<\/div>\n\t\t\t\t\t<\/div>\n\t\t<\/section>\n\t\t\t\t<section class=\"elementor-section elementor-top-section elementor-element elementor-element-3ad240e elementor-section-boxed elementor-section-height-default elementor-section-height-default\" data-id=\"3ad240e\" data-element_type=\"section\">\n\t\t\t\t\t\t<div class=\"elementor-container elementor-column-gap-default\">\n\t\t\t\t\t<div class=\"elementor-column elementor-col-100 elementor-top-column elementor-element elementor-element-5faea109\" data-id=\"5faea109\" data-element_type=\"column\">\n\t\t\t<div class=\"elementor-widget-wrap elementor-element-populated\">\n\t\t\t\t\t\t<div class=\"elementor-element elementor-element-1b205857 elementor-widget elementor-widget-text-editor\" data-id=\"1b205857\" data-element_type=\"widget\" data-widget_type=\"text-editor.default\">\n\t\t\t\t<div class=\"elementor-widget-container\">\n\t\t\t\t\t\t\t\t\t\n<h3 class=\"wp-block-heading\"><b>Felel\u0151ss\u00e9gkiz\u00e1r\u00e1s<\/b><\/h3>\n<p class=\"western\"><span style=\"font-family: sans-serif;\">Azzal, hogy szem\u00e9lyes \u00fcl\u00e9st foglal, vagy r\u00e9szt vesz egy esem\u00e9nyen Adrienn &amp; Haralddal, elismeri, hogy elolvasta, meg\u00e9rtette \u00e9s teljes m\u00e9rt\u00e9kben egyet\u00e9rtett az al\u00e1bbi felel\u0151ss\u00e9gkiz\u00e1r\u00e1ssal:\nAz Adrienn &amp; Haralddal vagy Adriennnel vagy Haralddal folytatott z\u00e1rtk\u00f6r\u0171 foglalkoz\u00e1s NEM helyettes\u00edti a szem\u00e9lyes, szakk\u00e9pzett orvosi, pszichol\u00f3giai, pszichi\u00e1triai vagy jogi tan\u00e1csad\u00e1st, diagn\u00f3zist vagy kezel\u00e9st.\nSem Adrienn, sem Harald nem orvos vagy pszichoterapeuta. Adrienn &amp; Harald nem diagnosztiz\u00e1l, nem gy\u00f3gy\u00edt, nem gy\u00f3gy\u00edt vagy kezel betegs\u00e9geket vagy pszichol\u00f3giai \u00e1llapotokat, \u00e9s nem \u00edr fel m\u00e1s m\u00f3don semmilyen gy\u00f3gyszert. Ha \u00fagy gondolja, hogy eg\u00e9szs\u00e9g\u00fcgyi vagy pszichol\u00f3giai rendelleness\u00e9gben vagy \u00e1llapotban szenved, azonnal forduljon orvos\u00e1hoz vagy m\u00e1s, megfelel\u0151en k\u00e9pzett szakemberhez vagy szolg\u00e1lathoz. Felk\u00e9rj\u00fck, hogy konzult\u00e1ljon orvos\u00e1val \u00e9s\/vagy terapeut\u00e1j\u00e1val az Adrienn Freunddal \u00e9s\/vagy Harald Freunddal folytatott szem\u00e9lyes \u00fcl\u00e9sekr\u0151l, tal\u00e1lkoz\u00f3kr\u00f3l vagy elvonul\u00e1sokr\u00f3l, hogy megalapozott \u00e9s t\u00e1j\u00e9kozott d\u00f6nt\u00e9st hozhasson arr\u00f3l, hogy megfelel\u0151-e az \u00d6n sz\u00e1m\u00e1ra. HA \u00d6NGYILKOSS\u00c1GOT fontolgat, VAGY \u00c9RZI, HOGY VESZ\u00c9LYES LEHET MAG\u00c1RA VAGY M\u00c1SOKRA, K\u00c9RJ\u00dcK, AZONNAL \u00c9RTES\u00cdTS\u00dcK A REND\u0150RS\u00c9GET, VAGY FELJ\u00dcK FEL A HELYI S\u00fcrg\u0151ss\u00e9gi ORVOSI SZOLG\u00c1LTAT\u00c1ST. Soha, soha ne hagyja figyelmen k\u00edv\u00fcl a szakmai tan\u00e1csokat, \u00e9s ne k\u00e9sleltesse a szakmai tan\u00e1csok k\u00e9r\u00e9s\u00e9t az ezen az oldalon olvasott vagy Adrienn \u00e9s\/vagy Harald \u00e1ltal elmondottak vagy \u00edr\u00e1sok miatt. Adrienn \u00e9s Harald nem v\u00e1llal felel\u0151ss\u00e9get a k\u00f6vetel\u00e9sek\u00e9rt vagy a k\u00e1rok\u00e9rt, \u00e9s kifejezetten elh\u00e1r\u00edt mindennem\u0171 felel\u0151ss\u00e9get a szem\u00e9lyes tal\u00e1lkoz\u00e1saik, tal\u00e1lkoz\u00f3ik vagy elvonul\u00e1saik eredm\u00e9nyek\u00e9nt v\u00e9grehajtott cselekedetek\u00e9rt vagy nem cselekv\u00e9sek\u00e9rt. A \u201etan\u00e1csad\u00e1s\u201d vagy \u201ekonzult\u00e1ci\u00f3\u201d sz\u00f3 itt nem orvosi kifejez\u00e9sk\u00e9nt haszn\u00e1latos, hanem egyszer\u0171en egy elm\u00e9ly\u00fclt, \u0151szinte, felfedez\u0151 jelleg\u0171, priv\u00e1t \u00e9s bizalmas besz\u00e9lget\u00e9st \u00edr le. Az Adriennnel \u00e9s\/vagy Haralddal folytatott foglalkoz\u00e1sok ink\u00e1bb \u201espiritu\u00e1lisnak\u201d tekinthet\u0151k, mint ter\u00e1pi\u00e1snak vagy el\u0151\u00edr\u00f3 jelleg\u0171nek. A szem\u00e9lyes foglalkoz\u00e1sok, tal\u00e1lkoz\u00f3k vagy elvonul\u00e1sok c\u00e9lja, hogy t\u00e1j\u00e9koztat\u00e1st \u00e9s oktat\u00e1st ny\u00fajtson az \u00d6n sz\u00e1m\u00e1ra, \u00e9s t\u00e1j\u00e9koztat\u00e1st, t\u00e1mogat\u00e1st \u00e9s b\u00e1tor\u00edt\u00e1st ny\u00fajtson azon inform\u00e1ci\u00f3k alapj\u00e1n, amelyeket \u00d6n Adriennnel \u00e9s\/vagy Haralddal megoszt. \u00d6n teljes m\u00e9rt\u00e9kben \u00e9s kiz\u00e1r\u00f3lagosan felel\u0151s minden olyan inform\u00e1ci\u00f3\u00e9rt, amelyet Adriennnek \u00e9s\/vagy Haraldnak ad \u00e1t, Adrienn \u00e9s Harald szavainak \u00e9s cselekedeteinek \u00e9rtelmez\u00e9s\u00e9\u00e9rt, valamint minden olyan cselekedet\u00e9rt, amely az Adriennnel \u00e9s\/vagy Haralddal val\u00f3 tal\u00e1lkoz\u00e1sb\u00f3l sz\u00e1rmazik vagy azzal kapcsolatos. Adrienn \u00e9s Harald nem szavatol semmilyen konkr\u00e9t eredm\u00e9nyt vagy eredm\u00e9nyt a foglalkoz\u00e1sodb\u00f3l, tal\u00e1lkoz\u00f3db\u00f3l vagy elvonul\u00e1sodb\u00f3l, vagy a vel\u00fck val\u00f3 egy\u00e9b tal\u00e1lkoz\u00e1sb\u00f3l, \u00e9s nem \u00e1ll\u00edtanak \u00e1ll\u00edt\u00e1st a foglalkoz\u00e1sok hat\u00e9konys\u00e1g\u00e1ra vonatkoz\u00f3an. Az Adrienn \u00e9s Harald szolg\u00e1ltat\u00e1sainak haszn\u00e1lata teljes m\u00e9rt\u00e9kben az \u00d6n saj\u00e1t felel\u0151ss\u00e9g\u00e9re t\u00f6rt\u00e9nik, b\u00e1rmilyen kifejezett vagy hallgat\u00f3lagos garancia n\u00e9lk\u00fcl, bele\u00e9rtve korl\u00e1toz\u00e1s n\u00e9lk\u00fcl az adott inform\u00e1ci\u00f3kra, tan\u00e1csokra vagy v\u00e9lem\u00e9nyekre vonatkoz\u00f3 garanci\u00e1t. A szolg\u00e1ltat\u00e1sokat az \u00d6n saj\u00e1t d\u00f6nt\u00e9se alapj\u00e1n \u00e9s az \u00d6n egyedi felel\u0151ss\u00e9ge mellett k\u00e9ri.<\/span> <span style=\"font-family: sans-serif;\">with <\/span><span style=\"font-family: sans-serif;\">Adrienn &amp; Harald<\/span><span style=\"font-family: sans-serif;\">, you <\/span><span style=\"font-family: sans-serif;\">acknowledge that you have read, comprehended and fully agreed with the following <\/span><span style=\"font-family: sans-serif;\">disclaimer:<\/span><br \/><span style=\"font-family: sans-serif;\">A private session with <\/span><span style=\"font-family: sans-serif;\">Adrienn &amp; Harald, or Adrienn or Harald<\/span> <span style=\"font-family: sans-serif;\">is NOT a replacement for or<\/span> <span style=\"font-family: sans-serif;\">substitute to face-to-face, in-person, qualified medical, psychological, psychiatric or legal advice, diagnosis or treatment.<\/span><br \/><span style=\"font-family: sans-serif;\">Neither Adrienn nor Harald<\/span> <span style=\"font-family: sans-serif;\">is a medical doctor <\/span><span style=\"font-family: sans-serif;\">or<\/span><span style=\"font-family: sans-serif;\"> a licensed psychotherapist. <\/span><span style=\"font-family: sans-serif;\">Adrienn &amp; Harald<\/span> <span style=\"font-family: sans-serif;\">do not diagnose, cure, heal, or treat disease or psychological<\/span> <span style=\"font-family: sans-serif;\">conditions or otherwise prescribe any kind of medication whatsoever. If you think you are suffering from a medical or psychological disorder or condition, please consult your doctor or other appropriately qualified professional person or service immediately. You are invited to consult your doctor and\/or therapist about one-to-ones sessions, meetings or retreats with <\/span><span style=\"font-family: sans-serif;\">Adrienn Freund and or Harald Freund<\/span> <span style=\"font-family: sans-serif;\">in order to make an educated and informed decision as to whether or not they are right for you.<\/span> <span style=\"font-family: sans-serif;\">IF YOU ARE CONSIDERING OR CONTEMPLATING SUICIDE OR FEEL THAT YOU MAY BE A DANGER TO YOURSELF OR OTHERS, PLEASE NOTIFY THE POLICE OR CONTACT YOUR LOCAL EMERGENCY MEDICAL SERVICES IMMEDIATELY. Never, ever disregard professional advice or delay seeking professional advice as a result of something you have read on this site or from anything that <\/span><span style=\"font-family: sans-serif;\">Adrienn and\/or Harald<\/span> <span style=\"font-family: sans-serif;\">says or writes to you. <\/span><span style=\"font-family: sans-serif;\">Adrienn and Harald<\/span> <span style=\"font-family: sans-serif;\">shall not be liable for claims or damages, and expressly disclaims any and all liability of any nature, for any action, or non-action, taken as a result of <\/span><span style=\"font-family: sans-serif;\">their<\/span><span style=\"font-family: sans-serif;\"> one-to-one sessions, meetings or retreats. The word <\/span>\u201c<span style=\"font-family: sans-serif;\">counselling\u201d or &#8220;consultation&#8221; here is not used as a medical term, but simply describes an in-depth, honest, exploratory, private and confidential conversation. Sessions with <\/span><span style=\"font-family: sans-serif;\">Adrienn and\/or Harald<\/span> <span style=\"font-family: sans-serif;\">may be considered \u201cspiritual\u201d in<\/span> <span style=\"font-family: sans-serif;\">nature rather then therapeutic or prescriptive. A one-to-one session, meeting or retreat is intended and designed to be informational and educational for you, and provide information, support and encouragement based on information what you choose to share<\/span> <span style=\"font-family: sans-serif;\">with <\/span><span style=\"font-family: sans-serif;\">Adrienn and\/or Harald<\/span><span style=\"font-family: sans-serif;\">.<\/span> <span style=\"font-family: sans-serif;\">You are fully and solely responsible for all information that you provide to <\/span><span style=\"font-family: sans-serif;\">Adrienn and\/or Harald<\/span><span style=\"font-family: sans-serif;\">, for your interpretation of <\/span><span style=\"font-family: sans-serif;\">Adrienn and Harald\u2019s<\/span><span style=\"font-family: sans-serif;\"> words and actions, and for all actions resulting from or relating to your encounter with <\/span><span style=\"font-family: sans-serif;\">Adrienn and\/or Harald<\/span><span style=\"font-family: sans-serif;\">. <\/span><span style=\"font-family: sans-serif;\">Adrienn and Harald do<\/span><span style=\"font-family: sans-serif;\"> not guarantee or warrant any particular outcome or result from your session, meeting or retreat, or other kind of encounter with <\/span><span style=\"font-family: sans-serif;\">them<\/span><span style=\"font-family: sans-serif;\">, and make no claims as to the effectiveness of the sessions. Using <\/span><span style=\"font-family: sans-serif;\">Adrienn and Harald\u2019s <\/span><span style=\"font-family: sans-serif;\">services is entirely at your own risk without warranty of any kind, either expressed or implied, including without limitation any warranty for information given, advice, or opinion. The services are requested by your own choice and with your inherent singular responsibility. <\/span><\/p>\n\t\t\t\t\t\t\t\t<\/div>\n\t\t\t\t<\/div>\n\t\t\t\t\t<\/div>\n\t\t<\/div>\n\t\t\t\t\t<\/div>\n\t\t<\/section>\n\t\t\t\t<section class=\"elementor-section elementor-top-section elementor-element elementor-element-4a779cbb elementor-section-boxed elementor-section-height-default elementor-section-height-default\" data-id=\"4a779cbb\" data-element_type=\"section\" data-settings=\"{&quot;background_background&quot;:&quot;classic&quot;}\">\n\t\t\t\t\t\t<div class=\"elementor-container elementor-column-gap-no\">\n\t\t\t\t\t<div class=\"elementor-column elementor-col-100 elementor-top-column elementor-element elementor-element-35e90ed9\" data-id=\"35e90ed9\" data-element_type=\"column\">\n\t\t\t<div class=\"elementor-widget-wrap\">\n\t\t\t\t\t\t\t<\/div>\n\t\t<\/div>\n\t\t\t\t\t<\/div>\n\t\t<\/section>\n\t\t\t\t<\/div>","protected":false},"excerpt":{"rendered":"<p>Disclaimer Disclaimer By booking a one-to-one session or participating in an event with Adrienn &amp; Harald, you acknowledge that you have read, comprehended and fully agreed with the following disclaimer:A private session with Adrienn &amp; Harald, or Adrienn or Harald is NOT a replacement for or substitute to face-to-face, in-person, qualified medical, psychological, psychiatric or [&hellip;]<\/p>","protected":false},"author":1,"featured_media":0,"parent":0,"menu_order":0,"comment_status":"closed","ping_status":"closed","template":"elementor_header_footer","meta":{"footnotes":""},"class_list":["post-8806","page","type-page","status-publish","hentry","wpbf-post"],"_links":{"self":[{"href":"https:\/\/adriennharald.com\/hu\/wp-json\/wp\/v2\/pages\/8806","targetHints":{"allow":["GET"]}}],"collection":[{"href":"https:\/\/adriennharald.com\/hu\/wp-json\/wp\/v2\/pages"}],"about":[{"href":"https:\/\/adriennharald.com\/hu\/wp-json\/wp\/v2\/types\/page"}],"author":[{"embeddable":true,"href":"https:\/\/adriennharald.com\/hu\/wp-json\/wp\/v2\/users\/1"}],"replies":[{"embeddable":true,"href":"https:\/\/adriennharald.com\/hu\/wp-json\/wp\/v2\/comments?post=8806"}],"version-history":[{"count":10,"href":"https:\/\/adriennharald.com\/hu\/wp-json\/wp\/v2\/pages\/8806\/revisions"}],"predecessor-version":[{"id":8818,"href":"https:\/\/adriennharald.com\/hu\/wp-json\/wp\/v2\/pages\/8806\/revisions\/8818"}],"wp:attachment":[{"href":"https:\/\/adriennharald.com\/hu\/wp-json\/wp\/v2\/media?parent=8806"}],"curies":[{"name":"wp","href":"https:\/\/api.w.org\/{rel}","templated":true}]}}