{"id":8777,"date":"2024-01-08T10:52:28","date_gmt":"2024-01-08T09:52:28","guid":{"rendered":"https:\/\/adriennharald.com\/contact-copy\/"},"modified":"2024-01-08T14:29:54","modified_gmt":"2024-01-08T13:29:54","slug":"references","status":"publish","type":"page","link":"https:\/\/adriennharald.com\/hu\/references\/","title":{"rendered":"references"},"content":{"rendered":"<div data-elementor-type=\"wp-post\" data-elementor-id=\"8777\" class=\"elementor elementor-8777\" data-elementor-post-type=\"page\">\n\t\t\t\t\t\t<section class=\"elementor-section elementor-top-section elementor-element elementor-element-cff866a elementor-section-full_width elementor-section-height-default elementor-section-height-default\" data-id=\"cff866a\" data-element_type=\"section\" data-settings=\"{&quot;background_background&quot;:&quot;classic&quot;}\">\n\t\t\t\t\t\t\t<div class=\"elementor-background-overlay\"><\/div>\n\t\t\t\t\t\t\t<div class=\"elementor-container elementor-column-gap-no\">\n\t\t\t\t\t<div class=\"elementor-column elementor-col-100 elementor-top-column elementor-element elementor-element-eee1231\" data-id=\"eee1231\" data-element_type=\"column\">\n\t\t\t<div class=\"elementor-widget-wrap elementor-element-populated\">\n\t\t\t\t\t\t<section class=\"elementor-section elementor-inner-section elementor-element elementor-element-47f0604 elementor-section-boxed elementor-section-height-default elementor-section-height-default\" data-id=\"47f0604\" data-element_type=\"section\">\n\t\t\t\t\t\t<div class=\"elementor-container elementor-column-gap-default\">\n\t\t\t\t\t<div class=\"elementor-column elementor-col-100 elementor-inner-column elementor-element elementor-element-2a16d88\" data-id=\"2a16d88\" data-element_type=\"column\">\n\t\t\t<div class=\"elementor-widget-wrap elementor-element-populated\">\n\t\t\t\t\t\t<div class=\"elementor-element elementor-element-a4baba3 elementor-widget elementor-widget-heading\" data-id=\"a4baba3\" data-element_type=\"widget\" data-widget_type=\"heading.default\">\n\t\t\t\t<div class=\"elementor-widget-container\">\n\t\t\t\t\t<h2 class=\"elementor-heading-title elementor-size-default\">References<\/h2>\t\t\t\t<\/div>\n\t\t\t\t<\/div>\n\t\t\t\t<div class=\"elementor-element elementor-element-94d4010 elementor-widget-divider--view-line elementor-widget elementor-widget-divider\" data-id=\"94d4010\" data-element_type=\"widget\" data-widget_type=\"divider.default\">\n\t\t\t\t<div class=\"elementor-widget-container\">\n\t\t\t\t\t\t\t<div class=\"elementor-divider\">\n\t\t\t<span class=\"elementor-divider-separator\">\n\t\t\t\t\t\t<\/span>\n\t\t<\/div>\n\t\t\t\t\t\t<\/div>\n\t\t\t\t<\/div>\n\t\t\t\t\t<\/div>\n\t\t<\/div>\n\t\t\t\t\t<\/div>\n\t\t<\/section>\n\t\t\t\t\t<\/div>\n\t\t<\/div>\n\t\t\t\t\t<\/div>\n\t\t<\/section>\n\t\t\t\t<section class=\"elementor-section elementor-top-section elementor-element elementor-element-404c8edb elementor-section-boxed elementor-section-height-default elementor-section-height-default\" data-id=\"404c8edb\" data-element_type=\"section\" data-settings=\"{&quot;background_background&quot;:&quot;classic&quot;}\">\n\t\t\t\t\t\t\t<div class=\"elementor-background-overlay\"><\/div>\n\t\t\t\t\t\t\t<div class=\"elementor-container elementor-column-gap-default\">\n\t\t\t\t\t<div class=\"elementor-column elementor-col-100 elementor-top-column elementor-element elementor-element-4b86328f\" data-id=\"4b86328f\" data-element_type=\"column\">\n\t\t\t<div class=\"elementor-widget-wrap elementor-element-populated\">\n\t\t\t\t\t\t<div class=\"elementor-element elementor-element-204fbb71 elementor-widget elementor-widget-heading\" data-id=\"204fbb71\" data-element_type=\"widget\" data-widget_type=\"heading.default\">\n\t\t\t\t<div class=\"elementor-widget-container\">\n\t\t\t\t\t<h3 class=\"elementor-heading-title elementor-size-default\">Non-Duality<\/h3>\t\t\t\t<\/div>\n\t\t\t\t<\/div>\n\t\t\t\t<div class=\"elementor-element elementor-element-706b758b elementor-widget elementor-widget-text-editor\" data-id=\"706b758b\" data-element_type=\"widget\" data-widget_type=\"text-editor.default\">\n\t\t\t\t<div class=\"elementor-widget-container\">\n\t\t\t\t\t\t\t\t\t<p><strong>\u00a0<\/strong><\/p><h4><span lang=\"en-GB\"><a href=\"https:\/\/gangaji.org\/\">GANGAJI<\/a> | Spiritual Teacher<\/span><\/h4><h4><a href=\"https:\/\/leela.org\/\">ELI JAXON-BEAR<\/a> | Satsang &amp; Enneagram teacher<\/h4><h4><a href=\"https:\/\/www.inmeditas.com\/padma-wolff\/\">PADMA &amp; TORSTEN INMEDITAS<\/a> | Satsang teachers &amp; Psychologists<\/h4><h4><a href=\"https:\/\/www.lisacairns.com\/\">LISA CAIRNS<\/a> | Non-duality Teacher<\/h4><h4><a href=\"https:\/\/www.die-to-love.com\/\">UNMANI<\/a> | Non-duality Teacher<\/h4><h4><a href=\"https:\/\/www.satyaa-pari.com\/\">SATYAA &amp; PARI<\/a> | Mantra Singers &amp; Satsang<\/h4><h4><a href=\"https:\/\/adyashanti.opengatesangha.org\/\">ADYASHANTI<\/a> |Spiritual Teacher \/ Nonduality<\/h4><h4><a href=\"https:\/\/eckharttolle.com\/\">ECKHART TOLLE<\/a> | Spiritual Teacher<\/h4><h4><a href=\"https:\/\/www.lifewithoutacentre.com\/\">JEFF FOSTER<\/a> | Spiritual Teacher, Author<\/h4><h4><a href=\"https:\/\/simplyalwaysawake.com\/\">Dr ANGELO DILULLO<\/a> |Simply Always Awake Teacher<\/h4>\t\t\t\t\t\t\t\t<\/div>\n\t\t\t\t<\/div>\n\t\t\t\t\t<\/div>\n\t\t<\/div>\n\t\t\t\t\t<\/div>\n\t\t<\/section>\n\t\t\t\t<section class=\"elementor-section elementor-top-section elementor-element elementor-element-33d6adc elementor-section-boxed elementor-section-height-default elementor-section-height-default\" data-id=\"33d6adc\" data-element_type=\"section\" data-settings=\"{&quot;background_background&quot;:&quot;classic&quot;}\">\n\t\t\t\t\t\t\t<div class=\"elementor-background-overlay\"><\/div>\n\t\t\t\t\t\t\t<div class=\"elementor-container elementor-column-gap-default\">\n\t\t\t\t\t<div class=\"elementor-column elementor-col-100 elementor-top-column elementor-element elementor-element-fa722a4\" data-id=\"fa722a4\" data-element_type=\"column\">\n\t\t\t<div class=\"elementor-widget-wrap elementor-element-populated\">\n\t\t\t\t\t\t<div class=\"elementor-element elementor-element-ab6c816 elementor-widget elementor-widget-heading\" data-id=\"ab6c816\" data-element_type=\"widget\" data-widget_type=\"heading.default\">\n\t\t\t\t<div class=\"elementor-widget-container\">\n\t\t\t\t\t<h3 class=\"elementor-heading-title elementor-size-default\">Western Therapy<\/h3>\t\t\t\t<\/div>\n\t\t\t\t<\/div>\n\t\t\t\t<div class=\"elementor-element elementor-element-d195783 elementor-widget elementor-widget-text-editor\" data-id=\"d195783\" data-element_type=\"widget\" data-widget_type=\"text-editor.default\">\n\t\t\t\t<div class=\"elementor-widget-container\">\n\t\t\t\t\t\t\t\t\t<p><strong>\u00a0<\/strong><\/p><h4><a href=\"https:\/\/nondualtherapydirectory.com\/about-nondual-therapy\/\">NONDUAL THERAPISTS<\/a> | A reference page for different therapists who have a back ground in non duality.<\/h4><h4><a href=\"https:\/\/www.nicolaamadora.com\/about-dr-nicola-amadora-spiritual-teacher\/\">DR NICOLA AMADORA<\/a> |Psychologist &amp; Spiritual teacher<\/h4><h4><a href=\"https:\/\/www.lisaaromano.com\/\">LISA A ROMANO<\/a> | breakthrough life coach, healing from codependency<\/h4><h4><a href=\"https:\/\/crappychildhoodfairy.com\/\">THE CRAPPY CHILDHOOD FAIRY<\/a> | Coach for healing from CPTSD<\/h4><h4><a href=\"https:\/\/www.amazon.com\/Body-Keeps-Score-Healing-Trauma\/dp\/0143127748\">THE BODY KEEPS THE SCORE<\/a> | Bessel van der Kolk, Healing Trauma<\/h4><h4><a href=\"https:\/\/www.goodreads.com\/book\/show\/20556323-complex-ptsd\">COMPLEX PTSD<\/a> | PETE WALKER<\/h4><h4 class=\"font_7 wixui-rich-text__text\"><span class=\"wixui-rich-text__text\">PETER A. LEVINE | <\/span><span class=\"wixui-rich-text__text\"><a class=\"wixui-rich-text__text\" href=\"https:\/\/en.wikipedia.org\/wiki\/Waking_the_Tiger\" target=\"_blank\" rel=\"noreferrer noopener\"><span class=\"color_23 wixui-rich-text__text\">Waking the Tiger\u00a0<\/span><\/a><\/span><\/h4><h4 class=\"font_8 wixui-rich-text__text\"><span class=\"wixui-rich-text__text\"><a class=\"wixui-rich-text__text\" href=\"https:\/\/www.goodreads.com\/book\/show\/98399.Healing_the_Shame_that_Binds_You\" target=\"_blank\" rel=\"noreferrer noopener\"><span class=\"color_23 wixui-rich-text__text\">JOHN BRADSHAW| <\/span><\/a>Healing shame<\/span><\/h4><h4 class=\"font_8 wixui-rich-text__text\"><span class=\"wixui-rich-text__text\"><a class=\"wixui-rich-text__text\" href=\"https:\/\/www.verywellmind.com\/what-is-attachment-theory-2795337\" target=\"_blank\" rel=\"noreferrer noopener\"><span class=\"color_23 wixui-rich-text__text\">ATTACHMENT THEORY | <\/span><\/a>Very well mind<\/span><\/h4><h4 class=\"font_8 wixui-rich-text__text\"><span class=\"wixui-rich-text__text\"><a class=\"wixui-rich-text__text\" href=\"https:\/\/www.goodreads.com\/book\/show\/11974141-getting-past-your-past\" target=\"_blank\" rel=\"noreferrer noopener\"><span class=\"color_23 wixui-rich-text__text\">GETTING PAST YOUR PAST\u00a0<\/span><\/a>|\u00a0<\/span><span class=\"wixui-rich-text__text\">Francine Shapiro<\/span><\/h4><p class=\"font_8 wixui-rich-text__text\"><a class=\"wixui-rich-text__text\" href=\"https:\/\/www.goodreads.com\/book\/show\/45944616-slaying-your-fear\" target=\"_blank\" rel=\"noreferrer noopener\"><span class=\"color_23 wixui-rich-text__text\"><span class=\"wixui-rich-text__text\">SLAYING YOUR FEAR<\/span><\/span><\/a><span class=\"wixui-rich-text__text\"> |\u00a0<\/span><span class=\"wixui-rich-text__text\">Adam Smith<\/span><\/p><h4 class=\"font_8 wixui-rich-text__text\"><span class=\"wixui-rich-text__text\">TRANSFORMING THE LIVING LEGACY OF TRAUMA | <a class=\"wixui-rich-text__text\" href=\"https:\/\/www.amazon.co.uk\/Transforming-Living-Legacy-Trauma-Therapists\/dp\/1683733487\/ref=asc_df_1683733487\/?tag=googshopuk-21&amp;linkCode=df0&amp;hvadid=500798696358&amp;hvpos=&amp;hvnetw=g&amp;hvrand=1302566509993196082&amp;hvpone=&amp;hvptwo=&amp;hvqmt=&amp;hvdev=c&amp;hvdvcmdl=&amp;hvlocint=&amp;hvlocphy=2826&amp;hvtargid=pla-1018826804548&amp;psc=1&amp;th=1&amp;psc=1\" target=\"_blank\" rel=\"noreferrer noopener\"><span class=\"color_23 wixui-rich-text__text\">Janina Fisher<\/span><\/a>\u00a0<\/span><\/h4><h4 class=\"font_8 wixui-rich-text__text\"><span class=\"wixui-rich-text__text\"><a class=\"wixui-rich-text__text\" href=\"https:\/\/www.amazon.com\/Internal-Family-Systems-Therapy-Second\/dp\/1462541461\" target=\"_blank\" rel=\"noreferrer noopener\"><span class=\"color_23 wixui-rich-text__text\">NTERNAL FAMILY SYSTEMS THERAPY<\/span><\/a><\/span><span class=\"wixui-rich-text__text\"> |\u00a0<\/span><span class=\"wixui-rich-text__text\">Richard C. Schwartz<\/span><\/h4><h4 class=\"font_8 wixui-rich-text__text\">STOP WALKING ON EGGSHELLS <span class=\"wixui-rich-text__text\">| <\/span><a class=\"wixui-rich-text__text\" href=\"https:\/\/www.amazon.co.uk\/Stop-Walking-Eggshells-Borderline-Personality\/dp\/1572246901\" target=\"_blank\" rel=\"noreferrer noopener\"><span class=\"color_23 wixui-rich-text__text\"><span class=\"wixui-rich-text__text\">Paul T. Mason, Randi Kreger\u00a0<\/span><\/span><\/a><\/h4><h4 class=\"font_8 wixui-rich-text__text\"><a class=\"wixui-rich-text__text\" href=\"https:\/\/www.amazon.co.uk\/Emotional-Neglect-Adult-Therapy-Consequences\/dp\/0393714411\" target=\"_blank\" rel=\"noreferrer noopener\"><span class=\"color_23 wixui-rich-text__text\"><span class=\"wixui-rich-text__text\">EMOTIONAL NEGLECT AND THE ADULT IN THERAPY |\u00a0<\/span><\/span><\/a>Kathrin A. Stauffer<\/h4>\t\t\t\t\t\t\t\t<\/div>\n\t\t\t\t<\/div>\n\t\t\t\t\t<\/div>\n\t\t<\/div>\n\t\t\t\t\t<\/div>\n\t\t<\/section>\n\t\t\t\t<section class=\"elementor-section elementor-top-section elementor-element elementor-element-56f69d6 elementor-section-boxed elementor-section-height-default elementor-section-height-default\" data-id=\"56f69d6\" data-element_type=\"section\" data-settings=\"{&quot;background_background&quot;:&quot;classic&quot;}\">\n\t\t\t\t\t\t\t<div class=\"elementor-background-overlay\"><\/div>\n\t\t\t\t\t\t\t<div class=\"elementor-container elementor-column-gap-default\">\n\t\t\t\t\t<div class=\"elementor-column elementor-col-100 elementor-top-column elementor-element elementor-element-ed6e023\" data-id=\"ed6e023\" data-element_type=\"column\">\n\t\t\t<div class=\"elementor-widget-wrap elementor-element-populated\">\n\t\t\t\t\t\t<div class=\"elementor-element elementor-element-c88c3c5 elementor-widget elementor-widget-heading\" data-id=\"c88c3c5\" data-element_type=\"widget\" data-widget_type=\"heading.default\">\n\t\t\t\t<div class=\"elementor-widget-container\">\n\t\t\t\t\t<h3 class=\"elementor-heading-title elementor-size-default\">Other Work that may be helpful<\/h3>\t\t\t\t<\/div>\n\t\t\t\t<\/div>\n\t\t\t\t<div class=\"elementor-element elementor-element-be25992 elementor-widget elementor-widget-text-editor\" data-id=\"be25992\" data-element_type=\"widget\" data-widget_type=\"text-editor.default\">\n\t\t\t\t<div class=\"elementor-widget-container\">\n\t\t\t\t\t\t\t\t\t<p><strong>&nbsp;<\/strong><\/p>\n<h4><a href=\"https:\/\/leela.org\/shop-all\/from-fixation-to-freedom-the-enneagram-of-liberation-2-2\/\">FROM FIXATION TO FREEDOM, THE ENNEAGRAM OF LIBERATION<\/a> | ELI JAXON-BEAR<\/h4>\n<p>HELEN PALMER | <a href=\"https:\/\/www.goodreads.com\/en\/book\/show\/311055\">ENNEAGRAM<\/a><\/p>\n<h4 class=\"font_8 wixui-rich-text__text\"><span class=\"color_29 wixui-rich-text__text\">ANODEA JUDITH |<\/span> <a class=\"wixui-rich-text__text\" href=\"https:\/\/www.goodreads.com\/book\/show\/1323334.The_Chakra_System\" target=\"_blank\" rel=\"noopener\"><span class=\"color_23 wixui-rich-text__text\"><span class=\"wixui-rich-text__text\">The Chakra System&nbsp;<\/span><\/span><\/a><\/h4>\n<h4><a href=\"https:\/\/www.kirtanandkundalini.com\/\">KUNDALINI YOGA<\/a> | School of Snatam Kaur and Sopurkh Khalsa<\/h4>\n<h4><a href=\"https:\/\/www.sharonsalzberg.com\/\">SHARON SALZBERG<\/a> | mindfulness and lovingkindness meditation teacher since 1976<\/h4>\n<p><\/p>\t\t\t\t\t\t\t\t<\/div>\n\t\t\t\t<\/div>\n\t\t\t\t\t<\/div>\n\t\t<\/div>\n\t\t\t\t\t<\/div>\n\t\t<\/section>\n\t\t\t\t<section class=\"elementor-section elementor-top-section elementor-element elementor-element-06c6ff2 elementor-section-boxed elementor-section-height-default elementor-section-height-default\" data-id=\"06c6ff2\" data-element_type=\"section\" data-settings=\"{&quot;background_background&quot;:&quot;classic&quot;}\">\n\t\t\t\t\t\t<div class=\"elementor-container elementor-column-gap-default\">\n\t\t\t\t\t<div class=\"elementor-column elementor-col-100 elementor-top-column elementor-element elementor-element-2b30018\" data-id=\"2b30018\" data-element_type=\"column\" data-settings=\"{&quot;background_background&quot;:&quot;classic&quot;}\">\n\t\t\t<div class=\"elementor-widget-wrap\">\n\t\t\t\t\t\t\t<\/div>\n\t\t<\/div>\n\t\t\t\t\t<\/div>\n\t\t<\/section>\n\t\t\t\t<section class=\"elementor-section elementor-top-section elementor-element elementor-element-11c18db4 elementor-section-boxed elementor-section-height-default elementor-section-height-default\" data-id=\"11c18db4\" data-element_type=\"section\">\n\t\t\t\t\t\t<div class=\"elementor-container elementor-column-gap-default\">\n\t\t\t\t\t<div class=\"elementor-column elementor-col-33 elementor-top-column elementor-element elementor-element-8bc183f elementor-hidden-mobile\" data-id=\"8bc183f\" data-element_type=\"column\">\n\t\t\t<div class=\"elementor-widget-wrap elementor-element-populated\">\n\t\t\t\t\t\t<section class=\"elementor-section elementor-inner-section elementor-element elementor-element-50536ee elementor-section-boxed elementor-section-height-default elementor-section-height-default\" data-id=\"50536ee\" data-element_type=\"section\">\n\t\t\t\t\t\t<div class=\"elementor-container elementor-column-gap-default\">\n\t\t\t\t\t<div class=\"elementor-column elementor-col-100 elementor-inner-column elementor-element elementor-element-1a4f30f5\" data-id=\"1a4f30f5\" data-element_type=\"column\">\n\t\t\t<div class=\"elementor-widget-wrap\">\n\t\t\t\t\t\t\t<\/div>\n\t\t<\/div>\n\t\t\t\t\t<\/div>\n\t\t<\/section>\n\t\t\t\t\t<\/div>\n\t\t<\/div>\n\t\t\t\t<div class=\"elementor-column elementor-col-33 elementor-top-column elementor-element elementor-element-60eb3078\" data-id=\"60eb3078\" data-element_type=\"column\" data-settings=\"{&quot;background_background&quot;:&quot;classic&quot;}\">\n\t\t\t<div class=\"elementor-widget-wrap elementor-element-populated\">\n\t\t\t\t\t\t<div class=\"elementor-element elementor-element-369ecaa9 elementor-widget elementor-widget-template\" data-id=\"369ecaa9\" data-element_type=\"widget\" data-widget_type=\"template.default\">\n\t\t\t\t<div class=\"elementor-widget-container\">\n\t\t\t\t\t\t\t<div class=\"elementor-template\">\n\t\t\t\t\t<div data-elementor-type=\"section\" data-elementor-id=\"8649\" class=\"elementor elementor-8649\" data-elementor-post-type=\"elementor_library\">\n\t\t\t\t\t<section class=\"elementor-section elementor-top-section elementor-element elementor-element-edfdf7e elementor-section-boxed elementor-section-height-default elementor-section-height-default\" data-id=\"edfdf7e\" data-element_type=\"section\">\n\t\t\t\t\t\t<div class=\"elementor-container elementor-column-gap-default\">\n\t\t\t\t\t<div class=\"elementor-column elementor-col-100 elementor-top-column elementor-element elementor-element-5ebf4ae\" data-id=\"5ebf4ae\" data-element_type=\"column\">\n\t\t\t<div class=\"elementor-widget-wrap elementor-element-populated\">\n\t\t\t\t\t\t<div class=\"elementor-element elementor-element-2a9c652 elementor-button-align-center elementor-widget elementor-widget-form\" data-id=\"2a9c652\" data-element_type=\"widget\" data-settings=\"{&quot;step_next_label&quot;:&quot;Next&quot;,&quot;step_previous_label&quot;:&quot;Previous&quot;,&quot;step_type&quot;:&quot;number_text&quot;,&quot;step_icon_shape&quot;:&quot;circle&quot;}\" data-widget_type=\"form.default\">\n\t\t\t\t<div class=\"elementor-widget-container\">\n\t\t\t\t\t\t\t<form class=\"elementor-form\" method=\"post\" name=\"New Form\" action=\"\">\n\t\t\t<input type=\"hidden\" name=\"post_id\" value=\"8649\"\/>\n\t\t\t<input type=\"hidden\" name=\"form_id\" value=\"2a9c652\"\/>\n\t\t\t<input type=\"hidden\" name=\"referer_title\" value=\"\" \/>\n\n\t\t\t\n\t\t\t<div class=\"elementor-form-fields-wrapper elementor-labels-above\">\n\t\t\t\t\t\t\t\t<div class=\"elementor-field-type-html elementor-field-group elementor-column elementor-field-group-field_33fcec1 elementor-col-100\">\n\t\t\t\t\t<div style='text-align:center;'><h2 class=\"elementor-heading-title elementor-size-default\">T\u00f6ltsd le az ingyenes medit\u00e1ci\u00f3nkat \u00e9s csatlakozz a levelez\u00e9s\u00fcnkh\u00f6z<\/h2><br>\n<div class=\"elementor-widget-container\">\n\t\t\t\t\t\t\t<p>You\u2019ll also get our newsletter with insightful monthly tips.&nbsp;<\/p>\t\t\t\t\t\t<\/div><\/div>\t\t\t\t<\/div>\n\t\t\t\t\t\t\t\t<div class=\"elementor-field-type-text elementor-field-group elementor-column elementor-field-group-name elementor-col-100\">\n\t\t\t\t\t\t\t\t\t\t\t\t<label for=\"form-field-name\" class=\"elementor-field-label\">\n\t\t\t\t\t\t\t\tVezet\u00e9kn\u00e9v\t\t\t\t\t\t\t<\/label>\n\t\t\t\t\t\t\t\t\t\t\t\t\t\t<input size=\"1\" type=\"text\" name=\"form_fields[name]\" id=\"form-field-name\" class=\"elementor-field elementor-size-sm  elementor-field-textual\">\n\t\t\t\t\t\t\t\t\t\t\t<\/div>\n\t\t\t\t\t\t\t\t<div class=\"elementor-field-type-text elementor-field-group elementor-column elementor-field-group-field_61a9dbd elementor-col-100\">\n\t\t\t\t\t\t\t\t\t\t\t\t<label for=\"form-field-field_61a9dbd\" class=\"elementor-field-label\">\n\t\t\t\t\t\t\t\tKeresztn\u00e9v\t\t\t\t\t\t\t<\/label>\n\t\t\t\t\t\t\t\t\t\t\t\t\t\t<input size=\"1\" type=\"text\" name=\"form_fields[field_61a9dbd]\" id=\"form-field-field_61a9dbd\" class=\"elementor-field elementor-size-sm  elementor-field-textual\">\n\t\t\t\t\t\t\t\t\t\t\t<\/div>\n\t\t\t\t\t\t\t\t<div class=\"elementor-field-type-email elementor-field-group elementor-column elementor-field-group-email elementor-col-100 elementor-field-required\">\n\t\t\t\t\t\t\t\t\t\t\t\t<label for=\"form-field-email\" class=\"elementor-field-label\">\n\t\t\t\t\t\t\t\tEmail\t\t\t\t\t\t\t<\/label>\n\t\t\t\t\t\t\t\t\t\t\t\t\t\t<input size=\"1\" type=\"email\" name=\"form_fields[email]\" id=\"form-field-email\" class=\"elementor-field elementor-size-sm  elementor-field-textual\" placeholder=\"Please enter your email address\" required=\"required\" aria-required=\"true\">\n\t\t\t\t\t\t\t\t\t\t\t<\/div>\n\t\t\t\t\t\t\t\t<div class=\"elementor-field-type-html elementor-field-group elementor-column elementor-field-group-field_8dcb1d0 elementor-col-100\">\n\t\t\t\t\t<div style='margin-top:32px;'>This site is protected by reCAPTCHA and the Google <a href=\"https:\/\/policies.google.com\/privacy\">Adatv\u00e9delem<\/a> and <a href=\"https:\/\/policies.google.com\/terms\">Terms of Service<\/a> apply.<\/div>\t\t\t\t<\/div>\n\t\t\t\t\t\t\t\t<div class=\"elementor-field-type-recaptcha_v3 elementor-field-group elementor-column elementor-field-group-field_7738b46 elementor-col-100 recaptcha_v3-bottomright\">\n\t\t\t\t\t<div class=\"elementor-field\" id=\"form-field-field_7738b46\"><div class=\"elementor-g-recaptcha\" data-sitekey=\"6LfwLTQeAAAAAO_KJvg9PA67xrIw3Ua6701W-vAq\" data-type=\"v3\" data-action=\"Form\" data-badge=\"bottomright\" data-size=\"invisible\"><\/div><\/div>\t\t\t\t<\/div>\n\t\t\t\t\t\t\t\t<div class=\"elementor-field-group elementor-column elementor-field-type-submit elementor-col-100 e-form__buttons\">\n\t\t\t\t\t<button class=\"elementor-button elementor-size-sm\" type=\"submit\">\n\t\t\t\t\t\t<span class=\"elementor-button-content-wrapper\">\n\t\t\t\t\t\t\t\t\t\t\t\t\t\t\t\t\t\t\t\t\t\t<span class=\"elementor-button-text\">Join<\/span>\n\t\t\t\t\t\t\t\t\t\t\t\t\t<\/span>\n\t\t\t\t\t<\/button>\n\t\t\t\t<\/div>\n\t\t\t<\/div>\n\t\t<input type=\"hidden\" name=\"trp-form-language\" value=\"hu\"\/><\/form>\n\t\t\t\t\t\t<\/div>\n\t\t\t\t<\/div>\n\t\t\t\t\t<\/div>\n\t\t<\/div>\n\t\t\t\t\t<\/div>\n\t\t<\/section>\n\t\t\t\t<\/div>\n\t\t\t\t<\/div>\n\t\t\t\t\t\t<\/div>\n\t\t\t\t<\/div>\n\t\t\t\t\t<\/div>\n\t\t<\/div>\n\t\t\t\t<div class=\"elementor-column elementor-col-33 elementor-top-column elementor-element elementor-element-4527a397 elementor-hidden-mobile\" data-id=\"4527a397\" data-element_type=\"column\">\n\t\t\t<div class=\"elementor-widget-wrap\">\n\t\t\t\t\t\t\t<\/div>\n\t\t<\/div>\n\t\t\t\t\t<\/div>\n\t\t<\/section>\n\t\t\t\t<section class=\"elementor-section elementor-top-section elementor-element elementor-element-2056d6b elementor-section-boxed elementor-section-height-default elementor-section-height-default\" data-id=\"2056d6b\" data-element_type=\"section\" data-settings=\"{&quot;background_background&quot;:&quot;classic&quot;}\">\n\t\t\t\t\t\t<div class=\"elementor-container elementor-column-gap-default\">\n\t\t\t\t\t<div class=\"elementor-column elementor-col-100 elementor-top-column elementor-element elementor-element-d06a759\" data-id=\"d06a759\" data-element_type=\"column\" data-settings=\"{&quot;background_background&quot;:&quot;classic&quot;}\">\n\t\t\t<div class=\"elementor-widget-wrap\">\n\t\t\t\t\t\t\t<\/div>\n\t\t<\/div>\n\t\t\t\t\t<\/div>\n\t\t<\/section>\n\t\t\t\t<\/div>","protected":false},"excerpt":{"rendered":"<p>References Non-Duality \u00a0 GANGAJI | Spiritual Teacher ELI JAXON-BEAR | Satsang &amp; Enneagram teacher PADMA &amp; TORSTEN INMEDITAS | Satsang teachers &amp; Psychologists LISA CAIRNS | Non-duality Teacher UNMANI | Non-duality Teacher SATYAA &amp; PARI | Mantra Singers &amp; Satsang ADYASHANTI |Spiritual Teacher \/ Nonduality ECKHART TOLLE | Spiritual Teacher JEFF FOSTER | Spiritual Teacher, [&hellip;]<\/p>","protected":false},"author":1,"featured_media":0,"parent":0,"menu_order":0,"comment_status":"closed","ping_status":"closed","template":"","meta":{"footnotes":""},"class_list":["post-8777","page","type-page","status-publish","hentry","wpbf-post"],"_links":{"self":[{"href":"https:\/\/adriennharald.com\/hu\/wp-json\/wp\/v2\/pages\/8777","targetHints":{"allow":["GET"]}}],"collection":[{"href":"https:\/\/adriennharald.com\/hu\/wp-json\/wp\/v2\/pages"}],"about":[{"href":"https:\/\/adriennharald.com\/hu\/wp-json\/wp\/v2\/types\/page"}],"author":[{"embeddable":true,"href":"https:\/\/adriennharald.com\/hu\/wp-json\/wp\/v2\/users\/1"}],"replies":[{"embeddable":true,"href":"https:\/\/adriennharald.com\/hu\/wp-json\/wp\/v2\/comments?post=8777"}],"version-history":[{"count":19,"href":"https:\/\/adriennharald.com\/hu\/wp-json\/wp\/v2\/pages\/8777\/revisions"}],"predecessor-version":[{"id":8805,"href":"https:\/\/adriennharald.com\/hu\/wp-json\/wp\/v2\/pages\/8777\/revisions\/8805"}],"wp:attachment":[{"href":"https:\/\/adriennharald.com\/hu\/wp-json\/wp\/v2\/media?parent=8777"}],"curies":[{"name":"wp","href":"https:\/\/api.w.org\/{rel}","templated":true}]}}