{"id":7927,"date":"2023-05-14T17:35:53","date_gmt":"2023-05-14T15:35:53","guid":{"rendered":"https:\/\/adriennharald.com\/online-public-meeting-copy\/"},"modified":"2026-01-17T21:15:05","modified_gmt":"2026-01-17T20:15:05","slug":"open-webinar","status":"publish","type":"page","link":"https:\/\/adriennharald.com\/hu\/open-webinar\/","title":{"rendered":"Open Webinar"},"content":{"rendered":"<div data-elementor-type=\"wp-page\" data-elementor-id=\"7927\" class=\"elementor elementor-7927\" data-elementor-post-type=\"page\">\n\t\t\t\t\t\t<section class=\"elementor-section elementor-top-section elementor-element elementor-element-2b54e309 elementor-section-full_width elementor-hidden-tablet elementor-hidden-phone elementor-section-height-default elementor-section-height-default\" data-id=\"2b54e309\" data-element_type=\"section\" data-settings=\"{&quot;background_background&quot;:&quot;classic&quot;}\">\n\t\t\t\t\t\t\t<div class=\"elementor-background-overlay\"><\/div>\n\t\t\t\t\t\t\t<div class=\"elementor-container elementor-column-gap-no\">\n\t\t\t\t\t<div class=\"elementor-column elementor-col-100 elementor-top-column elementor-element elementor-element-6c68c38b\" data-id=\"6c68c38b\" data-element_type=\"column\">\n\t\t\t<div class=\"elementor-widget-wrap elementor-element-populated\">\n\t\t\t\t\t\t<section class=\"elementor-section elementor-inner-section elementor-element elementor-element-4b027712 elementor-section-boxed elementor-section-height-default elementor-section-height-default\" data-id=\"4b027712\" data-element_type=\"section\">\n\t\t\t\t\t\t<div class=\"elementor-container elementor-column-gap-default\">\n\t\t\t\t\t<div class=\"elementor-column elementor-col-100 elementor-inner-column elementor-element elementor-element-4070b07d\" data-id=\"4070b07d\" data-element_type=\"column\">\n\t\t\t<div class=\"elementor-widget-wrap elementor-element-populated\">\n\t\t\t\t\t\t<div class=\"elementor-element elementor-element-37dbcfd9 elementor-widget elementor-widget-heading\" data-id=\"37dbcfd9\" data-element_type=\"widget\" data-widget_type=\"heading.default\">\n\t\t\t\t<div class=\"elementor-widget-container\">\n\t\t\t\t\t<span class=\"elementor-heading-title elementor-size-default\">Add meg magad a sz\u00edved h\u00edv\u00e1s\u00e1nak<\/span>\t\t\t\t<\/div>\n\t\t\t\t<\/div>\n\t\t\t\t<div class=\"elementor-element elementor-element-38c455c6 elementor-widget elementor-widget-heading\" data-id=\"38c455c6\" data-element_type=\"widget\" data-widget_type=\"heading.default\">\n\t\t\t\t<div class=\"elementor-widget-container\">\n\t\t\t\t\t<h2 class=\"elementor-heading-title elementor-size-default\">Online Szatszang<\/h2>\t\t\t\t<\/div>\n\t\t\t\t<\/div>\n\t\t\t\t<div class=\"elementor-element elementor-element-c27c71b elementor-widget-divider--view-line elementor-widget elementor-widget-divider\" data-id=\"c27c71b\" data-element_type=\"widget\" data-widget_type=\"divider.default\">\n\t\t\t\t<div class=\"elementor-widget-container\">\n\t\t\t\t\t\t\t<div class=\"elementor-divider\">\n\t\t\t<span class=\"elementor-divider-separator\">\n\t\t\t\t\t\t<\/span>\n\t\t<\/div>\n\t\t\t\t\t\t<\/div>\n\t\t\t\t<\/div>\n\t\t\t\t\t<\/div>\n\t\t<\/div>\n\t\t\t\t\t<\/div>\n\t\t<\/section>\n\t\t\t\t\t<\/div>\n\t\t<\/div>\n\t\t\t\t\t<\/div>\n\t\t<\/section>\n\t\t\t\t<section class=\"elementor-section elementor-top-section elementor-element elementor-element-1e406cd8 elementor-section-boxed elementor-section-height-default elementor-section-height-default\" data-id=\"1e406cd8\" data-element_type=\"section\" data-settings=\"{&quot;background_background&quot;:&quot;classic&quot;}\">\n\t\t\t\t\t\t<div class=\"elementor-container elementor-column-gap-default\">\n\t\t\t\t\t<div class=\"elementor-column elementor-col-50 elementor-top-column elementor-element elementor-element-8acad82\" data-id=\"8acad82\" data-element_type=\"column\">\n\t\t\t<div class=\"elementor-widget-wrap elementor-element-populated\">\n\t\t\t\t\t\t<div class=\"elementor-element elementor-element-ecfa9d6 elementor-widget elementor-widget-text-editor\" data-id=\"ecfa9d6\" data-element_type=\"widget\" data-widget_type=\"text-editor.default\">\n\t\t\t\t<div class=\"elementor-widget-container\">\n\t\t\t\t\t\t\t\t\t<h2>Vas\u00e1rnapi online Szatszang Youtube \u00c9l\u0151vel<\/h2><h2>Vas\u00e1rnap 16.30-t\u00f3l<\/h2>\t\t\t\t\t\t\t\t<\/div>\n\t\t\t\t<\/div>\n\t\t\t\t<div class=\"elementor-element elementor-element-52d34e5 elementor-widget elementor-widget-text-editor\" data-id=\"52d34e5\" data-element_type=\"widget\" data-widget_type=\"text-editor.default\">\n\t\t\t\t<div class=\"elementor-widget-container\">\n\t\t\t\t\t\t\t\t\t<h5>A d\u00e1tumokat lentebb tal\u00e1lod<\/h5><p>Nyelv: Angol - Zoom-on \u00e9s n\u00e9ha Youtube \u00c9l\u0151ben<\/p>\t\t\t\t\t\t\t\t<\/div>\n\t\t\t\t<\/div>\n\t\t\t\t<div class=\"elementor-element elementor-element-99b0116 elementor-widget elementor-widget-text-editor\" data-id=\"99b0116\" data-element_type=\"widget\" data-widget_type=\"text-editor.default\">\n\t\t\t\t<div class=\"elementor-widget-container\">\n\t\t\t\t\t\t\t\t\t<h5>Ezeken <span style=\"font-weight: normal;\">a tal\u00e1lkoz\u00f3kon m\u00e9g m\u00e9lyebben \u00e1tadhatod magad a sz\u00edved v\u00e1gyakoz\u00e1s\u00e1nak \u00e9s az megmutatja neked az igaz term\u00e9szeted. Egyre ink\u00e1bb meg tudod adni magad \u00e9s megh\u00edvni a h\u00e9tk\u00f6znapi \u00e9leted kih\u00edv\u00e1sait. Megtanulsz m\u00e9g m\u00e9lyebben felel\u0151ss\u00e9get v\u00e1llalni, hogy igaz maradj \u00f6nmagadhoz b\u00e1rmi j\u00f6n \u00e9s megy az \u00e9letedben.<\/span><\/h5>\t\t\t\t\t\t\t\t<\/div>\n\t\t\t\t<\/div>\n\t\t\t\t\t<\/div>\n\t\t<\/div>\n\t\t\t\t<div class=\"elementor-column elementor-col-50 elementor-top-column elementor-element elementor-element-77efa803\" data-id=\"77efa803\" data-element_type=\"column\">\n\t\t\t<div class=\"elementor-widget-wrap elementor-element-populated\">\n\t\t\t\t\t\t<div class=\"elementor-element elementor-element-128807e elementor-widget elementor-widget-video\" data-id=\"128807e\" data-element_type=\"widget\" data-settings=\"{&quot;youtube_url&quot;:&quot;https:\\\/\\\/www.youtube.com\\\/watch?v=2qyzpUfJ1T0&quot;,&quot;show_image_overlay&quot;:&quot;yes&quot;,&quot;image_overlay&quot;:{&quot;url&quot;:&quot;https:\\\/\\\/adriennharald.com\\\/wp-content\\\/uploads\\\/2025\\\/11\\\/Enneagram-7.jpg&quot;,&quot;id&quot;:9370,&quot;size&quot;:&quot;&quot;,&quot;alt&quot;:&quot;&quot;,&quot;source&quot;:&quot;library&quot;},&quot;lightbox&quot;:&quot;yes&quot;,&quot;autoplay&quot;:&quot;yes&quot;,&quot;video_type&quot;:&quot;youtube&quot;,&quot;controls&quot;:&quot;yes&quot;}\" data-widget_type=\"video.default\">\n\t\t\t\t<div class=\"elementor-widget-container\">\n\t\t\t\t\t\t\t<div class=\"elementor-wrapper elementor-open-lightbox\">\n\t\t\t\t\t\t\t<div class=\"elementor-custom-embed-image-overlay\" data-elementor-open-lightbox=\"yes\" data-elementor-lightbox=\"{&quot;type&quot;:&quot;video&quot;,&quot;videoType&quot;:&quot;youtube&quot;,&quot;url&quot;:&quot;https:\\\/\\\/www.youtube.com\\\/embed\\\/2qyzpUfJ1T0?feature=oembed&amp;start&amp;end&amp;wmode=opaque&amp;loop=0&amp;controls=1&amp;mute=0&amp;rel=0&amp;modestbranding=0&amp;cc_load_policy=0&quot;,&quot;autoplay&quot;:&quot;yes&quot;,&quot;modalOptions&quot;:{&quot;id&quot;:&quot;elementor-lightbox-128807e&quot;,&quot;entranceAnimation&quot;:&quot;&quot;,&quot;entranceAnimation_tablet&quot;:&quot;&quot;,&quot;entranceAnimation_mobile&quot;:&quot;&quot;,&quot;videoAspectRatio&quot;:&quot;169&quot;}}\" data-e-action-hash=\"#elementor-action%3Aaction%3Dlightbox%26settings%3DeyJ0eXBlIjoidmlkZW8iLCJ2aWRlb1R5cGUiOiJ5b3V0dWJlIiwidXJsIjoiaHR0cHM6XC9cL3d3dy55b3V0dWJlLmNvbVwvZW1iZWRcLzJxeXpwVWZKMVQwP2ZlYXR1cmU9b2VtYmVkJnN0YXJ0JmVuZCZ3bW9kZT1vcGFxdWUmbG9vcD0wJmNvbnRyb2xzPTEmbXV0ZT0wJnJlbD0wJm1vZGVzdGJyYW5kaW5nPTAmY2NfbG9hZF9wb2xpY3k9MCIsImF1dG9wbGF5IjoieWVzIiwibW9kYWxPcHRpb25zIjp7ImlkIjoiZWxlbWVudG9yLWxpZ2h0Ym94LTEyODgwN2UiLCJlbnRyYW5jZUFuaW1hdGlvbiI6IiIsImVudHJhbmNlQW5pbWF0aW9uX3RhYmxldCI6IiIsImVudHJhbmNlQW5pbWF0aW9uX21vYmlsZSI6IiIsInZpZGVvQXNwZWN0UmF0aW8iOiIxNjkifX0%3D\">\n\t\t\t\t\t\t\t\t\t\t\t<img fetchpriority=\"high\" decoding=\"async\" width=\"1669\" height=\"846\" src=\"https:\/\/adriennharald.com\/wp-content\/uploads\/2025\/11\/Enneagram-7.jpg\" class=\"attachment-2048x2048 size-2048x2048 wp-image-9370\" alt=\"\" srcset=\"https:\/\/adriennharald.com\/wp-content\/uploads\/2025\/11\/Enneagram-7.jpg 1669w, https:\/\/adriennharald.com\/wp-content\/uploads\/2025\/11\/Enneagram-7-300x152.jpg 300w, https:\/\/adriennharald.com\/wp-content\/uploads\/2025\/11\/Enneagram-7-1024x519.jpg 1024w, https:\/\/adriennharald.com\/wp-content\/uploads\/2025\/11\/Enneagram-7-768x389.jpg 768w, https:\/\/adriennharald.com\/wp-content\/uploads\/2025\/11\/Enneagram-7-1536x779.jpg 1536w, https:\/\/adriennharald.com\/wp-content\/uploads\/2025\/11\/Enneagram-7-18x9.jpg 18w\" sizes=\"(max-width: 1669px) 100vw, 1669px\" \/>\t\t\t\t\t\t\t\t\t\t\t\t\t\t\t\t<div class=\"elementor-custom-embed-play\" role=\"button\" aria-label=\"Vide\u00f3 lej\u00e1tsz\u00e1sa\" tabindex=\"0\">\n\t\t\t\t\t\t\t<i aria-hidden=\"true\" class=\"eicon-play\"><\/i>\t\t\t\t\t\t<\/div>\n\t\t\t\t\t\t\t\t\t<\/div>\n\t\t\t\t\t<\/div>\n\t\t\t\t\t\t<\/div>\n\t\t\t\t<\/div>\n\t\t\t\t\t<\/div>\n\t\t<\/div>\n\t\t\t\t\t<\/div>\n\t\t<\/section>\n\t\t\t\t<section class=\"elementor-section elementor-top-section elementor-element elementor-element-f86291f elementor-section-boxed elementor-section-height-default elementor-section-height-default\" data-id=\"f86291f\" data-element_type=\"section\" data-settings=\"{&quot;background_background&quot;:&quot;classic&quot;}\">\n\t\t\t\t\t\t<div class=\"elementor-container elementor-column-gap-default\">\n\t\t\t\t\t<div class=\"elementor-column elementor-col-100 elementor-top-column elementor-element elementor-element-34989ae\" data-id=\"34989ae\" data-element_type=\"column\">\n\t\t\t<div class=\"elementor-widget-wrap elementor-element-populated\">\n\t\t\t\t\t\t<div class=\"elementor-element elementor-element-4b581b6 elementor-widget elementor-widget-text-editor\" data-id=\"4b581b6\" data-element_type=\"widget\" data-widget_type=\"text-editor.default\">\n\t\t\t\t<div class=\"elementor-widget-container\">\n\t\t\t\t\t\t\t\t\t<h5>\u00c1r: ingyenes, \u00e9s adom\u00e1nyozni is lehet<strong><br \/><\/strong><\/h5>\t\t\t\t\t\t\t\t<\/div>\n\t\t\t\t<\/div>\n\t\t\t\t<div class=\"elementor-element elementor-element-a2ccf2d elementor-widget elementor-widget-text-editor\" data-id=\"a2ccf2d\" data-element_type=\"widget\" data-widget_type=\"text-editor.default\">\n\t\t\t\t<div class=\"elementor-widget-container\">\n\t\t\t\t\t\t\t\t\t<p>Az adom\u00e1ny gombra kattintva ki tudod v\u00e1lasztani az adom\u00e1nyozni k\u00edv\u00e1nt \u00f6sszeget. K\u00f6sz\u00f6nj\u00fck. <\/p>\t\t\t\t\t\t\t\t<\/div>\n\t\t\t\t<\/div>\n\t\t\t\t<div class=\"elementor-element elementor-element-9dfe5ac elementor-tablet-align-center elementor-mobile-align-justify elementor-align-center elementor-widget elementor-widget-button\" data-id=\"9dfe5ac\" data-element_type=\"widget\" data-widget_type=\"button.default\">\n\t\t\t\t<div class=\"elementor-widget-container\">\n\t\t\t\t\t\t\t\t\t<div class=\"elementor-button-wrapper\">\n\t\t\t\t\t<a class=\"elementor-button elementor-button-link elementor-size-xs elementor-animation-grow\" href=\"https:\/\/www.paypal.com\/donate\/?hosted_button_id=EN3A2WC3DRX9N\">\n\t\t\t\t\t\t<span class=\"elementor-button-content-wrapper\">\n\t\t\t\t\t\t\t\t\t<span class=\"elementor-button-text\">adom\u00e1nyoz\u00e1s<\/span>\n\t\t\t\t\t<\/span>\n\t\t\t\t\t<\/a>\n\t\t\t\t<\/div>\n\t\t\t\t\t\t\t\t<\/div>\n\t\t\t\t<\/div>\n\t\t\t\t\t<\/div>\n\t\t<\/div>\n\t\t\t\t\t<\/div>\n\t\t<\/section>\n\t\t\t\t<section class=\"elementor-section elementor-top-section elementor-element elementor-element-74ed7bdc elementor-section-boxed elementor-section-height-default elementor-section-height-default\" data-id=\"74ed7bdc\" data-element_type=\"section\" data-settings=\"{&quot;background_background&quot;:&quot;classic&quot;}\">\n\t\t\t\t\t\t<div class=\"elementor-container elementor-column-gap-default\">\n\t\t\t\t\t<div class=\"elementor-column elementor-col-50 elementor-top-column elementor-element elementor-element-40c06b47\" data-id=\"40c06b47\" data-element_type=\"column\">\n\t\t\t<div class=\"elementor-widget-wrap elementor-element-populated\">\n\t\t\t\t\t\t<div class=\"elementor-element elementor-element-25ba3b0 elementor-widget elementor-widget-image\" data-id=\"25ba3b0\" data-element_type=\"widget\" data-widget_type=\"image.default\">\n\t\t\t\t<div class=\"elementor-widget-container\">\n\t\t\t\t\t\t\t\t\t\t\t\t\t\t\t<img decoding=\"async\" src=\"https:\/\/adriennharald.com\/wp-content\/uploads\/elementor\/thumbs\/zoom_final-p3qf6urxedxla170wtxrbgme0if02uc6mkj17sm5rs.jpg\" title=\"zoom_final\" alt=\"zoom_final\" loading=\"lazy\" \/>\t\t\t\t\t\t\t\t\t\t\t\t\t\t\t<\/div>\n\t\t\t\t<\/div>\n\t\t\t\t\t<\/div>\n\t\t<\/div>\n\t\t\t\t<div class=\"elementor-column elementor-col-50 elementor-top-column elementor-element elementor-element-5e3e5489\" data-id=\"5e3e5489\" data-element_type=\"column\">\n\t\t\t<div class=\"elementor-widget-wrap elementor-element-populated\">\n\t\t\t\t\t\t<div class=\"elementor-element elementor-element-69be47d elementor-widget elementor-widget-text-editor\" data-id=\"69be47d\" data-element_type=\"widget\" data-widget_type=\"text-editor.default\">\n\t\t\t\t<div class=\"elementor-widget-container\">\n\t\t\t\t\t\t\t\t\t<h5>Vas\u00e1rnap 16.30-t\u00f3l\u00a0<\/h5><h5>Ingyenes online szatszang Youtube \u00e9l\u0151vel vas\u00e1rnap<\/h5><h5>K\u00c9RD\u00c9SEKET TEHETSZ FEL ZOOM-ON \u00cdR\u00c1SBAN VAGY BESZ\u00c9DBEN.<strong> A ZOOM LINKHEZ REGISZTR\u00c1LJ LENTEBB.<br \/><\/strong><\/h5>\t\t\t\t\t\t\t\t<\/div>\n\t\t\t\t<\/div>\n\t\t\t\t<div class=\"elementor-element elementor-element-6fe23b9a elementor-tablet-align-center elementor-mobile-align-justify elementor-align-center elementor-widget elementor-widget-button\" data-id=\"6fe23b9a\" data-element_type=\"widget\" data-widget_type=\"button.default\">\n\t\t\t\t<div class=\"elementor-widget-container\">\n\t\t\t\t\t\t\t\t\t<div class=\"elementor-button-wrapper\">\n\t\t\t\t\t<a class=\"elementor-button elementor-button-link elementor-size-sm elementor-animation-grow\" href=\"https:\/\/app.acuityscheduling.com\/schedule.php?owner=22037586&#038;appointmentType=24570668\">\n\t\t\t\t\t\t<span class=\"elementor-button-content-wrapper\">\n\t\t\t\t\t\t\t\t\t<span class=\"elementor-button-text\">ITT REGISZTR\u00c1LJ, HOGY MEGKAPD A ZOOM LINKET<\/span>\n\t\t\t\t\t<\/span>\n\t\t\t\t\t<\/a>\n\t\t\t\t<\/div>\n\t\t\t\t\t\t\t\t<\/div>\n\t\t\t\t<\/div>\n\t\t\t\t\t<\/div>\n\t\t<\/div>\n\t\t\t\t\t<\/div>\n\t\t<\/section>\n\t\t\t\t<section class=\"elementor-section elementor-top-section elementor-element elementor-element-6356522 elementor-section-boxed elementor-section-height-default elementor-section-height-default\" data-id=\"6356522\" data-element_type=\"section\" data-settings=\"{&quot;background_background&quot;:&quot;classic&quot;}\">\n\t\t\t\t\t\t<div class=\"elementor-container elementor-column-gap-default\">\n\t\t\t\t\t<div class=\"elementor-column elementor-col-100 elementor-top-column elementor-element elementor-element-7ba88e2\" data-id=\"7ba88e2\" data-element_type=\"column\">\n\t\t\t<div class=\"elementor-widget-wrap elementor-element-populated\">\n\t\t\t\t\t\t<div class=\"elementor-element elementor-element-fd352b3 elementor-widget elementor-widget-text-editor\" data-id=\"fd352b3\" data-element_type=\"widget\" data-widget_type=\"text-editor.default\">\n\t\t\t\t<div class=\"elementor-widget-container\">\n\t\t\t\t\t\t\t\t\t<h5>Mire sz\u00e1m\u00edthatsz:<\/h5>\t\t\t\t\t\t\t\t<\/div>\n\t\t\t\t<\/div>\n\t\t\t\t<div class=\"elementor-element elementor-element-72dc4ed elementor-widget elementor-widget-text-editor\" data-id=\"72dc4ed\" data-element_type=\"widget\" data-widget_type=\"text-editor.default\">\n\t\t\t\t<div class=\"elementor-widget-container\">\n\t\t\t\t\t\t\t\t\t<div class=\"elementor-element elementor-element-6599890f elementor-widget elementor-widget-text-editor\" data-id=\"6599890f\" data-element_type=\"widget\" data-widget_type=\"text-editor.default\"><div class=\"elementor-widget-container\"><p>Ez a tal\u00e1lkoz\u00f3 k\u00f6r\u00fclbel\u00fcl 60 - 90  percig tart \u00e9s p\u00e1r perc csenddel kezd\u0151dik, majd Adrienn &amp; Harald besz\u00e9lnek az adott t\u00e9m\u00e1r\u00f3l \u00e9s fogadj\u00e1k a besz\u00e1mol\u00f3kat \u00e9s k\u00e9rd\u00e9seket a k\u00f6z\u00f6ss\u00e9g tagjait\u00f3l.<\/p><p>A tal\u00e1lkoz\u00f3 Zoom-on lesz. Amikor regisztr\u00e1lsz, a tal\u00e1lkoz\u00f3hoz a linket az email c\u00edmedre k\u00fcldj\u00fck.<\/p><p>Ha szeretn\u00e9l besz\u00e9lni Adriennel &amp; Haralddal k\u00e9rni fogj\u00e1k, hogy ny\u00fajstd fel a kezed. Majd eligaz\u00edt\u00e1st adunk arr\u00f3l, hogy ezt hogyan teheted meg ebben a virtu\u00e1lis t\u00e9rben. Adrienn &amp; Harald annyi k\u00e9rd\u00e9st fog fogadni, amennyit az id\u0151 enged. <\/p><\/div><\/div>\t\t\t\t\t\t\t\t<\/div>\n\t\t\t\t<\/div>\n\t\t\t\t<div class=\"elementor-element elementor-element-11461de elementor-widget elementor-widget-text-editor\" data-id=\"11461de\" data-element_type=\"widget\" data-widget_type=\"text-editor.default\">\n\t\t\t\t<div class=\"elementor-widget-container\">\n\t\t\t\t\t\t\t\t\t<h5 style=\"text-align: center;\">Tov\u00e1bbi tudnival\u00f3k az esem\u00e9nyr\u0151l:<\/h5>\t\t\t\t\t\t\t\t<\/div>\n\t\t\t\t<\/div>\n\t\t\t\t<div class=\"elementor-element elementor-element-341fea2 elementor-widget elementor-widget-text-editor\" data-id=\"341fea2\" data-element_type=\"widget\" data-widget_type=\"text-editor.default\">\n\t\t\t\t<div class=\"elementor-widget-container\">\n\t\t\t\t\t\t\t\t\t<div class=\"elementor-element elementor-element-6ab8664e animated-slow elementor-widget elementor-widget-text-editor\" data-id=\"6ab8664e\" data-element_type=\"widget\" data-settings=\"{\" data-widget_type=\"text-editor.default\"><div class=\"elementor-widget-container\"><h5><span style=\"text-decoration: underline;\">Bel\u00e9p\u00e9s a tal\u00e1lkoz\u00f3ra:<\/span><\/h5><p>Miut\u00e1n regisztr\u00e1lt\u00e1l, emailen fogod megkapni az egy\u00e9ni linket a bejelentkez\u00e9shez.<\/p><div><div role=\"tab\" data-tab=\"5\" aria-controls=\"elementor-tab-content-gf-5\">\u00a0<\/div><h5><span style=\"text-decoration: underline;\">Megjegyz\u00e9s a Bizalmass\u00e1gr\u00f3l \u00e9s a videofelv\u00e9telekr\u0151l:<\/span><\/h5><p>Mint manaps\u00e1g minden Zoom tal\u00e1lkoz\u00f3n ezen az online programon is l\u00e1that\u00f3 \u00e9s hallhat\u00f3 leszel Adrienn &amp; Harald \u00e9s a t\u00f6bbi r\u00e9sztvev\u0151 sz\u00e1m\u00e1ra. A tal\u00e1lkoz\u00f3r\u00f3l hang \u00e9s vide\u00f3felv\u00e9tel k\u00e9sz\u00fcl. Ezt a felv\u00e9telt Adrienn \u00e9s Harald felhaszn\u00e1lhatja arra, hogy DVD, Mp3 form\u00e1ban vagy az INTERNETEN megossza azt a tan\u00edt\u00e1suk terjeszt\u00e9s\u00e9hez. Ha ezzel kapcsolatban k\u00e9rd\u00e9sed vagy agg\u00e1lyod van, \u00edrj nek\u00fcnk: <a href=\"mailto:info@adriennharald.com\">info(at)adriennharald.com<\/a>.<\/p><\/div><h5><span style=\"text-decoration: underline;\">Technikai Felt\u00e9telek:<\/span><\/h5><ul><li><em>Eszk\u00f6z\u00f6k: <\/em>asztali g\u00e9p, laptop, tablet, vagy telefon<\/li><li><em>Internet kapcsolat:<\/em> minimum 5-10mbps let\u00f6lt\u00e9si sebess\u00e9g sz\u00fcks\u00e9ges. Ellen\u0151rizd az internet kapcsolatodat: <a href=\"https:\/\/www.speedtest.net\" target=\"_blank\" rel=\"noopener noreferrer\">www.speedtest.net.<\/a><\/li><li><em>Rendszer ig\u00e9nyek: <\/em>Mac OS X 10.7 vagy magasabb, Windows 7 vagy modernebb. iOS 7.0 vagy modernebb, Android 4.0 vagy modernebb.<\/li><li><em>Kamera \u00e9s Mikrofon:<\/em> a legjobb eredm\u00e9nyhez haszn\u00e1ld az eszk\u00f6z\u00f6d be\u00e9p\u00edtett webkamer\u00e1j\u00e1t \u00e9s audi\u00f3j\u00e1t. Csatlakoztass egy f\u00fclhallgat\u00f3t, hogy elker\u00fcld a visszhangz\u00e1st.<\/li><li><em>Zoom alkalmaz\u00e1s:<\/em> T\u00f6ltsd le a Zoom alkalmaz\u00e1st az eszk\u00f6z\u00f6dre itt: <a href=\"https:\/\/zoom.us\/support\/download\" target=\"_blank\" rel=\"noopener noreferrer\">let\u00f6lt\u00e9s ingyen<\/a><\/li><\/ul><\/div><\/div><div class=\"elementor-element elementor-element-f8a765b elementor-widget elementor-widget-menu-anchor\" data-id=\"f8a765b\" data-element_type=\"widget\" data-widget_type=\"menu-anchor.default\">\u00a0<\/div><div class=\"elementor-element elementor-element-922fbf9 animated-slow elementor-widget elementor-widget-text-editor\" data-id=\"922fbf9\" data-element_type=\"widget\" data-settings=\"{\" data-widget_type=\"text-editor.default\"><div class=\"elementor-widget-container\"><h5><span style=\"text-decoration: underline;\">Lemond\u00e1s:<\/span><\/h5><p>Az esem\u00e9nyre elk\u00fcld\u00f6tt adom\u00e1ny nem visszat\u00e9r\u00edthet\u0151.<\/p><\/div><\/div>\t\t\t\t\t\t\t\t<\/div>\n\t\t\t\t<\/div>\n\t\t\t\t\t<\/div>\n\t\t<\/div>\n\t\t\t\t\t<\/div>\n\t\t<\/section>\n\t\t\t\t<section class=\"elementor-section elementor-top-section elementor-element elementor-element-a3bb3c0 elementor-section-boxed elementor-section-height-default elementor-section-height-default\" data-id=\"a3bb3c0\" data-element_type=\"section\" data-settings=\"{&quot;background_background&quot;:&quot;classic&quot;}\">\n\t\t\t\t\t\t<div class=\"elementor-container elementor-column-gap-default\">\n\t\t\t\t\t<div class=\"elementor-column elementor-col-50 elementor-top-column elementor-element elementor-element-69f3573\" data-id=\"69f3573\" data-element_type=\"column\">\n\t\t\t<div class=\"elementor-widget-wrap elementor-element-populated\">\n\t\t\t\t\t\t<div class=\"elementor-element elementor-element-b0018fc elementor-widget elementor-widget-text-editor\" data-id=\"b0018fc\" data-element_type=\"widget\" data-widget_type=\"text-editor.default\">\n\t\t\t\t<div class=\"elementor-widget-container\">\n\t\t\t\t\t\t\t\t\t<h2>Az el\u0151z\u0151 \u00e9l\u0151 online tal\u00e1lkoz\u00f3k felv\u00e9tele:<\/h2>\t\t\t\t\t\t\t\t<\/div>\n\t\t\t\t<\/div>\n\t\t\t\t<div class=\"elementor-element elementor-element-aa3fe23 elementor-widget elementor-widget-text-editor\" data-id=\"aa3fe23\" data-element_type=\"widget\" data-widget_type=\"text-editor.default\">\n\t\t\t\t<div class=\"elementor-widget-container\">\n\t\t\t\t\t\t\t\t\t<h5>A mistake is an Opportunity to Practise Self-Compassion<\/h5>\t\t\t\t\t\t\t\t<\/div>\n\t\t\t\t<\/div>\n\t\t\t\t\t<\/div>\n\t\t<\/div>\n\t\t\t\t<div class=\"elementor-column elementor-col-50 elementor-top-column elementor-element elementor-element-d9bc967\" data-id=\"d9bc967\" data-element_type=\"column\">\n\t\t\t<div class=\"elementor-widget-wrap elementor-element-populated\">\n\t\t\t\t\t\t<div class=\"elementor-element elementor-element-9e8a7d9 elementor-widget elementor-widget-video\" data-id=\"9e8a7d9\" data-element_type=\"widget\" data-settings=\"{&quot;youtube_url&quot;:&quot;https:\\\/\\\/youtu.be\\\/kJJJ5T5qs8s&quot;,&quot;video_type&quot;:&quot;youtube&quot;,&quot;controls&quot;:&quot;yes&quot;}\" data-widget_type=\"video.default\">\n\t\t\t\t<div class=\"elementor-widget-container\">\n\t\t\t\t\t\t\t<div class=\"elementor-wrapper elementor-open-inline\">\n\t\t\t<div class=\"elementor-video\"><\/div>\t\t<\/div>\n\t\t\t\t\t\t<\/div>\n\t\t\t\t<\/div>\n\t\t\t\t\t<\/div>\n\t\t<\/div>\n\t\t\t\t\t<\/div>\n\t\t<\/section>\n\t\t\t\t<\/div>","protected":false},"excerpt":{"rendered":"<p>Surrender to the longing of your heart Online Free Satsang Online Free Satsang with Youtube Livestream Sundays at 4.30 pm CET Please see the dates below Language: English via Zoom and sometimes Youtube Live In these meetings you have the possibility to dive deeper into your heart&#8217;s longing and to allow that to show your [&hellip;]<\/p>","protected":false},"author":1,"featured_media":6303,"parent":0,"menu_order":0,"comment_status":"closed","ping_status":"closed","template":"elementor_header_footer","meta":{"footnotes":""},"class_list":["post-7927","page","type-page","status-publish","has-post-thumbnail","hentry","wpbf-post"],"_links":{"self":[{"href":"https:\/\/adriennharald.com\/hu\/wp-json\/wp\/v2\/pages\/7927","targetHints":{"allow":["GET"]}}],"collection":[{"href":"https:\/\/adriennharald.com\/hu\/wp-json\/wp\/v2\/pages"}],"about":[{"href":"https:\/\/adriennharald.com\/hu\/wp-json\/wp\/v2\/types\/page"}],"author":[{"embeddable":true,"href":"https:\/\/adriennharald.com\/hu\/wp-json\/wp\/v2\/users\/1"}],"replies":[{"embeddable":true,"href":"https:\/\/adriennharald.com\/hu\/wp-json\/wp\/v2\/comments?post=7927"}],"version-history":[{"count":171,"href":"https:\/\/adriennharald.com\/hu\/wp-json\/wp\/v2\/pages\/7927\/revisions"}],"predecessor-version":[{"id":9412,"href":"https:\/\/adriennharald.com\/hu\/wp-json\/wp\/v2\/pages\/7927\/revisions\/9412"}],"wp:featuredmedia":[{"embeddable":true,"href":"https:\/\/adriennharald.com\/hu\/wp-json\/wp\/v2\/media\/6303"}],"wp:attachment":[{"href":"https:\/\/adriennharald.com\/hu\/wp-json\/wp\/v2\/media?parent=7927"}],"curies":[{"name":"wp","href":"https:\/\/api.w.org\/{rel}","templated":true}]}}