{"id":7566,"date":"2022-09-08T13:15:54","date_gmt":"2022-09-08T11:15:54","guid":{"rendered":"https:\/\/adriennharald.com\/?page_id=7566"},"modified":"2025-07-07T19:52:25","modified_gmt":"2025-07-07T17:52:25","slug":"meeting-budapest","status":"publish","type":"page","link":"https:\/\/adriennharald.com\/hu\/events\/meeting-budapest\/","title":{"rendered":"Meeting Budapest"},"content":{"rendered":"<div data-elementor-type=\"wp-page\" data-elementor-id=\"7566\" class=\"elementor elementor-7566\" data-elementor-post-type=\"page\">\n\t\t\t\t\t\t<section class=\"elementor-section elementor-top-section elementor-element elementor-element-2b54e309 elementor-section-full_width elementor-hidden-tablet elementor-hidden-phone elementor-section-height-default elementor-section-height-default\" data-id=\"2b54e309\" data-element_type=\"section\" data-settings=\"{&quot;background_background&quot;:&quot;classic&quot;}\">\n\t\t\t\t\t\t\t<div class=\"elementor-background-overlay\"><\/div>\n\t\t\t\t\t\t\t<div class=\"elementor-container elementor-column-gap-no\">\n\t\t\t\t\t<div class=\"elementor-column elementor-col-100 elementor-top-column elementor-element elementor-element-6c68c38b\" data-id=\"6c68c38b\" data-element_type=\"column\">\n\t\t\t<div class=\"elementor-widget-wrap elementor-element-populated\">\n\t\t\t\t\t\t<section class=\"elementor-section elementor-inner-section elementor-element elementor-element-4b027712 elementor-section-boxed elementor-section-height-default elementor-section-height-default\" data-id=\"4b027712\" data-element_type=\"section\">\n\t\t\t\t\t\t<div class=\"elementor-container elementor-column-gap-default\">\n\t\t\t\t\t<div class=\"elementor-column elementor-col-100 elementor-inner-column elementor-element elementor-element-4070b07d\" data-id=\"4070b07d\" data-element_type=\"column\">\n\t\t\t<div class=\"elementor-widget-wrap elementor-element-populated\">\n\t\t\t\t\t\t<div class=\"elementor-element elementor-element-37dbcfd9 elementor-widget elementor-widget-heading\" data-id=\"37dbcfd9\" data-element_type=\"widget\" data-widget_type=\"heading.default\">\n\t\t\t\t<div class=\"elementor-widget-container\">\n\t\t\t\t\t<span class=\"elementor-heading-title elementor-size-default\">A szabads\u00e1g nincs olyan messze<\/span>\t\t\t\t<\/div>\n\t\t\t\t<\/div>\n\t\t\t\t<div class=\"elementor-element elementor-element-38c455c6 elementor-widget elementor-widget-heading\" data-id=\"38c455c6\" data-element_type=\"widget\" data-widget_type=\"heading.default\">\n\t\t\t\t<div class=\"elementor-widget-container\">\n\t\t\t\t\t<h2 class=\"elementor-heading-title elementor-size-default\">Szatszang | Nyitott Tal\u00e1lkoz\u00f3 Budapesten<\/h2>\t\t\t\t<\/div>\n\t\t\t\t<\/div>\n\t\t\t\t<div class=\"elementor-element elementor-element-c27c71b elementor-widget-divider--view-line elementor-widget elementor-widget-divider\" data-id=\"c27c71b\" data-element_type=\"widget\" data-widget_type=\"divider.default\">\n\t\t\t\t<div class=\"elementor-widget-container\">\n\t\t\t\t\t\t\t<div class=\"elementor-divider\">\n\t\t\t<span class=\"elementor-divider-separator\">\n\t\t\t\t\t\t<\/span>\n\t\t<\/div>\n\t\t\t\t\t\t<\/div>\n\t\t\t\t<\/div>\n\t\t\t\t\t<\/div>\n\t\t<\/div>\n\t\t\t\t\t<\/div>\n\t\t<\/section>\n\t\t\t\t\t<\/div>\n\t\t<\/div>\n\t\t\t\t\t<\/div>\n\t\t<\/section>\n\t\t\t\t<section class=\"elementor-section elementor-top-section elementor-element elementor-element-1e406cd8 elementor-section-boxed elementor-section-height-default elementor-section-height-default\" data-id=\"1e406cd8\" data-element_type=\"section\" data-settings=\"{&quot;background_background&quot;:&quot;classic&quot;}\">\n\t\t\t\t\t\t<div class=\"elementor-container elementor-column-gap-default\">\n\t\t\t\t\t<div class=\"elementor-column elementor-col-50 elementor-top-column elementor-element elementor-element-8acad82\" data-id=\"8acad82\" data-element_type=\"column\">\n\t\t\t<div class=\"elementor-widget-wrap elementor-element-populated\">\n\t\t\t\t\t\t<div class=\"elementor-element elementor-element-ecfa9d6 elementor-widget elementor-widget-text-editor\" data-id=\"ecfa9d6\" data-element_type=\"widget\" data-widget_type=\"text-editor.default\">\n\t\t\t\t<div class=\"elementor-widget-container\">\n\t\t\t\t\t\t\t\t\t<h2>Szatszang Budapesten - Nyitott tal\u00e1lkoz\u00f3<\/h2>\t\t\t\t\t\t\t\t<\/div>\n\t\t\t\t<\/div>\n\t\t\t\t<div class=\"elementor-element elementor-element-52d34e5 elementor-widget__width-initial elementor-widget elementor-widget-text-editor\" data-id=\"52d34e5\" data-element_type=\"widget\" data-widget_type=\"text-editor.default\">\n\t\t\t\t<div class=\"elementor-widget-container\">\n\t\t\t\t\t\t\t\t\t<h5>Budapest, 2025. szept. 12-\u00e9n 19 \u00f3rakor a MAGNETH\u00c1ZBAN<\/h5><p><strong>Regisztr\u00e1lni sz\u00fcks\u00e9ges, l\u00e1sd lentebb.<\/strong><\/p><p>Nyelv: angol \/ magyar<\/p>\t\t\t\t\t\t\t\t<\/div>\n\t\t\t\t<\/div>\n\t\t\t\t<div class=\"elementor-element elementor-element-59cd2e81 elementor-widget elementor-widget-text-editor\" data-id=\"59cd2e81\" data-element_type=\"widget\" data-widget_type=\"text-editor.default\">\n\t\t\t\t<div class=\"elementor-widget-container\">\n\t\t\t\t\t\t\t\t\t<p>Ezen a tal\u00e1lkoz\u00f3n felfedezheted, hogy mi az, ami mindig szabad, ak\u00e1rmi is legyen a szem\u00e9lyes t\u00f6rt\u00e9neted. \u00c1tvezet\u00fcnk a l\u00e1tsz\u00f3lagos blokkjaidon \u00e9s egypontban r\u00e1vissz\u00fck a figyelmedet a v\u00e9gtelen igaz l\u00e9nyedre, amely maga a szabads\u00e1g.<\/p>\t\t\t\t\t\t\t\t<\/div>\n\t\t\t\t<\/div>\n\t\t\t\t\t<\/div>\n\t\t<\/div>\n\t\t\t\t<div class=\"elementor-column elementor-col-50 elementor-top-column elementor-element elementor-element-77efa803\" data-id=\"77efa803\" data-element_type=\"column\">\n\t\t\t<div class=\"elementor-widget-wrap elementor-element-populated\">\n\t\t\t\t\t\t<div class=\"elementor-element elementor-element-97bf8e4 elementor-widget elementor-widget-image\" data-id=\"97bf8e4\" data-element_type=\"widget\" data-widget_type=\"image.default\">\n\t\t\t\t<div class=\"elementor-widget-container\">\n\t\t\t\t\t\t\t\t\t\t\t\t\t\t\t<img fetchpriority=\"high\" decoding=\"async\" width=\"1024\" height=\"768\" src=\"https:\/\/adriennharald.com\/wp-content\/uploads\/2022\/09\/IMG-09991-1024x768.jpg\" class=\"attachment-large size-large wp-image-7569\" alt=\"\" srcset=\"https:\/\/adriennharald.com\/wp-content\/uploads\/2022\/09\/IMG-09991-1024x768.jpg 1024w, https:\/\/adriennharald.com\/wp-content\/uploads\/2022\/09\/IMG-09991-300x225.jpg 300w, https:\/\/adriennharald.com\/wp-content\/uploads\/2022\/09\/IMG-09991-768x576.jpg 768w, https:\/\/adriennharald.com\/wp-content\/uploads\/2022\/09\/IMG-09991-16x12.jpg 16w, https:\/\/adriennharald.com\/wp-content\/uploads\/2022\/09\/IMG-09991-rotated.jpg 1280w\" sizes=\"(max-width: 1024px) 100vw, 1024px\" \/>\t\t\t\t\t\t\t\t\t\t\t\t\t\t\t<\/div>\n\t\t\t\t<\/div>\n\t\t\t\t\t<\/div>\n\t\t<\/div>\n\t\t\t\t\t<\/div>\n\t\t<\/section>\n\t\t\t\t<section class=\"elementor-section elementor-top-section elementor-element elementor-element-f86291f elementor-section-boxed elementor-section-height-default elementor-section-height-default\" data-id=\"f86291f\" data-element_type=\"section\" data-settings=\"{&quot;background_background&quot;:&quot;classic&quot;}\">\n\t\t\t\t\t\t<div class=\"elementor-container elementor-column-gap-default\">\n\t\t\t\t\t<div class=\"elementor-column elementor-col-100 elementor-top-column elementor-element elementor-element-34989ae\" data-id=\"34989ae\" data-element_type=\"column\">\n\t\t\t<div class=\"elementor-widget-wrap elementor-element-populated\">\n\t\t\t\t\t\t<div class=\"elementor-element elementor-element-4b581b6 elementor-widget elementor-widget-text-editor\" data-id=\"4b581b6\" data-element_type=\"widget\" data-widget_type=\"text-editor.default\">\n\t\t\t\t<div class=\"elementor-widget-container\">\n\t\t\t\t\t\t\t\t\t<p><strong>Hozz\u00e1j\u00e1rul\u00e1s: 8000 Ft (k\u00e9szp\u00e9nzben az ajt\u00f3n\u00e1l)<\/strong><\/p><p class=\"p1\"><span class=\"s1\">Szeretn\u00e9nk biztos\u00edtani, hogy a neh\u00e9z anyagi k\u00f6r\u00fclm\u00e9nyek k\u00f6z\u00f6tt l\u00e9v\u0151 \u00e9rdekl\u0151d\u0151knek is lehet\u0151s\u00e9g\u00fck legyen Adrienn &amp; Harald programjain r\u00e9szt venni vagy csatlakozni online tal\u00e1lkoz\u00f3ikhoz. <\/span><\/p><p class=\"p1\"><span class=\"s1\">Ebben az esetben \u00edrj nek\u00fcnk a lent megadott linken.<br \/><\/span><\/p><p><strong>\u00a0<\/strong><\/p>\t\t\t\t\t\t\t\t<\/div>\n\t\t\t\t<\/div>\n\t\t\t\t<div class=\"elementor-element elementor-element-e762d4c elementor-tablet-align-center elementor-mobile-align-justify elementor-align-center elementor-widget elementor-widget-button\" data-id=\"e762d4c\" data-element_type=\"widget\" data-widget_type=\"button.default\">\n\t\t\t\t<div class=\"elementor-widget-container\">\n\t\t\t\t\t\t\t\t\t<div class=\"elementor-button-wrapper\">\n\t\t\t\t\t<a class=\"elementor-button elementor-button-link elementor-size-sm elementor-animation-grow\" href=\"https:\/\/app.acuityscheduling.com\/schedule.php?owner=22037586&#038;appointmentType=36859565\">\n\t\t\t\t\t\t<span class=\"elementor-button-content-wrapper\">\n\t\t\t\t\t\t\t\t\t<span class=\"elementor-button-text\">REGISZTR\u00c1CI\u00d3HOZ KATT IDE<\/span>\n\t\t\t\t\t<\/span>\n\t\t\t\t\t<\/a>\n\t\t\t\t<\/div>\n\t\t\t\t\t\t\t\t<\/div>\n\t\t\t\t<\/div>\n\t\t\t\t<div class=\"elementor-element elementor-element-8ead5e2 elementor-widget elementor-widget-text-editor\" data-id=\"8ead5e2\" data-element_type=\"widget\" data-widget_type=\"text-editor.default\">\n\t\t\t\t<div class=\"elementor-widget-container\">\n\t\t\t\t\t\t\t\t\t<p><strong><a href=\"https:\/\/adriennharald.com\/hu\/contact\/\">Kattints ide<\/a> ha k\u00e9rni szeretn\u00e9l anyagi kedvezm\u00e9nyt.<\/strong><\/p>\t\t\t\t\t\t\t\t<\/div>\n\t\t\t\t<\/div>\n\t\t\t\t\t<\/div>\n\t\t<\/div>\n\t\t\t\t\t<\/div>\n\t\t<\/section>\n\t\t\t\t<section class=\"elementor-section elementor-top-section elementor-element elementor-element-6356522 elementor-section-boxed elementor-section-height-default elementor-section-height-default\" data-id=\"6356522\" data-element_type=\"section\" data-settings=\"{&quot;background_background&quot;:&quot;classic&quot;}\">\n\t\t\t\t\t\t<div class=\"elementor-container elementor-column-gap-default\">\n\t\t\t\t\t<div class=\"elementor-column elementor-col-100 elementor-top-column elementor-element elementor-element-7ba88e2\" data-id=\"7ba88e2\" data-element_type=\"column\">\n\t\t\t<div class=\"elementor-widget-wrap elementor-element-populated\">\n\t\t\t\t\t\t<div class=\"elementor-element elementor-element-fd352b3 elementor-widget elementor-widget-text-editor\" data-id=\"fd352b3\" data-element_type=\"widget\" data-widget_type=\"text-editor.default\">\n\t\t\t\t<div class=\"elementor-widget-container\">\n\t\t\t\t\t\t\t\t\t<h4>Mire sz\u00e1m\u00edthatsz:<\/h4>\t\t\t\t\t\t\t\t<\/div>\n\t\t\t\t<\/div>\n\t\t\t\t<div class=\"elementor-element elementor-element-72dc4ed elementor-widget elementor-widget-text-editor\" data-id=\"72dc4ed\" data-element_type=\"widget\" data-widget_type=\"text-editor.default\">\n\t\t\t\t<div class=\"elementor-widget-container\">\n\t\t\t\t\t\t\t\t\t<div class=\"elementor-element elementor-element-6599890f elementor-widget elementor-widget-text-editor\" data-id=\"6599890f\" data-element_type=\"widget\" data-widget_type=\"text-editor.default\"><div class=\"elementor-widget-container\"><p>Ez a tal\u00e1lkoz\u00f3 k\u00f6r\u00fclbel\u00fcl 90 percig tart \u00e9s egy kis id\u0151 csenddel kezd\u0151dik, majd Adrienn &amp; Harald megosztj\u00e1k a k\u00f6zvetlen megtapasztal\u00e1saikat \u00e9s fogadj\u00e1k a besz\u00e1mol\u00f3kat \u00e9s k\u00e9rd\u00e9seket a k\u00f6z\u00f6ss\u00e9g tagjait\u00f3l.<\/p><\/div><\/div>\t\t\t\t\t\t\t\t<\/div>\n\t\t\t\t<\/div>\n\t\t\t\t<div class=\"elementor-element elementor-element-11461de elementor-widget elementor-widget-text-editor\" data-id=\"11461de\" data-element_type=\"widget\" data-widget_type=\"text-editor.default\">\n\t\t\t\t<div class=\"elementor-widget-container\">\n\t\t\t\t\t\t\t\t\t<h4>Tov\u00e1bbi tudnival\u00f3k az esem\u00e9nyr\u0151l:<\/h4>\t\t\t\t\t\t\t\t<\/div>\n\t\t\t\t<\/div>\n\t\t\t\t<div class=\"elementor-element elementor-element-341fea2 elementor-widget elementor-widget-text-editor\" data-id=\"341fea2\" data-element_type=\"widget\" data-widget_type=\"text-editor.default\">\n\t\t\t\t<div class=\"elementor-widget-container\">\n\t\t\t\t\t\t\t\t\t<div class=\"elementor-element elementor-element-6ab8664e animated-slow elementor-widget elementor-widget-text-editor\" data-id=\"6ab8664e\" data-element_type=\"widget\" data-settings=\"{\" data-widget_type=\"text-editor.default\"><div class=\"elementor-widget-container\"><h5><span style=\"text-decoration: underline;\">\u00c9rkez\u00e9skor<\/span><\/h5><p>K\u00e9rj\u00fck, hogy lehet\u0151s\u00e9g szerint a tal\u00e1lkoz\u00f3 kezdete el\u0151tt 15 perccel el\u0151bb \u00e9rkezz, hogy k\u00e9nyelmesen helyet foglalj \u00e9s csendben v\u00e1rd Adriennt \u00e9s Haraldot.<\/p><\/div><\/div><div class=\"elementor-element elementor-element-922fbf9 animated-slow elementor-widget elementor-widget-text-editor\" data-id=\"922fbf9\" data-element_type=\"widget\" data-settings=\"{\" data-widget_type=\"text-editor.default\"><div class=\"elementor-widget-container\"><h5><span style=\"text-decoration: underline;\">Lemond\u00e1s:<\/span><\/h5><p>Nincs semmif\u00e9le k\u00f6vetkezm\u00e9nye, ha lemondod a tal\u00e1lkoz\u00f3t, vagy ha nem tudsz megjelenni. K\u00e9rj\u00fck azonban, ha lehet jelezd nek\u00fcnk, amit megtehetsz egyszer\u0171en az\u00e1ltal, ha a feliratkoz\u00e1s ut\u00e1n kapott emailben a \"cancel appoinment\" gombra kattintasz. K\u00f6sz\u00f6nj\u00fck!<\/p><\/div><\/div>\t\t\t\t\t\t\t\t<\/div>\n\t\t\t\t<\/div>\n\t\t\t\t<div class=\"elementor-element elementor-element-39d8374 elementor-tablet-align-center elementor-mobile-align-justify elementor-align-center elementor-widget elementor-widget-button\" data-id=\"39d8374\" data-element_type=\"widget\" data-widget_type=\"button.default\">\n\t\t\t\t<div class=\"elementor-widget-container\">\n\t\t\t\t\t\t\t\t\t<div class=\"elementor-button-wrapper\">\n\t\t\t\t\t<a class=\"elementor-button elementor-button-link elementor-size-sm elementor-animation-grow\" href=\"https:\/\/app.acuityscheduling.com\/schedule.php?owner=22037586&#038;appointmentType=36859565\">\n\t\t\t\t\t\t<span class=\"elementor-button-content-wrapper\">\n\t\t\t\t\t\t\t\t\t<span class=\"elementor-button-text\">Feliratkoz\u00e1s itt<\/span>\n\t\t\t\t\t<\/span>\n\t\t\t\t\t<\/a>\n\t\t\t\t<\/div>\n\t\t\t\t\t\t\t\t<\/div>\n\t\t\t\t<\/div>\n\t\t\t\t\t<\/div>\n\t\t<\/div>\n\t\t\t\t\t<\/div>\n\t\t<\/section>\n\t\t\t\t<section class=\"elementor-section elementor-top-section elementor-element elementor-element-9dda755 elementor-section-boxed elementor-section-height-default elementor-section-height-default\" data-id=\"9dda755\" data-element_type=\"section\">\n\t\t\t\t\t\t<div class=\"elementor-container elementor-column-gap-default\">\n\t\t\t\t\t<div class=\"elementor-column elementor-col-100 elementor-top-column elementor-element elementor-element-44cb347\" data-id=\"44cb347\" data-element_type=\"column\">\n\t\t\t<div class=\"elementor-widget-wrap\">\n\t\t\t\t\t\t\t<\/div>\n\t\t<\/div>\n\t\t\t\t\t<\/div>\n\t\t<\/section>\n\t\t\t\t<section class=\"elementor-section elementor-top-section elementor-element elementor-element-34dcc0b2 elementor-section-content-middle elementor-section-boxed elementor-section-height-default elementor-section-height-default\" data-id=\"34dcc0b2\" data-element_type=\"section\" data-settings=\"{&quot;background_background&quot;:&quot;classic&quot;}\">\n\t\t\t\t\t\t\t<div class=\"elementor-background-overlay\"><\/div>\n\t\t\t\t\t\t\t<div class=\"elementor-container elementor-column-gap-no\">\n\t\t\t\t\t<div class=\"elementor-column elementor-col-100 elementor-top-column elementor-element elementor-element-6eb0a350\" data-id=\"6eb0a350\" data-element_type=\"column\">\n\t\t\t<div class=\"elementor-widget-wrap elementor-element-populated\">\n\t\t\t\t\t\t<div class=\"elementor-element elementor-element-5cd44b34 elementor-widget elementor-widget-heading\" data-id=\"5cd44b34\" data-element_type=\"widget\" data-widget_type=\"heading.default\">\n\t\t\t\t<div class=\"elementor-widget-container\">\n\t\t\t\t\t<div class=\"elementor-heading-title elementor-size-default\">A k\u00f6z\u00f6ss\u00e9gb\u0151l<\/div>\t\t\t\t<\/div>\n\t\t\t\t<\/div>\n\t\t\t\t<div class=\"elementor-element elementor-element-2358e3e5 elementor-widget elementor-widget-heading\" data-id=\"2358e3e5\" data-element_type=\"widget\" data-widget_type=\"heading.default\">\n\t\t\t\t<div class=\"elementor-widget-container\">\n\t\t\t\t\t<h2 class=\"elementor-heading-title elementor-size-default\">R\u00f3lunk mondt\u00e1k<\/h2>\t\t\t\t<\/div>\n\t\t\t\t<\/div>\n\t\t\t\t<section class=\"elementor-section elementor-inner-section elementor-element elementor-element-64bdae6b elementor-section-content-top elementor-section-boxed elementor-section-height-default elementor-section-height-default\" data-id=\"64bdae6b\" data-element_type=\"section\">\n\t\t\t\t\t\t<div class=\"elementor-container elementor-column-gap-default\">\n\t\t\t\t\t<div class=\"elementor-column elementor-col-100 elementor-inner-column elementor-element elementor-element-7bd4fff8\" data-id=\"7bd4fff8\" data-element_type=\"column\">\n\t\t\t<div class=\"elementor-widget-wrap elementor-element-populated\">\n\t\t\t\t\t\t<div class=\"elementor-element elementor-element-a9e5996 elementor-widget elementor-widget-testimonial\" data-id=\"a9e5996\" data-element_type=\"widget\" data-widget_type=\"testimonial.default\">\n\t\t\t\t<div class=\"elementor-widget-container\">\n\t\t\t\t\t\t\t<div class=\"elementor-testimonial-wrapper\">\n\t\t\t\t\t\t\t<div class=\"elementor-testimonial-content\">T\u00f6bb mint 15 \u00e9vnyi \u00f6nismereti munka, sz\u00e1mos m\u00f3dszer \u00e9s t\u00e9v\u00fat ut\u00e1n tal\u00e1lkoztam Adriennel \u00e9s Haralddal. Egyetlen h\u00e9tv\u00e9ge alatt \u00e9rt\u00e9k el azt, aminek a kor\u00e1bbi tan\u00edt\u00f3m 3,5 \u00e9v alatt a k\u00f6zel\u00e9be se juttatott:\n<img decoding=\"async\" draggable=\"false\" role=\"img\" class=\"emoji\" alt=\"\ud83d\udd39\" src=\"https:\/\/s.w.org\/images\/core\/emoji\/15.1.0\/svg\/1f539.svg\">egy\u00fcttm\u0171k\u00f6d\u00e9sre b\u00edrni az elm\u00e9met,\n<img decoding=\"async\" draggable=\"false\" role=\"img\" class=\"emoji\" alt=\"\ud83d\udd39\" src=\"https:\/\/s.w.org\/images\/core\/emoji\/15.1.0\/svg\/1f539.svg\">meg\u00e9rteni, hogy a szem\u00e9lynek aki \"vagyok\", semmi k\u00f6ze ahhoz, aki val\u00f3j\u00e1ban vagyok,\n<img decoding=\"async\" draggable=\"false\" role=\"img\" class=\"emoji\" alt=\"\ud83d\udd39\" src=\"https:\/\/s.w.org\/images\/core\/emoji\/15.1.0\/svg\/1f539.svg\">hogy a sztorik a fejemben csup\u00e1n gondolatok. \nEz a lelki b\u00e9ke! \u00c9s ez minden amire sz\u00fcks\u00e9g\u00fcnk van!<\/div>\n\t\t\t\n\t\t\t\t\t\t<div class=\"elementor-testimonial-meta elementor-has-image elementor-testimonial-image-position-aside\">\n\t\t\t\t<div class=\"elementor-testimonial-meta-inner\">\n\t\t\t\t\t\t\t\t\t\t\t<div class=\"elementor-testimonial-image\">\n\t\t\t\t\t\t\t<img decoding=\"async\" width=\"545\" height=\"499\" src=\"https:\/\/adriennharald.com\/wp-content\/uploads\/2025\/07\/Erika.jpg\" class=\"attachment-full size-full wp-image-9342\" alt=\"\" srcset=\"https:\/\/adriennharald.com\/wp-content\/uploads\/2025\/07\/Erika.jpg 545w, https:\/\/adriennharald.com\/wp-content\/uploads\/2025\/07\/Erika-300x275.jpg 300w, https:\/\/adriennharald.com\/wp-content\/uploads\/2025\/07\/Erika-13x12.jpg 13w\" sizes=\"(max-width: 545px) 100vw, 545px\" \/>\t\t\t\t\t\t<\/div>\n\t\t\t\t\t\n\t\t\t\t\t\t\t\t\t\t<div class=\"elementor-testimonial-details\">\n\t\t\t\t\t\t\t\t\t\t\t\t\t\t<div class=\"elementor-testimonial-name\">Erika<\/div>\n\t\t\t\t\t\t\t\t\t\t\t\t\t\t\t\t\t\t\t\t\t\t<div class=\"elementor-testimonial-job\">Magyarorsz\u00e1g<\/div>\n\t\t\t\t\t\t\t\t\t\t\t\t\t<\/div>\n\t\t\t\t\t\t\t\t\t<\/div>\n\t\t\t<\/div>\n\t\t\t\t\t<\/div>\n\t\t\t\t\t\t<\/div>\n\t\t\t\t<\/div>\n\t\t\t\t\t<\/div>\n\t\t<\/div>\n\t\t\t\t\t<\/div>\n\t\t<\/section>\n\t\t\t\t\t<\/div>\n\t\t<\/div>\n\t\t\t\t\t<\/div>\n\t\t<\/section>\n\t\t\t\t<\/div>","protected":false},"excerpt":{"rendered":"<p>Freedom is not so far away Meeting in Budapest Budapest Satsang &#8211; Open Meeting 7 pm on Friday, 12. September, 2025 Budapest, MAGNETH\u00c1Z Registration is needed,\u00a0 please see below. Language: English\/Hungarian In this meeting you can discover what is always free whatever your personal story may be. We guide you through your seeming blockages and [&hellip;]<\/p>","protected":false},"author":1,"featured_media":0,"parent":1398,"menu_order":0,"comment_status":"closed","ping_status":"closed","template":"","meta":{"footnotes":""},"class_list":["post-7566","page","type-page","status-publish","hentry","wpbf-post"],"_links":{"self":[{"href":"https:\/\/adriennharald.com\/hu\/wp-json\/wp\/v2\/pages\/7566","targetHints":{"allow":["GET"]}}],"collection":[{"href":"https:\/\/adriennharald.com\/hu\/wp-json\/wp\/v2\/pages"}],"about":[{"href":"https:\/\/adriennharald.com\/hu\/wp-json\/wp\/v2\/types\/page"}],"author":[{"embeddable":true,"href":"https:\/\/adriennharald.com\/hu\/wp-json\/wp\/v2\/users\/1"}],"replies":[{"embeddable":true,"href":"https:\/\/adriennharald.com\/hu\/wp-json\/wp\/v2\/comments?post=7566"}],"version-history":[{"count":114,"href":"https:\/\/adriennharald.com\/hu\/wp-json\/wp\/v2\/pages\/7566\/revisions"}],"predecessor-version":[{"id":9348,"href":"https:\/\/adriennharald.com\/hu\/wp-json\/wp\/v2\/pages\/7566\/revisions\/9348"}],"up":[{"embeddable":true,"href":"https:\/\/adriennharald.com\/hu\/wp-json\/wp\/v2\/pages\/1398"}],"wp:attachment":[{"href":"https:\/\/adriennharald.com\/hu\/wp-json\/wp\/v2\/media?parent=7566"}],"curies":[{"name":"wp","href":"https:\/\/api.w.org\/{rel}","templated":true}]}}