{"id":6838,"date":"2022-02-08T10:52:27","date_gmt":"2022-02-08T15:52:27","guid":{"rendered":"https:\/\/adriennharald.com\/?page_id=6838"},"modified":"2023-07-24T00:48:56","modified_gmt":"2023-07-23T22:48:56","slug":"salzburg-meditation","status":"publish","type":"page","link":"https:\/\/adriennharald.com\/hu\/salzburg-meditation\/","title":{"rendered":"salzburg meditation"},"content":{"rendered":"<div data-elementor-type=\"wp-page\" data-elementor-id=\"6838\" class=\"elementor elementor-6838\" data-elementor-post-type=\"page\">\n\t\t\t\t\t\t<section class=\"elementor-section elementor-top-section elementor-element elementor-element-6f9a5c20 elementor-section-full_width elementor-section-height-default elementor-section-height-default\" data-id=\"6f9a5c20\" data-element_type=\"section\" data-settings=\"{&quot;background_background&quot;:&quot;classic&quot;}\">\n\t\t\t\t\t\t\t<div class=\"elementor-background-overlay\"><\/div>\n\t\t\t\t\t\t\t<div class=\"elementor-container elementor-column-gap-no\">\n\t\t\t\t\t<div class=\"elementor-column elementor-col-100 elementor-top-column elementor-element elementor-element-7c2b2be8\" data-id=\"7c2b2be8\" data-element_type=\"column\">\n\t\t\t<div class=\"elementor-widget-wrap elementor-element-populated\">\n\t\t\t\t\t\t<section class=\"elementor-section elementor-inner-section elementor-element elementor-element-4fabe6f4 elementor-section-boxed elementor-section-height-default elementor-section-height-default\" data-id=\"4fabe6f4\" data-element_type=\"section\">\n\t\t\t\t\t\t<div class=\"elementor-container elementor-column-gap-default\">\n\t\t\t\t\t<div class=\"elementor-column elementor-col-100 elementor-inner-column elementor-element elementor-element-77cd62af\" data-id=\"77cd62af\" data-element_type=\"column\">\n\t\t\t<div class=\"elementor-widget-wrap elementor-element-populated\">\n\t\t\t\t\t\t<div class=\"elementor-element elementor-element-49805efb elementor-widget elementor-widget-heading\" data-id=\"49805efb\" data-element_type=\"widget\" data-widget_type=\"heading.default\">\n\t\t\t\t<div class=\"elementor-widget-container\">\n\t\t\t\t\t<span class=\"elementor-heading-title elementor-size-default\">Gib dich der Sehnsucht deines Herzens hin<\/span>\t\t\t\t<\/div>\n\t\t\t\t<\/div>\n\t\t\t\t<div class=\"elementor-element elementor-element-7e889ab5 elementor-widget elementor-widget-heading\" data-id=\"7e889ab5\" data-element_type=\"widget\" data-widget_type=\"heading.default\">\n\t\t\t\t<div class=\"elementor-widget-container\">\n\t\t\t\t\t<h2 class=\"elementor-heading-title elementor-size-default\">Meditation &amp; Satsang Salzburg<\/h2>\t\t\t\t<\/div>\n\t\t\t\t<\/div>\n\t\t\t\t<div class=\"elementor-element elementor-element-20129bdf elementor-widget-divider--view-line elementor-widget elementor-widget-divider\" data-id=\"20129bdf\" data-element_type=\"widget\" data-widget_type=\"divider.default\">\n\t\t\t\t<div class=\"elementor-widget-container\">\n\t\t\t\t\t\t\t<div class=\"elementor-divider\">\n\t\t\t<span class=\"elementor-divider-separator\">\n\t\t\t\t\t\t<\/span>\n\t\t<\/div>\n\t\t\t\t\t\t<\/div>\n\t\t\t\t<\/div>\n\t\t\t\t\t<\/div>\n\t\t<\/div>\n\t\t\t\t\t<\/div>\n\t\t<\/section>\n\t\t\t\t\t<\/div>\n\t\t<\/div>\n\t\t\t\t\t<\/div>\n\t\t<\/section>\n\t\t\t\t<section class=\"elementor-section elementor-top-section elementor-element elementor-element-70f09153 elementor-section-content-middle elementor-section-boxed elementor-section-height-default elementor-section-height-default\" data-id=\"70f09153\" data-element_type=\"section\" data-settings=\"{&quot;background_background&quot;:&quot;classic&quot;}\">\n\t\t\t\t\t\t<div class=\"elementor-container elementor-column-gap-default\">\n\t\t\t\t\t<div class=\"elementor-column elementor-col-50 elementor-top-column elementor-element elementor-element-7e4adc88\" data-id=\"7e4adc88\" data-element_type=\"column\">\n\t\t\t<div class=\"elementor-widget-wrap elementor-element-populated\">\n\t\t\t\t\t\t<div class=\"elementor-element elementor-element-2103762 elementor-widget elementor-widget-text-editor\" data-id=\"2103762\" data-element_type=\"widget\" data-widget_type=\"text-editor.default\">\n\t\t\t\t<div class=\"elementor-widget-container\">\n\t\t\t\t\t\t\t\t\t<h2>Meditation &amp; Satsang Salzburg<\/h2>\t\t\t\t\t\t\t\t<\/div>\n\t\t\t\t<\/div>\n\t\t\t\t<div class=\"elementor-element elementor-element-4dd93f28 elementor-widget elementor-widget-text-editor\" data-id=\"4dd93f28\" data-element_type=\"widget\" data-widget_type=\"text-editor.default\">\n\t\t\t\t<div class=\"elementor-widget-container\">\n\t\t\t\t\t\t\t\t\t<p>Wir laden dich zu einer gemeinsamen Meditation und Satsang ein.<\/p><p>Wir \u00f6ffnen den Raum \/ unseren Garten einer\u00a0 Montag jeder Monat von 19:00 bis 20:30 Uhr.<\/p><p>Bitte siehe Termine und Anmeldung unten. Registrierung n\u00f6tig!<\/p><p>Ort: Salzburg, Neuhauserstrasse 25.<\/p>\t\t\t\t\t\t\t\t<\/div>\n\t\t\t\t<\/div>\n\t\t\t\t\t<\/div>\n\t\t<\/div>\n\t\t\t\t<div class=\"elementor-column elementor-col-50 elementor-top-column elementor-element elementor-element-77987a31\" data-id=\"77987a31\" data-element_type=\"column\">\n\t\t\t<div class=\"elementor-widget-wrap elementor-element-populated\">\n\t\t\t\t\t\t<div class=\"elementor-element elementor-element-227b6d7b elementor-widget elementor-widget-video\" data-id=\"227b6d7b\" data-element_type=\"widget\" data-settings=\"{&quot;youtube_url&quot;:&quot;https:\\\/\\\/www.youtube.com\\\/watch?v=QTI-cw9VFN8&quot;,&quot;show_image_overlay&quot;:&quot;yes&quot;,&quot;image_overlay&quot;:{&quot;url&quot;:&quot;https:\\\/\\\/adriennharald.com\\\/wp-content\\\/uploads\\\/2021\\\/11\\\/DSC_2803-4-scaled.jpg&quot;,&quot;id&quot;:6303,&quot;size&quot;:&quot;&quot;,&quot;alt&quot;:&quot;&quot;,&quot;source&quot;:&quot;library&quot;},&quot;lightbox&quot;:&quot;yes&quot;,&quot;video_type&quot;:&quot;youtube&quot;,&quot;controls&quot;:&quot;yes&quot;}\" data-widget_type=\"video.default\">\n\t\t\t\t<div class=\"elementor-widget-container\">\n\t\t\t\t\t\t\t<div class=\"elementor-wrapper elementor-open-lightbox\">\n\t\t\t\t\t\t\t<div class=\"elementor-custom-embed-image-overlay\" data-elementor-open-lightbox=\"yes\" data-elementor-lightbox=\"{&quot;type&quot;:&quot;video&quot;,&quot;videoType&quot;:&quot;youtube&quot;,&quot;url&quot;:&quot;https:\\\/\\\/www.youtube.com\\\/embed\\\/QTI-cw9VFN8?feature=oembed&amp;start&amp;end&amp;wmode=opaque&amp;loop=0&amp;controls=1&amp;mute=0&amp;rel=0&amp;modestbranding=0&amp;cc_load_policy=0&quot;,&quot;autoplay&quot;:&quot;&quot;,&quot;modalOptions&quot;:{&quot;id&quot;:&quot;elementor-lightbox-227b6d7b&quot;,&quot;entranceAnimation&quot;:&quot;&quot;,&quot;entranceAnimation_tablet&quot;:&quot;&quot;,&quot;entranceAnimation_mobile&quot;:&quot;&quot;,&quot;videoAspectRatio&quot;:&quot;169&quot;}}\" data-e-action-hash=\"#elementor-action%3Aaction%3Dlightbox%26settings%3DeyJ0eXBlIjoidmlkZW8iLCJ2aWRlb1R5cGUiOiJ5b3V0dWJlIiwidXJsIjoiaHR0cHM6XC9cL3d3dy55b3V0dWJlLmNvbVwvZW1iZWRcL1FUSS1jdzlWRk44P2ZlYXR1cmU9b2VtYmVkJnN0YXJ0JmVuZCZ3bW9kZT1vcGFxdWUmbG9vcD0wJmNvbnRyb2xzPTEmbXV0ZT0wJnJlbD0wJm1vZGVzdGJyYW5kaW5nPTAmY2NfbG9hZF9wb2xpY3k9MCIsImF1dG9wbGF5IjoiIiwibW9kYWxPcHRpb25zIjp7ImlkIjoiZWxlbWVudG9yLWxpZ2h0Ym94LTIyN2I2ZDdiIiwiZW50cmFuY2VBbmltYXRpb24iOiIiLCJlbnRyYW5jZUFuaW1hdGlvbl90YWJsZXQiOiIiLCJlbnRyYW5jZUFuaW1hdGlvbl9tb2JpbGUiOiIiLCJ2aWRlb0FzcGVjdFJhdGlvIjoiMTY5In19\">\n\t\t\t\t\t\t\t\t\t\t\t<img fetchpriority=\"high\" decoding=\"async\" width=\"2048\" height=\"1211\" src=\"https:\/\/adriennharald.com\/wp-content\/uploads\/2021\/11\/DSC_2803-4-2048x1211.jpg\" class=\"attachment-2048x2048 size-2048x2048 wp-image-6303\" alt=\"\" srcset=\"https:\/\/adriennharald.com\/wp-content\/uploads\/2021\/11\/DSC_2803-4-2048x1211.jpg 2048w, https:\/\/adriennharald.com\/wp-content\/uploads\/2021\/11\/DSC_2803-4-300x177.jpg 300w, https:\/\/adriennharald.com\/wp-content\/uploads\/2021\/11\/DSC_2803-4-1024x605.jpg 1024w, https:\/\/adriennharald.com\/wp-content\/uploads\/2021\/11\/DSC_2803-4-768x454.jpg 768w, https:\/\/adriennharald.com\/wp-content\/uploads\/2021\/11\/DSC_2803-4-1536x908.jpg 1536w, https:\/\/adriennharald.com\/wp-content\/uploads\/2021\/11\/DSC_2803-4-18x12.jpg 18w\" sizes=\"(max-width: 2048px) 100vw, 2048px\" \/>\t\t\t\t\t\t\t\t\t\t\t\t\t\t\t\t<div class=\"elementor-custom-embed-play\" role=\"button\" aria-label=\"Vide\u00f3 lej\u00e1tsz\u00e1sa\" tabindex=\"0\">\n\t\t\t\t\t\t\t<i aria-hidden=\"true\" class=\"eicon-play\"><\/i>\t\t\t\t\t\t<\/div>\n\t\t\t\t\t\t\t\t\t<\/div>\n\t\t\t\t\t<\/div>\n\t\t\t\t\t\t<\/div>\n\t\t\t\t<\/div>\n\t\t\t\t\t<\/div>\n\t\t<\/div>\n\t\t\t\t\t<\/div>\n\t\t<\/section>\n\t\t\t\t<section class=\"elementor-section elementor-top-section elementor-element elementor-element-5cd2efae elementor-section-boxed elementor-section-height-default elementor-section-height-default\" data-id=\"5cd2efae\" data-element_type=\"section\" data-settings=\"{&quot;background_background&quot;:&quot;classic&quot;}\">\n\t\t\t\t\t\t<div class=\"elementor-container elementor-column-gap-default\">\n\t\t\t\t\t<div class=\"elementor-column elementor-col-100 elementor-top-column elementor-element elementor-element-651ec7b9\" data-id=\"651ec7b9\" data-element_type=\"column\">\n\t\t\t<div class=\"elementor-widget-wrap elementor-element-populated\">\n\t\t\t\t\t\t<div class=\"elementor-element elementor-element-46f32a6a elementor-widget elementor-widget-text-editor\" data-id=\"46f32a6a\" data-element_type=\"widget\" data-widget_type=\"text-editor.default\">\n\t\t\t\t<div class=\"elementor-widget-container\">\n\t\t\t\t\t\t\t\t\t<h4>Was erwartet dich:<\/h4>\t\t\t\t\t\t\t\t<\/div>\n\t\t\t\t<\/div>\n\t\t\t\t<div class=\"elementor-element elementor-element-27043e5d elementor-widget elementor-widget-text-editor\" data-id=\"27043e5d\" data-element_type=\"widget\" data-widget_type=\"text-editor.default\">\n\t\t\t\t<div class=\"elementor-widget-container\">\n\t\t\t\t\t\t\t\t\t<div class=\"elementor-element elementor-element-6599890f elementor-widget elementor-widget-text-editor\" data-id=\"6599890f\" data-element_type=\"widget\" data-widget_type=\"text-editor.default\"><div class=\"elementor-widget-container\"><p>Wir beginnen mit ein paar K\u00f6rper\u00fcbungen. Danach bieten wir drei verschiedene Arten der Meditation an:<\/p><ul><li>Entspannungsmeditation mit K\u00f6rperbewegung und mit einem Mantra,<\/li><li>Achtsamkeits-Meditation wo wir unser Atmen beobachten und<\/li><li>Stille-Meditation<\/li><\/ul><p>Wir leiten dich an. Es sind also keine Vorkenntnisse n\u00f6tig.<\/p><p>Im Satsang \u00f6ffnen wir den Raum f\u00fcr Fragen und gehen diesen mit Selbsterforschung auf den Grund.<\/p><p>Bitte komm in bequemer Kleidung. Wenn du eine Yoga-Matte und einen Meditationshocker hast, nimm diese bitte mit.<\/p><p>Wir freuen uns auf dich,<\/p><p>Adrienn &amp; Harald<\/p><\/div><\/div>\t\t\t\t\t\t\t\t<\/div>\n\t\t\t\t<\/div>\n\t\t\t\t\t<\/div>\n\t\t<\/div>\n\t\t\t\t\t<\/div>\n\t\t<\/section>\n\t\t\t\t<section class=\"elementor-section elementor-top-section elementor-element elementor-element-60bd68f1 elementor-section-boxed elementor-section-height-default elementor-section-height-default\" data-id=\"60bd68f1\" data-element_type=\"section\" data-settings=\"{&quot;background_background&quot;:&quot;classic&quot;}\">\n\t\t\t\t\t\t<div class=\"elementor-container elementor-column-gap-default\">\n\t\t\t\t\t<div class=\"elementor-column elementor-col-100 elementor-top-column elementor-element elementor-element-22748d72\" data-id=\"22748d72\" data-element_type=\"column\">\n\t\t\t<div class=\"elementor-widget-wrap elementor-element-populated\">\n\t\t\t\t\t\t<div class=\"elementor-element elementor-element-6e7596ac elementor-widget elementor-widget-text-editor\" data-id=\"6e7596ac\" data-element_type=\"widget\" data-widget_type=\"text-editor.default\">\n\t\t\t\t<div class=\"elementor-widget-container\">\n\t\t\t\t\t\t\t\t\t<p><strong>Preis: <span class=\"s1\">\u20ac<\/span>15<\/strong><\/p>\t\t\t\t\t\t\t\t<\/div>\n\t\t\t\t<\/div>\n\t\t\t\t<div class=\"elementor-element elementor-element-25113c14 elementor-tablet-align-center elementor-mobile-align-justify elementor-align-center elementor-widget elementor-widget-button\" data-id=\"25113c14\" data-element_type=\"widget\" data-widget_type=\"button.default\">\n\t\t\t\t<div class=\"elementor-widget-container\">\n\t\t\t\t\t\t\t\t\t<div class=\"elementor-button-wrapper\">\n\t\t\t\t\t<a class=\"elementor-button elementor-button-link elementor-size-sm elementor-animation-grow\" href=\"https:\/\/app.acuityscheduling.com\/schedule.php?owner=22037586&#038;appointmentType=31283747\">\n\t\t\t\t\t\t<span class=\"elementor-button-content-wrapper\">\n\t\t\t\t\t\t\t\t\t<span class=\"elementor-button-text\">hier findet sich die termine und die anmeldung<\/span>\n\t\t\t\t\t<\/span>\n\t\t\t\t\t<\/a>\n\t\t\t\t<\/div>\n\t\t\t\t\t\t\t\t<\/div>\n\t\t\t\t<\/div>\n\t\t\t\t\t<\/div>\n\t\t<\/div>\n\t\t\t\t\t<\/div>\n\t\t<\/section>\n\t\t\t\t<section class=\"elementor-section elementor-top-section elementor-element elementor-element-cb61afc elementor-section-boxed elementor-section-height-default elementor-section-height-default\" data-id=\"cb61afc\" data-element_type=\"section\" data-settings=\"{&quot;background_background&quot;:&quot;classic&quot;}\">\n\t\t\t\t\t\t<div class=\"elementor-container elementor-column-gap-default\">\n\t\t\t\t\t<div class=\"elementor-column elementor-col-100 elementor-top-column elementor-element elementor-element-91de38f\" data-id=\"91de38f\" data-element_type=\"column\">\n\t\t\t<div class=\"elementor-widget-wrap elementor-element-populated\">\n\t\t\t\t\t\t<div class=\"elementor-element elementor-element-9f510a6 elementor-widget elementor-widget-text-editor\" data-id=\"9f510a6\" data-element_type=\"widget\" data-widget_type=\"text-editor.default\">\n\t\t\t\t<div class=\"elementor-widget-container\">\n\t\t\t\t\t\t\t\t\t<h5>Andere Treffen mit uns findest du <a href=\"\/hu\/events\/\">hier<\/a>.<\/h5>\t\t\t\t\t\t\t\t<\/div>\n\t\t\t\t<\/div>\n\t\t\t\t<div class=\"elementor-element elementor-element-8ec12bb elementor-widget elementor-widget-text-editor\" data-id=\"8ec12bb\" data-element_type=\"widget\" data-widget_type=\"text-editor.default\">\n\t\t\t\t<div class=\"elementor-widget-container\">\n\t\t\t\t\t\t\t\t\t<p>Bei Fragen bitte kontaktiere uns:\u00a0 info@adriennharald.com<\/p>\t\t\t\t\t\t\t\t<\/div>\n\t\t\t\t<\/div>\n\t\t\t\t\t<\/div>\n\t\t<\/div>\n\t\t\t\t\t<\/div>\n\t\t<\/section>\n\t\t\t\t<\/div>","protected":false},"excerpt":{"rendered":"<p>Gib dich der Sehnsucht deines Herzens hin Meditation &amp; Satsang Salzburg Meditation &amp; Satsang Salzburg Wir laden dich zu einer gemeinsamen Meditation und Satsang ein. Wir \u00f6ffnen den Raum \/ unseren Garten einer\u00a0 Montag jeder Monat von 19:00 bis 20:30 Uhr. Bitte siehe Termine und Anmeldung unten. Registrierung n\u00f6tig! Ort: Salzburg, Neuhauserstrasse 25. https:\/\/www.youtube.com\/watch?v=QTI-cw9VFN8 Was [&hellip;]<\/p>","protected":false},"author":1,"featured_media":2356,"parent":0,"menu_order":0,"comment_status":"closed","ping_status":"closed","template":"elementor_header_footer","meta":{"footnotes":""},"class_list":["post-6838","page","type-page","status-publish","has-post-thumbnail","hentry","wpbf-post"],"_links":{"self":[{"href":"https:\/\/adriennharald.com\/hu\/wp-json\/wp\/v2\/pages\/6838","targetHints":{"allow":["GET"]}}],"collection":[{"href":"https:\/\/adriennharald.com\/hu\/wp-json\/wp\/v2\/pages"}],"about":[{"href":"https:\/\/adriennharald.com\/hu\/wp-json\/wp\/v2\/types\/page"}],"author":[{"embeddable":true,"href":"https:\/\/adriennharald.com\/hu\/wp-json\/wp\/v2\/users\/1"}],"replies":[{"embeddable":true,"href":"https:\/\/adriennharald.com\/hu\/wp-json\/wp\/v2\/comments?post=6838"}],"version-history":[{"count":109,"href":"https:\/\/adriennharald.com\/hu\/wp-json\/wp\/v2\/pages\/6838\/revisions"}],"predecessor-version":[{"id":8420,"href":"https:\/\/adriennharald.com\/hu\/wp-json\/wp\/v2\/pages\/6838\/revisions\/8420"}],"wp:featuredmedia":[{"embeddable":true,"href":"https:\/\/adriennharald.com\/hu\/wp-json\/wp\/v2\/media\/2356"}],"wp:attachment":[{"href":"https:\/\/adriennharald.com\/hu\/wp-json\/wp\/v2\/media?parent=6838"}],"curies":[{"name":"wp","href":"https:\/\/api.w.org\/{rel}","templated":true}]}}