{"id":6135,"date":"2021-11-01T12:48:10","date_gmt":"2021-11-01T16:48:10","guid":{"rendered":"https:\/\/adriennharald.com\/?page_id=6135"},"modified":"2026-03-09T14:20:33","modified_gmt":"2026-03-09T13:20:33","slug":"silent-sitting","status":"publish","type":"page","link":"https:\/\/adriennharald.com\/hu\/silent-sitting\/","title":{"rendered":"Silent sitting"},"content":{"rendered":"<div data-elementor-type=\"wp-page\" data-elementor-id=\"6135\" class=\"elementor elementor-6135\" data-elementor-post-type=\"page\">\n\t\t\t\t\t\t<section class=\"elementor-section elementor-top-section elementor-element elementor-element-4ae43602 elementor-section-full_width elementor-hidden-tablet elementor-hidden-phone elementor-section-height-default elementor-section-height-default\" data-id=\"4ae43602\" data-element_type=\"section\" data-settings=\"{&quot;background_background&quot;:&quot;classic&quot;}\">\n\t\t\t\t\t\t\t<div class=\"elementor-background-overlay\"><\/div>\n\t\t\t\t\t\t\t<div class=\"elementor-container elementor-column-gap-no\">\n\t\t\t\t\t<div class=\"elementor-column elementor-col-100 elementor-top-column elementor-element elementor-element-41309c73\" data-id=\"41309c73\" data-element_type=\"column\">\n\t\t\t<div class=\"elementor-widget-wrap elementor-element-populated\">\n\t\t\t\t\t\t<section class=\"elementor-section elementor-inner-section elementor-element elementor-element-36f4958d elementor-section-boxed elementor-section-height-default elementor-section-height-default\" data-id=\"36f4958d\" data-element_type=\"section\">\n\t\t\t\t\t\t<div class=\"elementor-container elementor-column-gap-default\">\n\t\t\t\t\t<div class=\"elementor-column elementor-col-100 elementor-inner-column elementor-element elementor-element-3864a9aa\" data-id=\"3864a9aa\" data-element_type=\"column\">\n\t\t\t<div class=\"elementor-widget-wrap elementor-element-populated\">\n\t\t\t\t\t\t<div class=\"elementor-element elementor-element-6d9022f7 elementor-widget elementor-widget-heading\" data-id=\"6d9022f7\" data-element_type=\"widget\" data-widget_type=\"heading.default\">\n\t\t\t\t<div class=\"elementor-widget-container\">\n\t\t\t\t\t<h2 class=\"elementor-heading-title elementor-size-default\">Csendes-\u00fcl\u00e9s<\/h2>\t\t\t\t<\/div>\n\t\t\t\t<\/div>\n\t\t\t\t<div class=\"elementor-element elementor-element-a59206e elementor-widget-divider--view-line elementor-widget elementor-widget-divider\" data-id=\"a59206e\" data-element_type=\"widget\" data-widget_type=\"divider.default\">\n\t\t\t\t<div class=\"elementor-widget-container\">\n\t\t\t\t\t\t\t<div class=\"elementor-divider\">\n\t\t\t<span class=\"elementor-divider-separator\">\n\t\t\t\t\t\t<\/span>\n\t\t<\/div>\n\t\t\t\t\t\t<\/div>\n\t\t\t\t<\/div>\n\t\t\t\t\t<\/div>\n\t\t<\/div>\n\t\t\t\t\t<\/div>\n\t\t<\/section>\n\t\t\t\t\t<\/div>\n\t\t<\/div>\n\t\t\t\t\t<\/div>\n\t\t<\/section>\n\t\t\t\t<section class=\"elementor-section elementor-top-section elementor-element elementor-element-125bd9c4 elementor-section-boxed elementor-section-height-default elementor-section-height-default\" data-id=\"125bd9c4\" data-element_type=\"section\" data-settings=\"{&quot;background_background&quot;:&quot;classic&quot;}\">\n\t\t\t\t\t\t<div class=\"elementor-container elementor-column-gap-default\">\n\t\t\t\t\t<div class=\"elementor-column elementor-col-50 elementor-top-column elementor-element elementor-element-22fc7314\" data-id=\"22fc7314\" data-element_type=\"column\">\n\t\t\t<div class=\"elementor-widget-wrap elementor-element-populated\">\n\t\t\t\t\t\t<div class=\"elementor-element elementor-element-608e718f elementor-widget elementor-widget-text-editor\" data-id=\"608e718f\" data-element_type=\"widget\" data-widget_type=\"text-editor.default\">\n\t\t\t\t<div class=\"elementor-widget-container\">\n\t\t\t\t\t\t\t\t\t<h2>Csendes-\u00fcl\u00e9s<\/h2>\t\t\t\t\t\t\t\t<\/div>\n\t\t\t\t<\/div>\n\t\t\t\t<div class=\"elementor-element elementor-element-75e21710 elementor-widget elementor-widget-text-editor\" data-id=\"75e21710\" data-element_type=\"widget\" data-widget_type=\"text-editor.default\">\n\t\t\t\t<div class=\"elementor-widget-container\">\n\t\t\t\t\t\t\t\t\t<h5>Keddenk\u00e9nt 20 \u00f3r\u00e1t\u00f3l, zoom-on<\/h5>\t\t\t\t\t\t\t\t<\/div>\n\t\t\t\t<\/div>\n\t\t\t\t<div class=\"elementor-element elementor-element-39ba2068 elementor-widget elementor-widget-text-editor\" data-id=\"39ba2068\" data-element_type=\"widget\" data-widget_type=\"text-editor.default\">\n\t\t\t\t<div class=\"elementor-widget-container\">\n\t\t\t\t\t\t\t\t\t<p>Valami m\u00e9ly t\u00f6rt\u00e9nik, mik\u00f6zben ezen az \u00fcl\u00e9sen nem gyakorlunk semmit. Azzal a k\u00f6z\u00f6s sz\u00e1nd\u00e9kkal \u00fcl\u00fcnk le, hogy el\u00e1lljunk az \u00fatb\u00f3l. \u00c9s akkor a csend veszi \u00e1t az ir\u00e1ny\u00edt\u00e1st. Ez egy megpihen\u00e9s otthon. A csoport ereje t\u00e1mogat\u00e1st jelent mindannyiunk sz\u00e1m\u00e1ra.<\/p>\t\t\t\t\t\t\t\t<\/div>\n\t\t\t\t<\/div>\n\t\t\t\t\t<\/div>\n\t\t<\/div>\n\t\t\t\t<div class=\"elementor-column elementor-col-50 elementor-top-column elementor-element elementor-element-17eb4f0e\" data-id=\"17eb4f0e\" data-element_type=\"column\">\n\t\t\t<div class=\"elementor-widget-wrap elementor-element-populated\">\n\t\t\t\t\t\t<div class=\"elementor-element elementor-element-de6c69b elementor-widget elementor-widget-image\" data-id=\"de6c69b\" data-element_type=\"widget\" data-widget_type=\"image.default\">\n\t\t\t\t<div class=\"elementor-widget-container\">\n\t\t\t\t\t\t\t\t\t\t\t\t\t\t\t<img fetchpriority=\"high\" decoding=\"async\" width=\"1024\" height=\"576\" src=\"https:\/\/adriennharald.com\/wp-content\/uploads\/2021\/11\/26092021-SATSANG-ZOOM-PART3-1024x576.jpg\" class=\"attachment-large size-large wp-image-6144\" alt=\"\" srcset=\"https:\/\/adriennharald.com\/wp-content\/uploads\/2021\/11\/26092021-SATSANG-ZOOM-PART3-1024x576.jpg 1024w, https:\/\/adriennharald.com\/wp-content\/uploads\/2021\/11\/26092021-SATSANG-ZOOM-PART3-300x169.jpg 300w, https:\/\/adriennharald.com\/wp-content\/uploads\/2021\/11\/26092021-SATSANG-ZOOM-PART3-768x432.jpg 768w, https:\/\/adriennharald.com\/wp-content\/uploads\/2021\/11\/26092021-SATSANG-ZOOM-PART3-1536x864.jpg 1536w, https:\/\/adriennharald.com\/wp-content\/uploads\/2021\/11\/26092021-SATSANG-ZOOM-PART3-18x10.jpg 18w, https:\/\/adriennharald.com\/wp-content\/uploads\/2021\/11\/26092021-SATSANG-ZOOM-PART3.jpg 1920w\" sizes=\"(max-width: 1024px) 100vw, 1024px\" \/>\t\t\t\t\t\t\t\t\t\t\t\t\t\t\t<\/div>\n\t\t\t\t<\/div>\n\t\t\t\t\t<\/div>\n\t\t<\/div>\n\t\t\t\t\t<\/div>\n\t\t<\/section>\n\t\t\t\t<section class=\"elementor-section elementor-top-section elementor-element elementor-element-2a326842 elementor-section-boxed elementor-section-height-default elementor-section-height-default\" data-id=\"2a326842\" data-element_type=\"section\" data-settings=\"{&quot;background_background&quot;:&quot;classic&quot;}\">\n\t\t\t\t\t\t<div class=\"elementor-container elementor-column-gap-default\">\n\t\t\t\t\t<div class=\"elementor-column elementor-col-100 elementor-top-column elementor-element elementor-element-39d4c56\" data-id=\"39d4c56\" data-element_type=\"column\">\n\t\t\t<div class=\"elementor-widget-wrap elementor-element-populated\">\n\t\t\t\t\t\t<div class=\"elementor-element elementor-element-342164d7 elementor-widget elementor-widget-text-editor\" data-id=\"342164d7\" data-element_type=\"widget\" data-widget_type=\"text-editor.default\">\n\t\t\t\t<div class=\"elementor-widget-container\">\n\t\t\t\t\t\t\t\t\t<h4>Mire sz\u00e1m\u00edthatsz:<\/h4>\t\t\t\t\t\t\t\t<\/div>\n\t\t\t\t<\/div>\n\t\t\t\t<div class=\"elementor-element elementor-element-5ab63d7c elementor-widget elementor-widget-text-editor\" data-id=\"5ab63d7c\" data-element_type=\"widget\" data-widget_type=\"text-editor.default\">\n\t\t\t\t<div class=\"elementor-widget-container\">\n\t\t\t\t\t\t\t\t\t<div class=\"elementor-element elementor-element-6599890f elementor-widget elementor-widget-text-editor\" data-id=\"6599890f\" data-element_type=\"widget\" data-widget_type=\"text-editor.default\"><div class=\"elementor-widget-container\"><p>A csendes-\u00fcl\u00e9s kb. 20 percig tart.<\/p><p>A tal\u00e1lkoz\u00f3 Zoom-on lesz. Amikor regisztr\u00e1lsz, a zoom linket emailben fogod megkapni. Ha nem kapod meg az els\u0151dleges leveleid k\u00f6z\u00e9, akkor k\u00e9rj\u00fck, hogy ellen\u0151rizd a t\u00f6bbi email-fi\u00f3kodat is.<\/p><div class=\"o9v6fnle cxmmr5t8 oygrvhab hcukyx3x c1et5uql\">Mindenkinek le lesz n\u00e9m\u00edtva a mikrofonja, kiv\u00e9ve Adrienn \u00e9s Harald mikrofonj\u00e1t \u00e9s kamer\u00e1j\u00e1t.<\/div><div class=\"o9v6fnle cxmmr5t8 oygrvhab hcukyx3x c1et5uql\">A medit\u00e1ci\u00f3 elej\u00e9n \u00e9s v\u00e9g\u00e9n Harald fog csengetni. A zoom gal\u00e9ria m\u00f3dozatban lesz, \u00e9s \u00edgy m\u00e9gink\u00e1bb azt az \u00e9rz\u00e9st kelti, hogy egy\u00fctt \u00fcl\u00fcnk egy t\u00e9rben.<\/div><\/div><\/div>\t\t\t\t\t\t\t\t<\/div>\n\t\t\t\t<\/div>\n\t\t\t\t<div class=\"elementor-element elementor-element-62f53cf elementor-align-center elementor-widget elementor-widget-button\" data-id=\"62f53cf\" data-element_type=\"widget\" data-widget_type=\"button.default\">\n\t\t\t\t<div class=\"elementor-widget-container\">\n\t\t\t\t\t\t\t\t\t<div class=\"elementor-button-wrapper\">\n\t\t\t\t\t<a class=\"elementor-button elementor-button-link elementor-size-sm\" href=\"https:\/\/app.acuityscheduling.com\/schedule.php?owner=22037586&#038;appointmentType=20863679\">\n\t\t\t\t\t\t<span class=\"elementor-button-content-wrapper\">\n\t\t\t\t\t\t\t\t\t<span class=\"elementor-button-text\">V\u00c1LASSZ ID\u0150PONTOT \u00c9S JELENTKEZZ ITT<\/span>\n\t\t\t\t\t<\/span>\n\t\t\t\t\t<\/a>\n\t\t\t\t<\/div>\n\t\t\t\t\t\t\t\t<\/div>\n\t\t\t\t<\/div>\n\t\t\t\t<div class=\"elementor-element elementor-element-62dc188e elementor-widget elementor-widget-text-editor\" data-id=\"62dc188e\" data-element_type=\"widget\" data-widget_type=\"text-editor.default\">\n\t\t\t\t<div class=\"elementor-widget-container\">\n\t\t\t\t\t\t\t\t\t<h4>Tov\u00e1bbi tudnival\u00f3k az esem\u00e9nyr\u0151l:<\/h4>\t\t\t\t\t\t\t\t<\/div>\n\t\t\t\t<\/div>\n\t\t\t\t<div class=\"elementor-element elementor-element-63871caa elementor-widget elementor-widget-text-editor\" data-id=\"63871caa\" data-element_type=\"widget\" data-widget_type=\"text-editor.default\">\n\t\t\t\t<div class=\"elementor-widget-container\">\n\t\t\t\t\t\t\t\t\t<div class=\"elementor-element elementor-element-6ab8664e animated-slow elementor-widget elementor-widget-text-editor\" data-id=\"6ab8664e\" data-element_type=\"widget\" data-settings=\"{\" data-widget_type=\"text-editor.default\"><div class=\"elementor-widget-container\"><h5><span style=\"text-decoration: underline;\">Mir\u0151l sz\u00f3l a csendes-\u00fcl\u00e9s?<br \/><\/span><\/h5><p>Ez nem egy gyakorl\u00e1s, amiben egyre jobbaknak kellene lenn\u00fcnk. Itt nem f\u00f3kusz\u00e1lunk egy t\u00e1rgyra mint p\u00e9ld\u00e1ul a l\u00e9gz\u00e9sre, mint \u00e1ltal\u00e1noss\u00e1gban egy medit\u00e1ci\u00f3n. Nincs mit tenni \u00e9s nincs mit nem tenni sem. Az elme mindenfajta sz\u00f3rakoztat\u00e1sa meg\u00e1ll \u00e9s a t\u00e9r \u00e9s b\u00e9ke ker\u00fcl az el\u0151t\u00e9rbe. \u00c9l\u0151, sug\u00e1rz\u00f3 csend van itt, amelyben minden megjelenik \u00e9s elt\u0171nik.<\/p><\/div><h5><span style=\"text-decoration: underline;\">Mi\u00e9rt j\u00f3 csoportban egy\u00fctt csendes-\u00fclni?<br \/><\/span><\/h5><p>A t\u00f6bb \u00e9ven \u00e1t tart\u00f3 Gangajival \u00e9s f\u00e9rj\u00e9vel Eli-al val\u00f3 tal\u00e1lkoz\u00f3ink megmutatt\u00e1k nek\u00fcnk t\u00f6bbek k\u00f6z\u00f6tt azt is, hogy micsoda m\u00e9ly csendet lehets\u00e9ges megtapasztalnunk, amikor egy\u00fctt medit\u00e1lunk m\u00e1s hasonl\u00f3 be\u00e1ll\u00edtotts\u00e1g\u00fa t\u00e1rsainkkal. A jelenl\u00e9t sokkal er\u0151sebb, mint amikor egyed\u00fcl \u00fcl\u00fcnk. Ezt figyelembe v\u00e9ve hoztuk l\u00e9tre ezt a rendszeres tal\u00e1lkoz\u00f3t.<\/p><\/div>\t\t\t\t\t\t\t\t<\/div>\n\t\t\t\t<\/div>\n\t\t\t\t<div class=\"elementor-element elementor-element-7cc9d6e elementor-align-center elementor-widget elementor-widget-button\" data-id=\"7cc9d6e\" data-element_type=\"widget\" data-widget_type=\"button.default\">\n\t\t\t\t<div class=\"elementor-widget-container\">\n\t\t\t\t\t\t\t\t\t<div class=\"elementor-button-wrapper\">\n\t\t\t\t\t<a class=\"elementor-button elementor-button-link elementor-size-sm\" href=\"https:\/\/app.acuityscheduling.com\/schedule.php?owner=22037586&#038;appointmentType=20863679\">\n\t\t\t\t\t\t<span class=\"elementor-button-content-wrapper\">\n\t\t\t\t\t\t\t\t\t<span class=\"elementor-button-text\">V\u00c1LASSZ ID\u0150PONTOT \u00c9S JELENTKEZZ ITT<\/span>\n\t\t\t\t\t<\/span>\n\t\t\t\t\t<\/a>\n\t\t\t\t<\/div>\n\t\t\t\t\t\t\t\t<\/div>\n\t\t\t\t<\/div>\n\t\t\t\t\t<\/div>\n\t\t<\/div>\n\t\t\t\t\t<\/div>\n\t\t<\/section>\n\t\t\t\t<section class=\"elementor-section elementor-top-section elementor-element elementor-element-b7f6d04 elementor-section-boxed elementor-section-height-default elementor-section-height-default\" data-id=\"b7f6d04\" data-element_type=\"section\" data-settings=\"{&quot;background_background&quot;:&quot;classic&quot;}\">\n\t\t\t\t\t\t<div class=\"elementor-container elementor-column-gap-default\">\n\t\t\t\t\t<div class=\"elementor-column elementor-col-100 elementor-top-column elementor-element elementor-element-4310ef6c\" data-id=\"4310ef6c\" data-element_type=\"column\">\n\t\t\t<div class=\"elementor-widget-wrap elementor-element-populated\">\n\t\t\t\t\t\t<div class=\"elementor-element elementor-element-1d8cdbff elementor-widget elementor-widget-text-editor\" data-id=\"1d8cdbff\" data-element_type=\"widget\" data-widget_type=\"text-editor.default\">\n\t\t\t\t<div class=\"elementor-widget-container\">\n\t\t\t\t\t\t\t\t\t<h2>M\u00e1sok \u00edrt\u00e1k a csendes-\u00fcl\u00e9sr\u0151l<\/h2>\t\t\t\t\t\t\t\t<\/div>\n\t\t\t\t<\/div>\n\t\t\t\t<div class=\"elementor-element elementor-element-79d23d8 elementor-widget elementor-widget-text-editor\" data-id=\"79d23d8\" data-element_type=\"widget\" data-widget_type=\"text-editor.default\">\n\t\t\t\t<div class=\"elementor-widget-container\">\n\t\t\t\t\t\t\t\t\t<div><em>T\u00e9nyleg m\u0171k\u00f6dik Om-line is!:&gt;<\/em><\/div><div><em>Sokkal jobb, mint egyed\u00fcl. <\/em><\/div><div><em>\u00c9n a SZ\u00cdV ragyog\u00e1sak\u00e9nt \u00e9rz\u00e9kelem \u00e9s velem maradt ut\u00e1na is.<\/em><\/div><div><em> H\u00e1l\u00e1san k\u00f6sz\u00f6n\u00f6m. <\/em><\/div><div>M\u00f3nika<\/div>\t\t\t\t\t\t\t\t<\/div>\n\t\t\t\t<\/div>\n\t\t\t\t<div class=\"elementor-element elementor-element-f7ee271 elementor-widget elementor-widget-text-editor\" data-id=\"f7ee271\" data-element_type=\"widget\" data-widget_type=\"text-editor.default\">\n\t\t\t\t<div class=\"elementor-widget-container\">\n\t\t\t\t\t\t\t\t\t<div><div dir=\"ltr\"><em>Csendes \u00fcl\u00e9s sz\u00e1momra mindig egy nyugodts\u00e1got, letisztul\u00e1st hoz.<\/em><\/div><div dir=\"ltr\"><em> M\u00e9g k\u00f6nnyeim is kicsordultak, ami k\u00f6nnyeds\u00e9get hozott sz\u00e1momra.<br \/><\/em><\/div><div dir=\"ltr\"><em>K\u00f6sz\u00f6n\u00f6m a tegnap est\u00e9t.<\/em><\/div><div dir=\"ltr\">\u00c1gi<\/div><\/div>\t\t\t\t\t\t\t\t<\/div>\n\t\t\t\t<\/div>\n\t\t\t\t\t<\/div>\n\t\t<\/div>\n\t\t\t\t\t<\/div>\n\t\t<\/section>\n\t\t\t\t<section class=\"elementor-section elementor-top-section elementor-element elementor-element-8dfd80e elementor-section-boxed elementor-section-height-default elementor-section-height-default\" data-id=\"8dfd80e\" data-element_type=\"section\" data-settings=\"{&quot;background_background&quot;:&quot;classic&quot;}\">\n\t\t\t\t\t\t<div class=\"elementor-container elementor-column-gap-default\">\n\t\t\t\t\t<div class=\"elementor-column elementor-col-50 elementor-top-column elementor-element elementor-element-f92c7c4\" data-id=\"f92c7c4\" data-element_type=\"column\">\n\t\t\t<div class=\"elementor-widget-wrap elementor-element-populated\">\n\t\t\t\t\t\t<div class=\"elementor-element elementor-element-eaa982e elementor-widget elementor-widget-text-editor\" data-id=\"eaa982e\" data-element_type=\"widget\" data-widget_type=\"text-editor.default\">\n\t\t\t\t<div class=\"elementor-widget-container\">\n\t\t\t\t\t\t\t\t\t<h2>Ramana Maharshi<\/h2>\t\t\t\t\t\t\t\t<\/div>\n\t\t\t\t<\/div>\n\t\t\t\t\t<\/div>\n\t\t<\/div>\n\t\t\t\t<div class=\"elementor-column elementor-col-50 elementor-top-column elementor-element elementor-element-653c284\" data-id=\"653c284\" data-element_type=\"column\">\n\t\t\t<div class=\"elementor-widget-wrap elementor-element-populated\">\n\t\t\t\t\t\t<div class=\"elementor-element elementor-element-47bdd0b elementor-widget elementor-widget-image\" data-id=\"47bdd0b\" data-element_type=\"widget\" data-widget_type=\"image.default\">\n\t\t\t\t<div class=\"elementor-widget-container\">\n\t\t\t\t\t\t\t\t\t\t\t\t\t\t\t<img decoding=\"async\" width=\"350\" height=\"438\" src=\"https:\/\/adriennharald.com\/wp-content\/uploads\/2021\/04\/Ramana.jpg\" class=\"attachment-large size-large wp-image-4585\" alt=\"\" srcset=\"https:\/\/adriennharald.com\/wp-content\/uploads\/2021\/04\/Ramana.jpg 350w, https:\/\/adriennharald.com\/wp-content\/uploads\/2021\/04\/Ramana-240x300.jpg 240w, https:\/\/adriennharald.com\/wp-content\/uploads\/2021\/04\/Ramana-10x12.jpg 10w\" sizes=\"(max-width: 350px) 100vw, 350px\" \/>\t\t\t\t\t\t\t\t\t\t\t\t\t\t\t<\/div>\n\t\t\t\t<\/div>\n\t\t\t\t\t<\/div>\n\t\t<\/div>\n\t\t\t\t\t<\/div>\n\t\t<\/section>\n\t\t\t\t<\/div>","protected":false},"excerpt":{"rendered":"<p>Silent Sitting Silent Sitting Every Tuesday at 8 pm CET, online on zoom Something deep happens although we do not practice anything in this sitting. The intention is there to just get out of the way. Then silence takes over. It is resting at home. The group is here to support each one of us. [&hellip;]<\/p>","protected":false},"author":1,"featured_media":6144,"parent":0,"menu_order":0,"comment_status":"closed","ping_status":"closed","template":"elementor_header_footer","meta":{"footnotes":""},"class_list":["post-6135","page","type-page","status-publish","has-post-thumbnail","hentry","wpbf-post"],"_links":{"self":[{"href":"https:\/\/adriennharald.com\/hu\/wp-json\/wp\/v2\/pages\/6135","targetHints":{"allow":["GET"]}}],"collection":[{"href":"https:\/\/adriennharald.com\/hu\/wp-json\/wp\/v2\/pages"}],"about":[{"href":"https:\/\/adriennharald.com\/hu\/wp-json\/wp\/v2\/types\/page"}],"author":[{"embeddable":true,"href":"https:\/\/adriennharald.com\/hu\/wp-json\/wp\/v2\/users\/1"}],"replies":[{"embeddable":true,"href":"https:\/\/adriennharald.com\/hu\/wp-json\/wp\/v2\/comments?post=6135"}],"version-history":[{"count":82,"href":"https:\/\/adriennharald.com\/hu\/wp-json\/wp\/v2\/pages\/6135\/revisions"}],"predecessor-version":[{"id":9423,"href":"https:\/\/adriennharald.com\/hu\/wp-json\/wp\/v2\/pages\/6135\/revisions\/9423"}],"wp:featuredmedia":[{"embeddable":true,"href":"https:\/\/adriennharald.com\/hu\/wp-json\/wp\/v2\/media\/6144"}],"wp:attachment":[{"href":"https:\/\/adriennharald.com\/hu\/wp-json\/wp\/v2\/media?parent=6135"}],"curies":[{"name":"wp","href":"https:\/\/api.w.org\/{rel}","templated":true}]}}