{"id":4185,"date":"2021-04-16T01:12:53","date_gmt":"2021-04-16T05:12:53","guid":{"rendered":"https:\/\/adriennharald.com\/?page_id=4185"},"modified":"2023-07-18T18:22:13","modified_gmt":"2023-07-18T16:22:13","slug":"scholarship","status":"publish","type":"page","link":"https:\/\/adriennharald.com\/hu\/scholarship\/","title":{"rendered":"Scholarship Form Page"},"content":{"rendered":"<div data-elementor-type=\"wp-post\" data-elementor-id=\"4185\" class=\"elementor elementor-4185\" data-elementor-post-type=\"page\">\n\t\t\t\t\t\t<section class=\"elementor-section elementor-top-section elementor-element elementor-element-cff866a elementor-section-full_width elementor-section-height-default elementor-section-height-default\" data-id=\"cff866a\" data-element_type=\"section\" data-settings=\"{&quot;background_background&quot;:&quot;classic&quot;}\">\n\t\t\t\t\t\t\t<div class=\"elementor-background-overlay\"><\/div>\n\t\t\t\t\t\t\t<div class=\"elementor-container elementor-column-gap-no\">\n\t\t\t\t\t<div class=\"elementor-column elementor-col-100 elementor-top-column elementor-element elementor-element-eee1231\" data-id=\"eee1231\" data-element_type=\"column\">\n\t\t\t<div class=\"elementor-widget-wrap elementor-element-populated\">\n\t\t\t\t\t\t<section class=\"elementor-section elementor-inner-section elementor-element elementor-element-47f0604 elementor-section-boxed elementor-section-height-default elementor-section-height-default\" data-id=\"47f0604\" data-element_type=\"section\">\n\t\t\t\t\t\t<div class=\"elementor-container elementor-column-gap-default\">\n\t\t\t\t\t<div class=\"elementor-column elementor-col-100 elementor-inner-column elementor-element elementor-element-2a16d88\" data-id=\"2a16d88\" data-element_type=\"column\">\n\t\t\t<div class=\"elementor-widget-wrap elementor-element-populated\">\n\t\t\t\t\t\t<div class=\"elementor-element elementor-element-97ed0ad elementor-widget elementor-widget-heading\" data-id=\"97ed0ad\" data-element_type=\"widget\" data-widget_type=\"heading.default\">\n\t\t\t\t<div class=\"elementor-widget-container\">\n\t\t\t\t\t<span class=\"elementor-heading-title elementor-size-default\">Jelentkezz<\/span>\t\t\t\t<\/div>\n\t\t\t\t<\/div>\n\t\t\t\t<div class=\"elementor-element elementor-element-a4baba3 elementor-widget elementor-widget-heading\" data-id=\"a4baba3\" data-element_type=\"widget\" data-widget_type=\"heading.default\">\n\t\t\t\t<div class=\"elementor-widget-container\">\n\t\t\t\t\t<h2 class=\"elementor-heading-title elementor-size-default\">\u00d6szt\u00f6nd\u00edj<\/h2>\t\t\t\t<\/div>\n\t\t\t\t<\/div>\n\t\t\t\t<div class=\"elementor-element elementor-element-94d4010 elementor-widget-divider--view-line elementor-widget elementor-widget-divider\" data-id=\"94d4010\" data-element_type=\"widget\" data-widget_type=\"divider.default\">\n\t\t\t\t<div class=\"elementor-widget-container\">\n\t\t\t\t\t\t\t<div class=\"elementor-divider\">\n\t\t\t<span class=\"elementor-divider-separator\">\n\t\t\t\t\t\t<\/span>\n\t\t<\/div>\n\t\t\t\t\t\t<\/div>\n\t\t\t\t<\/div>\n\t\t\t\t\t<\/div>\n\t\t<\/div>\n\t\t\t\t\t<\/div>\n\t\t<\/section>\n\t\t\t\t\t<\/div>\n\t\t<\/div>\n\t\t\t\t\t<\/div>\n\t\t<\/section>\n\t\t\t\t<section class=\"elementor-section elementor-top-section elementor-element elementor-element-d528c2e elementor-section-boxed elementor-section-height-default elementor-section-height-default\" data-id=\"d528c2e\" data-element_type=\"section\">\n\t\t\t\t\t\t<div class=\"elementor-container elementor-column-gap-default\">\n\t\t\t\t\t<div class=\"elementor-column elementor-col-100 elementor-top-column elementor-element elementor-element-f380d49\" data-id=\"f380d49\" data-element_type=\"column\">\n\t\t\t<div class=\"elementor-widget-wrap elementor-element-populated\">\n\t\t\t\t\t\t<div class=\"elementor-element elementor-element-88f62d5 elementor-widget elementor-widget-heading\" data-id=\"88f62d5\" data-element_type=\"widget\" data-widget_type=\"heading.default\">\n\t\t\t\t<div class=\"elementor-widget-container\">\n\t\t\t\t\t<h2 class=\"elementor-heading-title elementor-size-default\">Add Your Heading Text Here<\/h2>\t\t\t\t<\/div>\n\t\t\t\t<\/div>\n\t\t\t\t<div class=\"elementor-element elementor-element-2aa5d8a elementor-widget elementor-widget-text-editor\" data-id=\"2aa5d8a\" data-element_type=\"widget\" data-widget_type=\"text-editor.default\">\n\t\t\t\t<div class=\"elementor-widget-container\">\n\t\t\t\t\t\t\t\t\t<h4>\u00d6szt\u00f6nd\u00edj k\u00e9rv\u00e9nyez\u00e9se<\/h4><p><span class=\"s1\">Szeretn\u00e9nk biztos\u00edtani, hogy az anyagi lehet\u0151s\u00e9gekkel nem rendelkez\u0151 szem\u00e9lyeknek is lehet\u0151s\u00e9g\u00fck legyen Adrienn &amp; Harald programjain r\u00e9szt venni vagy csatlakozni online \u00f6sszej\u00f6veteleikhez. <\/span><\/p><p class=\"p1\"><span class=\"s1\">Minden elvonul\u00e1son korl\u00e1tozott sz\u00e1m\u00fa teljes \u00e9s r\u00e9szleges \u00f6szt\u00f6nd\u00edjat \u00edt\u00e9lnek oda. Az \u00f6szt\u00f6nd\u00edjak oda\u00edt\u00e9l\u00e9s\u00e9nek krit\u00e9riumai k\u00f6z\u00e9 tartozik az Adrienn \u00e9s Harald melletti szoros elk\u00f6telezetts\u00e9g, az anyagi sz\u00fcks\u00e9glet \u00e9s az \u00f6szt\u00f6nd\u00edjprogramban rendelkez\u00e9sre \u00e1ll\u00f3 forr\u00e1sok \u00f6sszege.<\/span><\/p><p class=\"p1\"><span class=\"s1\">Megjegyz\u00e9s: Az \u00f6szt\u00f6nd\u00edjakat Adrienn \u00e9s Harald vizsg\u00e1lj\u00e1k fel\u00fcl. <\/span><\/p><p class=\"p1\"><span class=\"s1\">Biztos\u00edtani szeretn\u00e9nk \u00d6n\u00f6ket arr\u00f3l, hogy a k\u00e9rv\u00e9nyeket szigor\u00faan bizalmasan kezelj\u00fck.\nHa \u00fagy d\u00f6nt, hogy k\u00e9rv\u00e9nyt ny\u00fajt be egy rendezv\u00e9nyre Adrienn &amp; Harald-n\u00e1l, akkor arra k\u00e9rj\u00fck, hogy \u0151szint\u00e9n m\u00e9rje fel p\u00e9nz\u00fcgyi sz\u00fcks\u00e9glet\u00e9t.<\/span><\/p><p class=\"p2\"><span class=\"s1\">Ha a tervei megv\u00e1ltoznak, \u00e9s nem tud r\u00e9szt venni az esem\u00e9nyen, vagy m\u00e1r nincs sz\u00fcks\u00e9ge finansz\u00edroz\u00e1sra, k\u00e9rj\u00fck, miel\u0151bb \u00e9rtes\u00edtsen benn\u00fcnket.<\/span><\/p><p class=\"p1\"><span class=\"s1\">A p\u00e1ly\u00e1zatok kiv\u00e9tel n\u00e9lk\u00fcl k\u00e9t h\u00e9ttel az esem\u00e9ny els\u0151 napja el\u0151tt esed\u00e9kesek. Minden p\u00e1ly\u00e1z\u00f3t \u00e9rtes\u00edt\u00fcnk arr\u00f3l, hogy \u00f6szt\u00f6nd\u00edjat kaptak, vagy sem, a p\u00e1ly\u00e1zat beny\u00fajt\u00e1s\u00e1t\u00f3l sz\u00e1m\u00edtott egy h\u00e9ten bel\u00fcl. A k\u00e9rv\u00e9nyt ugyanannak a szem\u00e9lynek kell kit\u00f6ltenie, aki az \u00f6szt\u00f6nd\u00edjat k\u00e9ri.<\/span><\/p>\t\t\t\t\t\t\t\t<\/div>\n\t\t\t\t<\/div>\n\t\t\t\t\t<\/div>\n\t\t<\/div>\n\t\t\t\t\t<\/div>\n\t\t<\/section>\n\t\t\t\t<section class=\"elementor-section elementor-top-section elementor-element elementor-element-27085044 elementor-section-boxed elementor-section-height-default elementor-section-height-default\" data-id=\"27085044\" data-element_type=\"section\">\n\t\t\t\t\t\t<div class=\"elementor-container elementor-column-gap-default\">\n\t\t\t\t\t<div class=\"elementor-column elementor-col-33 elementor-top-column elementor-element elementor-element-60818558\" data-id=\"60818558\" data-element_type=\"column\">\n\t\t\t<div class=\"elementor-widget-wrap elementor-element-populated\">\n\t\t\t\t\t\t<section class=\"elementor-section elementor-inner-section elementor-element elementor-element-17f783a3 elementor-section-boxed elementor-section-height-default elementor-section-height-default\" data-id=\"17f783a3\" data-element_type=\"section\">\n\t\t\t\t\t\t<div class=\"elementor-container elementor-column-gap-default\">\n\t\t\t\t\t<div class=\"elementor-column elementor-col-100 elementor-inner-column elementor-element elementor-element-632aa373\" data-id=\"632aa373\" data-element_type=\"column\">\n\t\t\t<div class=\"elementor-widget-wrap\">\n\t\t\t\t\t\t\t<\/div>\n\t\t<\/div>\n\t\t\t\t\t<\/div>\n\t\t<\/section>\n\t\t\t\t\t<\/div>\n\t\t<\/div>\n\t\t\t\t<div class=\"elementor-column elementor-col-33 elementor-top-column elementor-element elementor-element-58978666\" data-id=\"58978666\" data-element_type=\"column\" data-settings=\"{&quot;background_background&quot;:&quot;classic&quot;}\">\n\t\t\t<div class=\"elementor-widget-wrap elementor-element-populated\">\n\t\t\t\t\t\t<section class=\"elementor-section elementor-inner-section elementor-element elementor-element-68724d33 elementor-section-boxed elementor-section-height-default elementor-section-height-default\" data-id=\"68724d33\" data-element_type=\"section\">\n\t\t\t\t\t\t<div class=\"elementor-container elementor-column-gap-default\">\n\t\t\t\t\t<div class=\"elementor-column elementor-col-100 elementor-inner-column elementor-element elementor-element-f4a09d7\" data-id=\"f4a09d7\" data-element_type=\"column\" data-settings=\"{&quot;background_background&quot;:&quot;classic&quot;}\">\n\t\t\t<div class=\"elementor-widget-wrap elementor-element-populated\">\n\t\t\t\t\t\t<div class=\"elementor-element elementor-element-71e588a2 elementor-widget elementor-widget-heading\" data-id=\"71e588a2\" data-element_type=\"widget\" data-widget_type=\"heading.default\">\n\t\t\t\t<div class=\"elementor-widget-container\">\n\t\t\t\t\t<h2 class=\"elementor-heading-title elementor-size-default\">K\u00e9rv\u00e9ny \u00d6szt\u00f6nd\u00edjra<\/h2>\t\t\t\t<\/div>\n\t\t\t\t<\/div>\n\t\t\t\t<div class=\"elementor-element elementor-element-b082dc1 elementor-widget elementor-widget-shortcode\" data-id=\"b082dc1\" data-element_type=\"widget\" data-widget_type=\"shortcode.default\">\n\t\t\t\t<div class=\"elementor-widget-container\">\n\t\t\t\t\t\t\t<div class=\"elementor-shortcode\">[contact-form-7 id=\"5134\" title=\"Scholarship\"]<\/div>\n\t\t\t\t\t\t<\/div>\n\t\t\t\t<\/div>\n\t\t\t\t\t<\/div>\n\t\t<\/div>\n\t\t\t\t\t<\/div>\n\t\t<\/section>\n\t\t\t\t\t<\/div>\n\t\t<\/div>\n\t\t\t\t<div class=\"elementor-column elementor-col-33 elementor-top-column elementor-element elementor-element-40eb67f1\" data-id=\"40eb67f1\" data-element_type=\"column\">\n\t\t\t<div class=\"elementor-widget-wrap\">\n\t\t\t\t\t\t\t<\/div>\n\t\t<\/div>\n\t\t\t\t\t<\/div>\n\t\t<\/section>\n\t\t\t\t<\/div>","protected":false},"excerpt":{"rendered":"<p>apply for a Scholarship Add Your Heading Text Here About the Scholarship We would like to ensure that individuals without the financial means have the opportunity to be in retreat with Adrienn &amp; Harald or to join their online gatherings. A limited number of full and partial scholarships are awarded for each retreat. The criteria [&hellip;]<\/p>","protected":false},"author":4,"featured_media":0,"parent":0,"menu_order":0,"comment_status":"closed","ping_status":"closed","template":"elementor_header_footer","meta":{"footnotes":""},"class_list":["post-4185","page","type-page","status-publish","hentry","wpbf-post"],"_links":{"self":[{"href":"https:\/\/adriennharald.com\/hu\/wp-json\/wp\/v2\/pages\/4185","targetHints":{"allow":["GET"]}}],"collection":[{"href":"https:\/\/adriennharald.com\/hu\/wp-json\/wp\/v2\/pages"}],"about":[{"href":"https:\/\/adriennharald.com\/hu\/wp-json\/wp\/v2\/types\/page"}],"author":[{"embeddable":true,"href":"https:\/\/adriennharald.com\/hu\/wp-json\/wp\/v2\/users\/4"}],"replies":[{"embeddable":true,"href":"https:\/\/adriennharald.com\/hu\/wp-json\/wp\/v2\/comments?post=4185"}],"version-history":[{"count":22,"href":"https:\/\/adriennharald.com\/hu\/wp-json\/wp\/v2\/pages\/4185\/revisions"}],"predecessor-version":[{"id":8148,"href":"https:\/\/adriennharald.com\/hu\/wp-json\/wp\/v2\/pages\/4185\/revisions\/8148"}],"wp:attachment":[{"href":"https:\/\/adriennharald.com\/hu\/wp-json\/wp\/v2\/media?parent=4185"}],"curies":[{"name":"wp","href":"https:\/\/api.w.org\/{rel}","templated":true}]}}