{"id":3,"date":"2021-01-27T15:49:24","date_gmt":"2021-01-27T20:49:24","guid":{"rendered":"https:\/\/34fbe7de36.nxcli.net\/?page_id=3"},"modified":"2023-07-18T18:19:51","modified_gmt":"2023-07-18T16:19:51","slug":"impressum-imprint","status":"publish","type":"page","link":"https:\/\/adriennharald.com\/hu\/impressum-imprint\/","title":{"rendered":"Impresszum"},"content":{"rendered":"<div data-elementor-type=\"wp-page\" data-elementor-id=\"3\" class=\"elementor elementor-3\" data-elementor-post-type=\"page\">\n\t\t\t\t\t\t<section class=\"elementor-section elementor-top-section elementor-element elementor-element-1710131b elementor-section-full_width elementor-section-height-default elementor-section-height-default\" data-id=\"1710131b\" data-element_type=\"section\" data-settings=\"{&quot;background_background&quot;:&quot;classic&quot;}\">\n\t\t\t\t\t\t\t<div class=\"elementor-background-overlay\"><\/div>\n\t\t\t\t\t\t\t<div class=\"elementor-container elementor-column-gap-no\">\n\t\t\t\t\t<div class=\"elementor-column elementor-col-100 elementor-top-column elementor-element elementor-element-18586a0c\" data-id=\"18586a0c\" data-element_type=\"column\">\n\t\t\t<div class=\"elementor-widget-wrap elementor-element-populated\">\n\t\t\t\t\t\t<section class=\"elementor-section elementor-inner-section elementor-element elementor-element-2e13398b elementor-section-boxed elementor-section-height-default elementor-section-height-default\" data-id=\"2e13398b\" data-element_type=\"section\">\n\t\t\t\t\t\t<div class=\"elementor-container elementor-column-gap-default\">\n\t\t\t\t\t<div class=\"elementor-column elementor-col-100 elementor-inner-column elementor-element elementor-element-400e07ec\" data-id=\"400e07ec\" data-element_type=\"column\">\n\t\t\t<div class=\"elementor-widget-wrap elementor-element-populated\">\n\t\t\t\t\t\t<div class=\"elementor-element elementor-element-5ae2823d elementor-widget elementor-widget-heading\" data-id=\"5ae2823d\" data-element_type=\"widget\" data-widget_type=\"heading.default\">\n\t\t\t\t<div class=\"elementor-widget-container\">\n\t\t\t\t\t<h2 class=\"elementor-heading-title elementor-size-default\">Impressum-Imprint<\/h2>\t\t\t\t<\/div>\n\t\t\t\t<\/div>\n\t\t\t\t<div class=\"elementor-element elementor-element-446f55f0 elementor-widget-divider--view-line elementor-widget elementor-widget-divider\" data-id=\"446f55f0\" data-element_type=\"widget\" data-widget_type=\"divider.default\">\n\t\t\t\t<div class=\"elementor-widget-container\">\n\t\t\t\t\t\t\t<div class=\"elementor-divider\">\n\t\t\t<span class=\"elementor-divider-separator\">\n\t\t\t\t\t\t<\/span>\n\t\t<\/div>\n\t\t\t\t\t\t<\/div>\n\t\t\t\t<\/div>\n\t\t\t\t\t<\/div>\n\t\t<\/div>\n\t\t\t\t\t<\/div>\n\t\t<\/section>\n\t\t\t\t\t<\/div>\n\t\t<\/div>\n\t\t\t\t\t<\/div>\n\t\t<\/section>\n\t\t\t\t<section class=\"elementor-section elementor-top-section elementor-element elementor-element-3ad240e elementor-section-boxed elementor-section-height-default elementor-section-height-default\" data-id=\"3ad240e\" data-element_type=\"section\">\n\t\t\t\t\t\t<div class=\"elementor-container elementor-column-gap-default\">\n\t\t\t\t\t<div class=\"elementor-column elementor-col-100 elementor-top-column elementor-element elementor-element-5faea109\" data-id=\"5faea109\" data-element_type=\"column\">\n\t\t\t<div class=\"elementor-widget-wrap elementor-element-populated\">\n\t\t\t\t\t\t<div class=\"elementor-element elementor-element-1b205857 elementor-widget elementor-widget-text-editor\" data-id=\"1b205857\" data-element_type=\"widget\" data-widget_type=\"text-editor.default\">\n\t\t\t\t<div class=\"elementor-widget-container\">\n\t\t\t\t\t\t\t\t\t\n<h3 class=\"wp-block-heading\"><b>Impressum<\/b><\/h3>\n<p>F\u00fcr den Inhalt verantwortlich<\/p>\n<p>Adrienn &amp; Harald OG<\/p>\n<p>Neuhauserstrasse 25<\/p>\n<p>5023 Salzburg<\/p>\n<p>\u00d6sterreich<\/p>\n<p><b>Kontaktinformation<\/b><\/p>\n<p>Adrienn Freund<\/p>\n<p>Tel: +43 660 6792228<\/p>\n<p>Harald Freund<\/p>\n<p>Tel: +43 650 7722774<\/p>\n<p>Email: info(@)adriennharald(.)com<\/p>\n<p><strong>Bildquellen:<\/strong><br \/>eigene Fotos von Adrienn und Harald Freund, und istockphoto.com shutterstock.com;\u00a0pixabay.com\/de\/<\/p>\n<p><b>Font<\/b>: https:\/\/www.creativefabrica.com\/fonts\/<\/p>\n<p><b>Logo, illustrations and drawings:<\/b> Mariann B\u00e1lint illustrator, thank you!<\/p>\n<p><b>Webdesign: <\/b>Kelly Harrison<\/p>\n<p>https:\/\/www.kharrison.info\/<\/p>\n<p>und danke f\u00fcr IT Unterst\u00fctzung: Zubin Mathai<\/p>\n<p><b>Rechtshinweise &amp; Copyright<\/b><br \/>Die Website www.adriennharald.com stellt Informationen und Daten zur Verf\u00fcgung die durch Adrienn und Harald Freund sorgf\u00e4ltig gepr\u00fcft und regelm\u00e4\u00dfig aktualisiert werden. Zus\u00e4tzlich werden mittels Hyperlinks (Internetverkn\u00fcpfung) Informationen anderer Websites angeboten.<br \/><br \/>Adrienn and Harald Freund sind nicht verantwortlich f\u00fcr Inhalte externer Internetseiten. Weiters nimmt Adrienn und Harald Freund keinen Einfluss auf Gestaltung und Inhalte der Seiten, zu denen man von www.adriennharald.com durch Hyperlinks gelangen kann oder von denen durch Hyperlinks auf www.adriennharald.com verwiesen wird. F\u00fcr die Korrektheit, Vollst\u00e4ndigkeit oder Aktualit\u00e4t wird keine Gew\u00e4hr (weder ausdr\u00fccklich noch stillschweigend) \u00fcbernommen.<br \/><br \/>Die Inhalte von www.adriennharald.com unterliegen dem Recht des Urhebers. Vervielf\u00e4ltigung nur mit Genehmigung von Adrienn Freund und Harald Freund.<\/p>\n<p class=\"western\"><strong>Zusatz<\/strong><\/p>\n<p>Vorsorglich weisen wir darauf hin, da\u00df die von uns abgegebenen Informationen auf der Homepage nicht genutzt werden k\u00f6nnen, um Krankheiten oder Leiden selbst zu erkennen und zu therapieren.<\/p>\n<pre id=\"tw-target-text\" class=\"tw-data-text tw-text-large tw-ta\" dir=\"ltr\" data-placeholder=\"Translation\"><span class=\"Y2IQFc\" lang=\"de\">Az oldal nem tartalmazhat \u00e9s nem tartalmaz orvosi\/eg\u00e9szs\u00e9g\u00fcgyi tan\u00e1csokat. Az orvosi\/eg\u00e9szs\u00e9g\u00fcgyi inform\u00e1ci\u00f3k csak \u00e1ltal\u00e1nos t\u00e1j\u00e9koztat\u00e1si \u00e9s oktat\u00e1si c\u00e9lokat szolg\u00e1lnak, \u00e9s nem helyettes\u00edtik a szakmai tan\u00e1csokat. Ennek megfelel\u0151en, miel\u0151tt b\u00e1rmilyen int\u00e9zked\u00e9st tenne az ilyen inform\u00e1ci\u00f3k alapj\u00e1n, javasoljuk, hogy konzult\u00e1ljon a megfelel\u0151 szakemberekkel. Semmif\u00e9le orvosi\/eg\u00e9szs\u00e9g\u00fcgyi tan\u00e1csot nem adunk. AZ EZEN AZ OLDALON TAL\u00c1LHAT\u00d3 B\u00c1RMELY INFORM\u00c1CI\u00d3 FELHASZN\u00c1L\u00c1SA VAGY B\u00c1RMELY HASZN\u00c1LATA KIZ\u00c1R\u00d3LAG SAJ\u00c1T FELEL\u0150SS\u00c9GRE T\u00d6RT\u00c9NIK.<\/span><\/pre>\n<p>English version, please find here.<\/p>\n<h3 class=\"p1\"><strong>Imprint<\/strong><\/h3>\n<p class=\"p1\">Responsible for the content Adrienn &amp; Harald OG Neuhauserstrasse 25 5023 Salzburg Austria<\/p>\n<p class=\"p1\"><b>Contact information: <\/b>Adrienn Freund Tel: +43 660 6792228 Harald Freund Tel: +43 650 7722774 Email: info (@) adriennharald (.) Com<\/p>\n<p class=\"p1\"><b>Image sources: <\/b>own photos by Adrienn and Harald Freund, and istockphoto.com shutterstock.com; pixabay.com\/de\/<\/p>\n<p class=\"p1\"><b>Font: <\/b>https:\/\/www.creativefabrica.com\/fonts\/<\/p>\n<p class=\"p1\"><b>Logo, Illustrationen und Zeichnungen: <\/b>Mariann B\u00e1lint Illustratorin, danke!<\/p>\n<p class=\"p1\"><b>Web design: <\/b>Kelly Harrison https:\/\/www.kharrison.info\/and thanks for IT support: Zubin Mathai<\/p>\n<p class=\"p1\"><b>Legal notices &amp; copyright: <\/b>The website www.adriennharald.com provides information and data that are carefully checked and regularly updated by Adrienn and Harald Freund. In addition, information from other websites is offered by means of hyperlinks (Internet links). Adrienn and Harald Freund are not responsible for the content of external websites. Furthermore, Adrienn and Harald Freund have no influence on the design and content of the pages that can be accessed from www.adriennharald.com via hyperlinks or from which hyperlinks refer to www.adriennharald.com. No guarantee (either express or tacit) is assumed for the correctness, completeness or topicality. The content of www.adriennharald.com is subject to the copyright of the author. Reproduction only with the permission of Adrienn Freund and Harald Freund.<\/p>\n<p class=\"p1\"><b>In addition:<\/b> As a precaution, we would like to point out that the information provided by us on the homepage cannot be used to identify and treat illnesses or ailments yourself.<\/p>\n<p data-custom-class=\"body_text\">Az oldal nem tartalmazhat \u00e9s nem tartalmaz orvosi\/eg\u00e9szs\u00e9g\u00fcgyi tan\u00e1csokat. Az orvosi\/eg\u00e9szs\u00e9g\u00fcgyi inform\u00e1ci\u00f3k csak \u00e1ltal\u00e1nos t\u00e1j\u00e9koztat\u00e1si \u00e9s oktat\u00e1si c\u00e9lokat szolg\u00e1lnak, \u00e9s nem helyettes\u00edtik a szakmai tan\u00e1csokat. Ennek megfelel\u0151en, miel\u0151tt b\u00e1rmilyen int\u00e9zked\u00e9st tenne az ilyen inform\u00e1ci\u00f3k alapj\u00e1n, javasoljuk, hogy konzult\u00e1ljon a megfelel\u0151 szakemberekkel. Semmif\u00e9le orvosi\/eg\u00e9szs\u00e9g\u00fcgyi tan\u00e1csot nem adunk. AZ EZEN AZ OLDALON TAL\u00c1LHAT\u00d3 B\u00c1RMELY INFORM\u00c1CI\u00d3 FELHASZN\u00c1L\u00c1SA VAGY B\u00c1RMELY HASZN\u00c1LATA KIZ\u00c1R\u00d3LAG SAJ\u00c1T FELEL\u0150SS\u00c9GRE T\u00d6RT\u00c9NIK.<\/p>\n<pre class=\"western\">\u00a0<\/pre>\n\t\t\t\t\t\t\t\t<\/div>\n\t\t\t\t<\/div>\n\t\t\t\t\t<\/div>\n\t\t<\/div>\n\t\t\t\t\t<\/div>\n\t\t<\/section>\n\t\t\t\t<section class=\"elementor-section elementor-top-section elementor-element elementor-element-4a779cbb elementor-section-boxed elementor-section-height-default elementor-section-height-default\" data-id=\"4a779cbb\" data-element_type=\"section\" data-settings=\"{&quot;background_background&quot;:&quot;classic&quot;}\">\n\t\t\t\t\t\t<div class=\"elementor-container elementor-column-gap-no\">\n\t\t\t\t\t<div class=\"elementor-column elementor-col-100 elementor-top-column elementor-element elementor-element-35e90ed9\" data-id=\"35e90ed9\" data-element_type=\"column\">\n\t\t\t<div class=\"elementor-widget-wrap\">\n\t\t\t\t\t\t\t<\/div>\n\t\t<\/div>\n\t\t\t\t\t<\/div>\n\t\t<\/section>\n\t\t\t\t<\/div>","protected":false},"excerpt":{"rendered":"<p>Impressum-Imprint Impressum F\u00fcr den Inhalt verantwortlich Adrienn &amp; Harald OG Neuhauserstrasse 25 5023 Salzburg \u00d6sterreich Kontaktinformation Adrienn Freund Tel: +43 660 6792228 Harald Freund Tel: +43 650 7722774 Email: info(@)adriennharald(.)com Bildquellen:eigene Fotos von Adrienn und Harald Freund, und istockphoto.com shutterstock.com;\u00a0pixabay.com\/de\/ Font: https:\/\/www.creativefabrica.com\/fonts\/ Logo, illustrations and drawings: Mariann B\u00e1lint illustrator, thank you! Webdesign: Kelly Harrison https:\/\/www.kharrison.info\/ [&hellip;]<\/p>","protected":false},"author":1,"featured_media":0,"parent":0,"menu_order":0,"comment_status":"closed","ping_status":"closed","template":"elementor_header_footer","meta":{"footnotes":""},"class_list":["post-3","page","type-page","status-publish","hentry","wpbf-post"],"_links":{"self":[{"href":"https:\/\/adriennharald.com\/hu\/wp-json\/wp\/v2\/pages\/3","targetHints":{"allow":["GET"]}}],"collection":[{"href":"https:\/\/adriennharald.com\/hu\/wp-json\/wp\/v2\/pages"}],"about":[{"href":"https:\/\/adriennharald.com\/hu\/wp-json\/wp\/v2\/types\/page"}],"author":[{"embeddable":true,"href":"https:\/\/adriennharald.com\/hu\/wp-json\/wp\/v2\/users\/1"}],"replies":[{"embeddable":true,"href":"https:\/\/adriennharald.com\/hu\/wp-json\/wp\/v2\/comments?post=3"}],"version-history":[{"count":41,"href":"https:\/\/adriennharald.com\/hu\/wp-json\/wp\/v2\/pages\/3\/revisions"}],"predecessor-version":[{"id":8118,"href":"https:\/\/adriennharald.com\/hu\/wp-json\/wp\/v2\/pages\/3\/revisions\/8118"}],"wp:attachment":[{"href":"https:\/\/adriennharald.com\/hu\/wp-json\/wp\/v2\/media?parent=3"}],"curies":[{"name":"wp","href":"https:\/\/api.w.org\/{rel}","templated":true}]}}