{"id":2413,"date":"2021-03-11T15:58:26","date_gmt":"2021-03-11T20:58:26","guid":{"rendered":"https:\/\/34fbe7de36.nxcli.net\/?page_id=2413"},"modified":"2023-07-18T18:17:51","modified_gmt":"2023-07-18T16:17:51","slug":"contributions-2","status":"publish","type":"page","link":"https:\/\/adriennharald.com\/hu\/contributions-2\/","title":{"rendered":"Contributions"},"content":{"rendered":"<div data-elementor-type=\"wp-page\" data-elementor-id=\"2413\" class=\"elementor elementor-2413\" data-elementor-post-type=\"page\">\n\t\t\t\t\t\t<section class=\"elementor-section elementor-top-section elementor-element elementor-element-498672f elementor-section-full_width elementor-section-height-default elementor-section-height-default\" data-id=\"498672f\" data-element_type=\"section\" data-settings=\"{&quot;background_background&quot;:&quot;classic&quot;}\">\n\t\t\t\t\t\t\t<div class=\"elementor-background-overlay\"><\/div>\n\t\t\t\t\t\t\t<div class=\"elementor-container elementor-column-gap-no\">\n\t\t\t\t\t<div class=\"elementor-column elementor-col-100 elementor-top-column elementor-element elementor-element-cc8bb27\" data-id=\"cc8bb27\" data-element_type=\"column\">\n\t\t\t<div class=\"elementor-widget-wrap elementor-element-populated\">\n\t\t\t\t\t\t<section class=\"elementor-section elementor-inner-section elementor-element elementor-element-786b946 elementor-section-boxed elementor-section-height-default elementor-section-height-default\" data-id=\"786b946\" data-element_type=\"section\">\n\t\t\t\t\t\t<div class=\"elementor-container elementor-column-gap-default\">\n\t\t\t\t\t<div class=\"elementor-column elementor-col-100 elementor-inner-column elementor-element elementor-element-664b3bc\" data-id=\"664b3bc\" data-element_type=\"column\">\n\t\t\t<div class=\"elementor-widget-wrap elementor-element-populated\">\n\t\t\t\t\t\t<div class=\"elementor-element elementor-element-b8420fe elementor-widget elementor-widget-heading\" data-id=\"b8420fe\" data-element_type=\"widget\" data-widget_type=\"heading.default\">\n\t\t\t\t<div class=\"elementor-widget-container\">\n\t\t\t\t\t<span class=\"elementor-heading-title elementor-size-default\">Aj\u00e1nd\u00e9kozz<\/span>\t\t\t\t<\/div>\n\t\t\t\t<\/div>\n\t\t\t\t<div class=\"elementor-element elementor-element-b49afa4 elementor-widget elementor-widget-heading\" data-id=\"b49afa4\" data-element_type=\"widget\" data-widget_type=\"heading.default\">\n\t\t\t\t<div class=\"elementor-widget-container\">\n\t\t\t\t\t<h2 class=\"elementor-heading-title elementor-size-default\">J\u00e1rulj hozz\u00e1 most<\/h2>\t\t\t\t<\/div>\n\t\t\t\t<\/div>\n\t\t\t\t<div class=\"elementor-element elementor-element-c828889 elementor-widget-divider--view-line elementor-widget elementor-widget-divider\" data-id=\"c828889\" data-element_type=\"widget\" data-widget_type=\"divider.default\">\n\t\t\t\t<div class=\"elementor-widget-container\">\n\t\t\t\t\t\t\t<div class=\"elementor-divider\">\n\t\t\t<span class=\"elementor-divider-separator\">\n\t\t\t\t\t\t<\/span>\n\t\t<\/div>\n\t\t\t\t\t\t<\/div>\n\t\t\t\t<\/div>\n\t\t\t\t\t<\/div>\n\t\t<\/div>\n\t\t\t\t\t<\/div>\n\t\t<\/section>\n\t\t\t\t\t<\/div>\n\t\t<\/div>\n\t\t\t\t\t<\/div>\n\t\t<\/section>\n\t\t\t\t<section class=\"elementor-section elementor-top-section elementor-element elementor-element-fff312b elementor-section-boxed elementor-section-height-default elementor-section-height-default\" data-id=\"fff312b\" data-element_type=\"section\">\n\t\t\t\t\t\t<div class=\"elementor-container elementor-column-gap-default\">\n\t\t\t\t\t<div class=\"elementor-column elementor-col-100 elementor-top-column elementor-element elementor-element-aaa2e6c\" data-id=\"aaa2e6c\" data-element_type=\"column\">\n\t\t\t<div class=\"elementor-widget-wrap elementor-element-populated\">\n\t\t\t\t\t\t<div class=\"elementor-element elementor-element-f7c6bdf elementor-widget elementor-widget-text-editor\" data-id=\"f7c6bdf\" data-element_type=\"widget\" data-widget_type=\"text-editor.default\">\n\t\t\t\t<div class=\"elementor-widget-container\">\n\t\t\t\t\t\t\t\t\t<p>T\u00e1mogasd Adrienn &amp; Harald munk\u00e1j\u00e1t<\/p>\t\t\t\t\t\t\t\t<\/div>\n\t\t\t\t<\/div>\n\t\t\t\t\t<\/div>\n\t\t<\/div>\n\t\t\t\t\t<\/div>\n\t\t<\/section>\n\t\t\t\t<section class=\"elementor-section elementor-top-section elementor-element elementor-element-2416f28c elementor-section-boxed elementor-section-height-default elementor-section-height-default\" data-id=\"2416f28c\" data-element_type=\"section\" data-settings=\"{&quot;background_background&quot;:&quot;classic&quot;}\">\n\t\t\t\t\t\t<div class=\"elementor-container elementor-column-gap-default\">\n\t\t\t\t\t<div class=\"elementor-column elementor-col-100 elementor-top-column elementor-element elementor-element-26b29e86\" data-id=\"26b29e86\" data-element_type=\"column\">\n\t\t\t<div class=\"elementor-widget-wrap elementor-element-populated\">\n\t\t\t\t\t\t<div class=\"elementor-element elementor-element-5af39da1 elementor-widget elementor-widget-text-editor\" data-id=\"5af39da1\" data-element_type=\"widget\" data-widget_type=\"text-editor.default\">\n\t\t\t\t<div class=\"elementor-widget-container\">\n\t\t\t\t\t\t\t\t\t<p>Ha szeretn\u00e9d Adrienn &amp; Harald muk\u00e1j\u00e1t t\u00e1mogatni, szeretettel fogadjuk a hozz\u00e1j\u00e1rul\u00e1sodat. A seg\u00edts\u00e9ged lehet\u0151v\u00e9 teszi Adrienn \u00e9s Harald sz\u00e1m\u00e1ra, hogy a tan\u00edt\u00e1saikat m\u00e9g sz\u00e9lesebb k\u00f6rben k\u00edn\u00e1lhass\u00e1k, ide\u00e9rtve azokat, akiknek nincs meg a p\u00e9nz\u00fcgyi lehet\u0151s\u00e9g\u00fck r\u00e9sztvenni az alkalmakon. K\u00f6sz\u00f6nj\u00fck a nagylelk\u0171s\u00e9gedet!<\/p>\t\t\t\t\t\t\t\t<\/div>\n\t\t\t\t<\/div>\n\t\t\t\t<div class=\"elementor-element elementor-element-7f8ad7f3 elementor-tablet-align-center elementor-mobile-align-justify elementor-align-center elementor-widget elementor-widget-button\" data-id=\"7f8ad7f3\" data-element_type=\"widget\" data-widget_type=\"button.default\">\n\t\t\t\t<div class=\"elementor-widget-container\">\n\t\t\t\t\t\t\t\t\t<div class=\"elementor-button-wrapper\">\n\t\t\t\t\t<a class=\"elementor-button elementor-button-link elementor-size-sm elementor-animation-grow\" href=\"https:\/\/www.paypal.com\/donate?hosted_button_id=F3V3SXGNM6TAJ\">\n\t\t\t\t\t\t<span class=\"elementor-button-content-wrapper\">\n\t\t\t\t\t\t\t\t\t<span class=\"elementor-button-text\">Hozz\u00e1j\u00e1rul\u00e1s itt<\/span>\n\t\t\t\t\t<\/span>\n\t\t\t\t\t<\/a>\n\t\t\t\t<\/div>\n\t\t\t\t\t\t\t\t<\/div>\n\t\t\t\t<\/div>\n\t\t\t\t\t<\/div>\n\t\t<\/div>\n\t\t\t\t\t<\/div>\n\t\t<\/section>\n\t\t\t\t<section class=\"elementor-section elementor-top-section elementor-element elementor-element-1232220 elementor-section-boxed elementor-section-height-default elementor-section-height-default\" data-id=\"1232220\" data-element_type=\"section\" data-settings=\"{&quot;background_background&quot;:&quot;classic&quot;}\">\n\t\t\t\t\t\t<div class=\"elementor-container elementor-column-gap-default\">\n\t\t\t\t\t<div class=\"elementor-column elementor-col-50 elementor-top-column elementor-element elementor-element-09821ab\" data-id=\"09821ab\" data-element_type=\"column\">\n\t\t\t<div class=\"elementor-widget-wrap elementor-element-populated\">\n\t\t\t\t\t\t<div class=\"elementor-element elementor-element-f5b27ee elementor-widget elementor-widget-text-editor\" data-id=\"f5b27ee\" data-element_type=\"widget\" data-widget_type=\"text-editor.default\">\n\t\t\t\t<div class=\"elementor-widget-container\">\n\t\t\t\t\t\t\t\t\t<p>A hozz\u00e1j\u00e1rul\u00e1st bankk\u00e1rty\u00e1val vagy Paypal-on kereszt\u00fcl tudod megtenni vagy szem\u00e9lyesen a tal\u00e1lkoz\u00f3kon.<\/p>\t\t\t\t\t\t\t\t<\/div>\n\t\t\t\t<\/div>\n\t\t\t\t\t<\/div>\n\t\t<\/div>\n\t\t\t\t<div class=\"elementor-column elementor-col-50 elementor-top-column elementor-element elementor-element-a46ff04\" data-id=\"a46ff04\" data-element_type=\"column\">\n\t\t\t<div class=\"elementor-widget-wrap elementor-element-populated\">\n\t\t\t\t\t\t<div class=\"elementor-element elementor-element-f518c17 elementor-widget elementor-widget-text-editor\" data-id=\"f518c17\" data-element_type=\"widget\" data-widget_type=\"text-editor.default\">\n\t\t\t\t<div class=\"elementor-widget-container\">\n\t\t\t\t\t\t\t\t\t<b>Adrienn &amp; Harald OG<\/b><br>\n5023 Salzburg\u00a0Neuhauserstrasse 25<br>\nAustria<\/br><\/br>\t\t\t\t\t\t\t\t<\/div>\n\t\t\t\t<\/div>\n\t\t\t\t<div class=\"elementor-element elementor-element-9ab644f elementor-widget elementor-widget-text-editor\" data-id=\"9ab644f\" data-element_type=\"widget\" data-widget_type=\"text-editor.default\">\n\t\t\t\t<div class=\"elementor-widget-container\">\n\t\t\t\t\t\t\t\t\t<p><i>K\u00e9rj\u00fck, vedd figyelembe, hogy a hozz\u00e1j\u00e1rul\u00e1sok nem vonnak maguk ut\u00e1n ad\u00f3kedvezm\u00e9nyt.<\/i><\/p>\t\t\t\t\t\t\t\t<\/div>\n\t\t\t\t<\/div>\n\t\t\t\t\t<\/div>\n\t\t<\/div>\n\t\t\t\t\t<\/div>\n\t\t<\/section>\n\t\t\t\t<section class=\"elementor-section elementor-top-section elementor-element elementor-element-146adaa elementor-section-content-top elementor-section-boxed elementor-section-height-default elementor-section-height-default\" data-id=\"146adaa\" data-element_type=\"section\">\n\t\t\t\t\t\t<div class=\"elementor-container elementor-column-gap-default\">\n\t\t\t\t\t<div class=\"elementor-column elementor-col-100 elementor-top-column elementor-element elementor-element-7922313\" data-id=\"7922313\" data-element_type=\"column\">\n\t\t\t<div class=\"elementor-widget-wrap elementor-element-populated\">\n\t\t\t\t\t\t<div class=\"elementor-element elementor-element-bbb3726 elementor-widget elementor-widget-image\" data-id=\"bbb3726\" data-element_type=\"widget\" data-widget_type=\"image.default\">\n\t\t\t\t<div class=\"elementor-widget-container\">\n\t\t\t\t\t\t\t\t\t\t\t\t\t\t\t<img fetchpriority=\"high\" decoding=\"async\" width=\"600\" height=\"170\" src=\"https:\/\/adriennharald.com\/wp-content\/uploads\/2021\/03\/thank_you2_600.png\" class=\"attachment-full size-full wp-image-2616\" alt=\"\" srcset=\"https:\/\/adriennharald.com\/wp-content\/uploads\/2021\/03\/thank_you2_600.png 600w, https:\/\/adriennharald.com\/wp-content\/uploads\/2021\/03\/thank_you2_600-300x85.png 300w, https:\/\/adriennharald.com\/wp-content\/uploads\/2021\/03\/thank_you2_600-16x5.png 16w\" sizes=\"(max-width: 600px) 100vw, 600px\" \/>\t\t\t\t\t\t\t\t\t\t\t\t\t\t\t<\/div>\n\t\t\t\t<\/div>\n\t\t\t\t\t<\/div>\n\t\t<\/div>\n\t\t\t\t\t<\/div>\n\t\t<\/section>\n\t\t\t\t<section class=\"elementor-section elementor-top-section elementor-element elementor-element-980b4a8 elementor-section-boxed elementor-section-height-default elementor-section-height-default\" data-id=\"980b4a8\" data-element_type=\"section\" data-settings=\"{&quot;background_background&quot;:&quot;classic&quot;}\">\n\t\t\t\t\t\t<div class=\"elementor-container elementor-column-gap-no\">\n\t\t\t\t\t<div class=\"elementor-column elementor-col-100 elementor-top-column elementor-element elementor-element-43d623b5\" data-id=\"43d623b5\" data-element_type=\"column\">\n\t\t\t<div class=\"elementor-widget-wrap\">\n\t\t\t\t\t\t\t<\/div>\n\t\t<\/div>\n\t\t\t\t\t<\/div>\n\t\t<\/section>\n\t\t\t\t<\/div>","protected":false},"excerpt":{"rendered":"<p>Give a Gift Contribute Support Adrienn &amp; Harald&#8217;s Work If you would like to support Adrienn &amp; Harald\u2019s work, you are welcome to make a contribution. Your financial support helps make it possible for Adrienn &amp; Harald to offer their teachings as widely as possible, including those who don\u2019t otherwise have the financial means to [&hellip;]<\/p>","protected":false},"author":4,"featured_media":0,"parent":0,"menu_order":0,"comment_status":"closed","ping_status":"closed","template":"elementor_header_footer","meta":{"footnotes":""},"class_list":["post-2413","page","type-page","status-publish","hentry","wpbf-post"],"_links":{"self":[{"href":"https:\/\/adriennharald.com\/hu\/wp-json\/wp\/v2\/pages\/2413","targetHints":{"allow":["GET"]}}],"collection":[{"href":"https:\/\/adriennharald.com\/hu\/wp-json\/wp\/v2\/pages"}],"about":[{"href":"https:\/\/adriennharald.com\/hu\/wp-json\/wp\/v2\/types\/page"}],"author":[{"embeddable":true,"href":"https:\/\/adriennharald.com\/hu\/wp-json\/wp\/v2\/users\/4"}],"replies":[{"embeddable":true,"href":"https:\/\/adriennharald.com\/hu\/wp-json\/wp\/v2\/comments?post=2413"}],"version-history":[{"count":208,"href":"https:\/\/adriennharald.com\/hu\/wp-json\/wp\/v2\/pages\/2413\/revisions"}],"predecessor-version":[{"id":8080,"href":"https:\/\/adriennharald.com\/hu\/wp-json\/wp\/v2\/pages\/2413\/revisions\/8080"}],"wp:attachment":[{"href":"https:\/\/adriennharald.com\/hu\/wp-json\/wp\/v2\/media?parent=2413"}],"curies":[{"name":"wp","href":"https:\/\/api.w.org\/{rel}","templated":true}]}}