{"id":2363,"date":"2021-03-11T00:54:47","date_gmt":"2021-03-11T05:54:47","guid":{"rendered":"https:\/\/34fbe7de36.nxcli.net\/?page_id=2363"},"modified":"2023-07-18T18:22:39","modified_gmt":"2023-07-18T16:22:39","slug":"testimonials","status":"publish","type":"page","link":"https:\/\/adriennharald.com\/hu\/testimonials\/","title":{"rendered":"R\u00f3lunk mondt\u00e1k"},"content":{"rendered":"<div data-elementor-type=\"wp-page\" data-elementor-id=\"2363\" class=\"elementor elementor-2363\" data-elementor-post-type=\"page\">\n\t\t\t\t\t\t<section class=\"elementor-section elementor-top-section elementor-element elementor-element-6905313a elementor-section-full_width elementor-section-height-default elementor-section-height-default\" data-id=\"6905313a\" data-element_type=\"section\" data-settings=\"{&quot;background_background&quot;:&quot;classic&quot;}\">\n\t\t\t\t\t\t\t<div class=\"elementor-background-overlay\"><\/div>\n\t\t\t\t\t\t\t<div class=\"elementor-container elementor-column-gap-no\">\n\t\t\t\t\t<div class=\"elementor-column elementor-col-100 elementor-top-column elementor-element elementor-element-762c7191\" data-id=\"762c7191\" data-element_type=\"column\">\n\t\t\t<div class=\"elementor-widget-wrap elementor-element-populated\">\n\t\t\t\t\t\t<section class=\"elementor-section elementor-inner-section elementor-element elementor-element-7439cabd elementor-section-boxed elementor-section-height-default elementor-section-height-default\" data-id=\"7439cabd\" data-element_type=\"section\">\n\t\t\t\t\t\t<div class=\"elementor-container elementor-column-gap-default\">\n\t\t\t\t\t<div class=\"elementor-column elementor-col-100 elementor-inner-column elementor-element elementor-element-2f6e5851\" data-id=\"2f6e5851\" data-element_type=\"column\">\n\t\t\t<div class=\"elementor-widget-wrap elementor-element-populated\">\n\t\t\t\t\t\t<div class=\"elementor-element elementor-element-45ffc429 elementor-widget elementor-widget-heading\" data-id=\"45ffc429\" data-element_type=\"widget\" data-widget_type=\"heading.default\">\n\t\t\t\t<div class=\"elementor-widget-container\">\n\t\t\t\t\t<span class=\"elementor-heading-title elementor-size-default\">lorum ipsum fugit est tuis<\/span>\t\t\t\t<\/div>\n\t\t\t\t<\/div>\n\t\t\t\t<div class=\"elementor-element elementor-element-7549e9a6 elementor-widget elementor-widget-heading\" data-id=\"7549e9a6\" data-element_type=\"widget\" data-widget_type=\"heading.default\">\n\t\t\t\t<div class=\"elementor-widget-container\">\n\t\t\t\t\t<h2 class=\"elementor-heading-title elementor-size-default\">R\u00f3lunk mondt\u00e1k<\/h2>\t\t\t\t<\/div>\n\t\t\t\t<\/div>\n\t\t\t\t<div class=\"elementor-element elementor-element-627e098c elementor-widget-divider--view-line elementor-widget elementor-widget-divider\" data-id=\"627e098c\" data-element_type=\"widget\" data-widget_type=\"divider.default\">\n\t\t\t\t<div class=\"elementor-widget-container\">\n\t\t\t\t\t\t\t<div class=\"elementor-divider\">\n\t\t\t<span class=\"elementor-divider-separator\">\n\t\t\t\t\t\t<\/span>\n\t\t<\/div>\n\t\t\t\t\t\t<\/div>\n\t\t\t\t<\/div>\n\t\t\t\t\t<\/div>\n\t\t<\/div>\n\t\t\t\t\t<\/div>\n\t\t<\/section>\n\t\t\t\t\t<\/div>\n\t\t<\/div>\n\t\t\t\t\t<\/div>\n\t\t<\/section>\n\t\t\t\t<section class=\"elementor-section elementor-top-section elementor-element elementor-element-769bdc13 elementor-section-boxed elementor-section-height-default elementor-section-height-default\" data-id=\"769bdc13\" data-element_type=\"section\" data-settings=\"{&quot;background_background&quot;:&quot;classic&quot;}\">\n\t\t\t\t\t\t<div class=\"elementor-container elementor-column-gap-default\">\n\t\t\t\t\t<div class=\"elementor-column elementor-col-50 elementor-top-column elementor-element elementor-element-1d45d863\" data-id=\"1d45d863\" data-element_type=\"column\">\n\t\t\t<div class=\"elementor-widget-wrap elementor-element-populated\">\n\t\t\t\t\t\t<div class=\"elementor-element elementor-element-1f72886c elementor-widget elementor-widget-text-editor\" data-id=\"1f72886c\" data-element_type=\"widget\" data-widget_type=\"text-editor.default\">\n\t\t\t\t<div class=\"elementor-widget-container\">\n\t\t\t\t\t\t\t\t\t<p>Ebben a pillanatban a s\u00falypont nagy durran\u00e1ssal a fejb\u0151l a sz\u00edvbe csap\u00f3dik \u00e9s szavak n\u00e9lk\u00fcl maradsz. Ut\u00f3lag meg kacaghatsz azon, hogy a nagy klis\u00e9 mondatok m\u00e9lyen igazak.\u00a0<\/p>\t\t\t\t\t\t\t\t<\/div>\n\t\t\t\t<\/div>\n\t\t\t\t\t<\/div>\n\t\t<\/div>\n\t\t\t\t<div class=\"elementor-column elementor-col-50 elementor-top-column elementor-element elementor-element-7b9ccac1\" data-id=\"7b9ccac1\" data-element_type=\"column\">\n\t\t\t<div class=\"elementor-widget-wrap elementor-element-populated\">\n\t\t\t\t\t\t<div class=\"elementor-element elementor-element-10018b01 elementor-widget elementor-widget-image\" data-id=\"10018b01\" data-element_type=\"widget\" data-widget_type=\"image.default\">\n\t\t\t\t<div class=\"elementor-widget-container\">\n\t\t\t\t\t\t\t\t\t\t\t\t\t\t\t<img fetchpriority=\"high\" decoding=\"async\" width=\"2113\" height=\"1556\" src=\"https:\/\/adriennharald.com\/wp-content\/uploads\/2021\/02\/testimonial.jpg\" class=\"attachment-full size-full wp-image-925\" alt=\"\" srcset=\"https:\/\/adriennharald.com\/wp-content\/uploads\/2021\/02\/testimonial.jpg 2113w, https:\/\/adriennharald.com\/wp-content\/uploads\/2021\/02\/testimonial-300x221.jpg 300w, https:\/\/adriennharald.com\/wp-content\/uploads\/2021\/02\/testimonial-1024x754.jpg 1024w, https:\/\/adriennharald.com\/wp-content\/uploads\/2021\/02\/testimonial-768x566.jpg 768w, https:\/\/adriennharald.com\/wp-content\/uploads\/2021\/02\/testimonial-1536x1131.jpg 1536w, https:\/\/adriennharald.com\/wp-content\/uploads\/2021\/02\/testimonial-2048x1508.jpg 2048w\" sizes=\"(max-width: 2113px) 100vw, 2113px\" \/>\t\t\t\t\t\t\t\t\t\t\t\t\t\t\t<\/div>\n\t\t\t\t<\/div>\n\t\t\t\t\t<\/div>\n\t\t<\/div>\n\t\t\t\t\t<\/div>\n\t\t<\/section>\n\t\t\t\t<section class=\"elementor-section elementor-top-section elementor-element elementor-element-2363a56b elementor-section-boxed elementor-section-height-default elementor-section-height-default\" data-id=\"2363a56b\" data-element_type=\"section\" data-settings=\"{&quot;background_background&quot;:&quot;classic&quot;}\">\n\t\t\t\t\t\t<div class=\"elementor-container elementor-column-gap-default\">\n\t\t\t\t\t<div class=\"elementor-column elementor-col-100 elementor-top-column elementor-element elementor-element-4a09352f\" data-id=\"4a09352f\" data-element_type=\"column\">\n\t\t\t<div class=\"elementor-widget-wrap elementor-element-populated\">\n\t\t\t\t\t\t<div class=\"elementor-element elementor-element-18c8aea3 elementor-widget elementor-widget-text-editor\" data-id=\"18c8aea3\" data-element_type=\"widget\" data-widget_type=\"text-editor.default\">\n\t\t\t\t<div class=\"elementor-widget-container\">\n\t\t\t\t\t\t\t\t\t<p>Ahhoz, hogy ezt meg\u00e9ljem, Adrienn igazi bar\u00e1ti figyelme seg\u00edtett hozz\u00e1. Olyan tudatoss\u00e1g, ami nem hagyott kislisszanni a f\u00e9lrebesz\u00e9l\u00e9s kiskapuj\u00e1n, hogy visszakucorodhassak a komfortz\u00f3n\u00e1m langymeleg\u00e9be.<\/p><p>\u00c9s kellettek Adriennt\u0151l a seg\u00edt\u0151 mondatok, a kapuhoz terelget\u0151 k\u00e9rd\u00e9sek, mert igaz\u00e1b\u00f3l az elme t\u00e9nyleg mindig csak \u00f6nigazol\u00e1sokat gy\u00e1rt. Egy \u00f6k\u00f6lcsap\u00e1ssal fel\u00e9r, de mondhatom, mindent meg\u00e9r az a pillanat, amikor leteszed az \u00e1larcokat, megindulsz befel\u00e9, meg\u00e9rinted a f\u00e1jdalmadat \u00e9s megn\u00e9zed, mi van azon t\u00fal...err\u0151l m\u00e1r a k\u00f6vetkez\u0151 k\u00e9pem mes\u00e9l...<\/p><p>Ha megn\u00e9zitek ezt a k\u00e9pet, akkor k\u00e9t \u00f6ssze hajol\u00f3 arcot l\u00e1thattok, amit \u00e1larck\u00e9nt takar egy \u00f3ri\u00e1si pillang\u00f3. A pillang\u00f3 egyr\u00e9szt az \u00e1tl\u00e9nyeg\u00fcl\u00e9s szimb\u00f3luma, m\u00e1sr\u00e9szt pedig olyan t\u00fcn\u00e9keny, elrebben\u0151 kis l\u00e9nyecske, ami f\u00e1tyolk\u00e9nt takarja el szem\u00fcnk el\u00f6l a Val\u00f3s\u00e1got. A leela sz\u00f3 azt jelenti, j\u00e1t\u00e9k-hiszen amikor l\u00e9nyed magj\u00e1ba ker\u00fclsz, l\u00e1tod, hogy minden, a t\u00f6rt\u00e9neted, a ter\u00e1pia, a gy\u00f3gyul\u00e1s...MINDEN illuz\u00f3rikus Isteni Sz\u00ednj\u00e1t\u00e9k.<\/p><p>N\u00e9zheted \u00fagy is a k\u00e9pet, hogy egy emberen bel\u00fcl lezajl\u00f3 folyamatot l\u00e1tsz: mindig van egy r\u00e9szed, ami \u00e9beren figyel akkor is, ha a f\u00e1jdalom megjelenik benned. \u00c9s ez a figyelem egy magasabb dimenzi\u00f3hoz terel, ami meghaladja a szem\u00e9lyis\u00e9get, karaktert, gondolathalmazt, amit most igaznak hiszel.<\/p><p>A fekete-feh\u00e9r pillang\u00f3k(mint \u00fajabb \u00e9s \u00fajabb megszabadul\u00e1sra v\u00e1r\u00f3 l\u00e9tez\u0151k) is mind az \u00f6sszehajol\u00f3 arcok nyitotta kapu fel\u00e9 tartanak, mint ahogy mindenki ugyanoda tart, v\u00e9gtelen m\u00f3don cifr\u00e1zva ugyanazt az emberi rejt\u00e9lyt: Mi tesz boldogg\u00e1.<span class=\"Apple-converted-space\">\u00a0<\/span><\/p><p>\"az Isten alak\u00fa lyukat csak Istennel lehet bet\u00f6mni\"-J\u00f3kai Anna<\/p><p>Ha valaki felteszi nektek a k\u00e9rd\u00e9st egy nap: Mit akarsz \u00a0VAL\u00d3J\u00c1BAN? K\u00e9rlek, v\u00e1laszoljatok majd \u0151szint\u00e9n. \u00c9s meg\u00e1ll az agyatok:-)))<\/p><p>\u00a0- Ria, illusztr\u00e1tor<\/p>\t\t\t\t\t\t\t\t<\/div>\n\t\t\t\t<\/div>\n\t\t\t\t\t<\/div>\n\t\t<\/div>\n\t\t\t\t\t<\/div>\n\t\t<\/section>\n\t\t\t\t<section class=\"elementor-section elementor-top-section elementor-element elementor-element-174ab4de elementor-section-boxed elementor-section-height-default elementor-section-height-default\" data-id=\"174ab4de\" data-element_type=\"section\">\n\t\t\t\t\t\t<div class=\"elementor-container elementor-column-gap-default\">\n\t\t\t\t\t<div class=\"elementor-column elementor-col-33 elementor-top-column elementor-element elementor-element-8e3762c\" data-id=\"8e3762c\" data-element_type=\"column\">\n\t\t\t<div class=\"elementor-widget-wrap elementor-element-populated\">\n\t\t\t\t\t\t<section class=\"elementor-section elementor-inner-section elementor-element elementor-element-51f8a58e elementor-section-boxed elementor-section-height-default elementor-section-height-default\" data-id=\"51f8a58e\" data-element_type=\"section\">\n\t\t\t\t\t\t<div class=\"elementor-container elementor-column-gap-default\">\n\t\t\t\t\t<div class=\"elementor-column elementor-col-100 elementor-inner-column elementor-element elementor-element-1a4e2360\" data-id=\"1a4e2360\" data-element_type=\"column\">\n\t\t\t<div class=\"elementor-widget-wrap\">\n\t\t\t\t\t\t\t<\/div>\n\t\t<\/div>\n\t\t\t\t\t<\/div>\n\t\t<\/section>\n\t\t\t\t\t<\/div>\n\t\t<\/div>\n\t\t\t\t<div class=\"elementor-column elementor-col-33 elementor-top-column elementor-element elementor-element-56b87b3f\" data-id=\"56b87b3f\" data-element_type=\"column\" data-settings=\"{&quot;background_background&quot;:&quot;classic&quot;}\">\n\t\t\t<div class=\"elementor-widget-wrap elementor-element-populated\">\n\t\t\t\t\t\t<section class=\"elementor-section elementor-inner-section elementor-element elementor-element-360e152f elementor-section-boxed elementor-section-height-default elementor-section-height-default\" data-id=\"360e152f\" data-element_type=\"section\">\n\t\t\t\t\t\t<div class=\"elementor-container elementor-column-gap-default\">\n\t\t\t\t\t<div class=\"elementor-column elementor-col-100 elementor-inner-column elementor-element elementor-element-7c176e33\" data-id=\"7c176e33\" data-element_type=\"column\" data-settings=\"{&quot;background_background&quot;:&quot;classic&quot;}\">\n\t\t\t<div class=\"elementor-widget-wrap elementor-element-populated\">\n\t\t\t\t\t\t<div class=\"elementor-element elementor-element-5d5bb707 elementor-widget elementor-widget-heading\" data-id=\"5d5bb707\" data-element_type=\"widget\" data-widget_type=\"heading.default\">\n\t\t\t\t<div class=\"elementor-widget-container\">\n\t\t\t\t\t<h2 class=\"elementor-heading-title elementor-size-default\">Iratkozz fel a 15 perces INGYENES konzult\u00e1ci\u00f3ra!<\/h2>\t\t\t\t<\/div>\n\t\t\t\t<\/div>\n\t\t\t\t<div class=\"elementor-element elementor-element-7a3d5ec7 elementor-widget elementor-widget-text-editor\" data-id=\"7a3d5ec7\" data-element_type=\"widget\" data-widget_type=\"text-editor.default\">\n\t\t\t\t<div class=\"elementor-widget-container\">\n\t\t\t\t\t\t\t\t\t<p>\u00d6r\u00fcln\u00e9nk a lehet\u0151s\u00e9gnek, hogy k\u00f6zvetlen\u00fcl besz\u00e9lhess\u00fcnk veled, \u00e9s t\u00f6bbet megtudhassunk r\u00f3lad \u00e9s a saj\u00e1tos k\u00f6r\u00fclm\u00e9nyeidr\u0151l. \u00a0<\/p>\t\t\t\t\t\t\t\t<\/div>\n\t\t\t\t<\/div>\n\t\t\t\t<div class=\"elementor-element elementor-element-29406bc3 elementor-tablet-align-center elementor-mobile-align-justify elementor-align-center elementor-widget elementor-widget-button\" data-id=\"29406bc3\" data-element_type=\"widget\" data-widget_type=\"button.default\">\n\t\t\t\t<div class=\"elementor-widget-container\">\n\t\t\t\t\t\t\t\t\t<div class=\"elementor-button-wrapper\">\n\t\t\t\t\t<a class=\"elementor-button elementor-button-link elementor-size-sm elementor-animation-grow\" href=\"https:\/\/app.acuityscheduling.com\/schedule.php?owner=22037586&#038;calendarID=5201386\">\n\t\t\t\t\t\t<span class=\"elementor-button-content-wrapper\">\n\t\t\t\t\t\t\t\t\t<span class=\"elementor-button-text\">FOGLALJ ID\u0150PONTOT AZ INGYENES KONZULT\u00c1CI\u00d3RA<\/span>\n\t\t\t\t\t<\/span>\n\t\t\t\t\t<\/a>\n\t\t\t\t<\/div>\n\t\t\t\t\t\t\t\t<\/div>\n\t\t\t\t<\/div>\n\t\t\t\t\t<\/div>\n\t\t<\/div>\n\t\t\t\t\t<\/div>\n\t\t<\/section>\n\t\t\t\t\t<\/div>\n\t\t<\/div>\n\t\t\t\t<div class=\"elementor-column elementor-col-33 elementor-top-column elementor-element elementor-element-224abb08\" data-id=\"224abb08\" data-element_type=\"column\">\n\t\t\t<div class=\"elementor-widget-wrap\">\n\t\t\t\t\t\t\t<\/div>\n\t\t<\/div>\n\t\t\t\t\t<\/div>\n\t\t<\/section>\n\t\t\t\t<section class=\"elementor-section elementor-top-section elementor-element elementor-element-57eabeee elementor-section-boxed elementor-section-height-default elementor-section-height-default\" data-id=\"57eabeee\" data-element_type=\"section\" data-settings=\"{&quot;background_background&quot;:&quot;classic&quot;}\">\n\t\t\t\t\t\t<div class=\"elementor-container elementor-column-gap-no\">\n\t\t\t\t\t<div class=\"elementor-column elementor-col-100 elementor-top-column elementor-element elementor-element-3d5dfc37\" data-id=\"3d5dfc37\" data-element_type=\"column\">\n\t\t\t<div class=\"elementor-widget-wrap\">\n\t\t\t\t\t\t\t<\/div>\n\t\t<\/div>\n\t\t\t\t\t<\/div>\n\t\t<\/section>\n\t\t\t\t<\/div>","protected":false},"excerpt":{"rendered":"<p>lorum ipsum fugit est tuis Testimonials &#8220;In this moment the center of gravity splashes with a big bang into one\u2019s Heart and you are left without words. And retrospective you can smile at the fact that the big clich\u00e9 sentences are actually true.&#8221;\u00a0 I was able to experience this with the helping attention of a [&hellip;]<\/p>","protected":false},"author":4,"featured_media":0,"parent":0,"menu_order":0,"comment_status":"closed","ping_status":"closed","template":"elementor_header_footer","meta":{"footnotes":""},"class_list":["post-2363","page","type-page","status-publish","hentry","wpbf-post"],"_links":{"self":[{"href":"https:\/\/adriennharald.com\/hu\/wp-json\/wp\/v2\/pages\/2363","targetHints":{"allow":["GET"]}}],"collection":[{"href":"https:\/\/adriennharald.com\/hu\/wp-json\/wp\/v2\/pages"}],"about":[{"href":"https:\/\/adriennharald.com\/hu\/wp-json\/wp\/v2\/types\/page"}],"author":[{"embeddable":true,"href":"https:\/\/adriennharald.com\/hu\/wp-json\/wp\/v2\/users\/4"}],"replies":[{"embeddable":true,"href":"https:\/\/adriennharald.com\/hu\/wp-json\/wp\/v2\/comments?post=2363"}],"version-history":[{"count":26,"href":"https:\/\/adriennharald.com\/hu\/wp-json\/wp\/v2\/pages\/2363\/revisions"}],"predecessor-version":[{"id":8163,"href":"https:\/\/adriennharald.com\/hu\/wp-json\/wp\/v2\/pages\/2363\/revisions\/8163"}],"wp:attachment":[{"href":"https:\/\/adriennharald.com\/hu\/wp-json\/wp\/v2\/media?parent=2363"}],"curies":[{"name":"wp","href":"https:\/\/api.w.org\/{rel}","templated":true}]}}