{"id":1005,"date":"2021-02-18T22:51:10","date_gmt":"2021-02-19T03:51:10","guid":{"rendered":"https:\/\/34fbe7de36.nxcli.net\/?page_id=1005"},"modified":"2024-01-24T09:33:22","modified_gmt":"2024-01-24T08:33:22","slug":"about-adrienn","status":"publish","type":"page","link":"https:\/\/adriennharald.com\/hu\/about-adrienn\/","title":{"rendered":"Adriennr\u0151l"},"content":{"rendered":"<div data-elementor-type=\"wp-page\" data-elementor-id=\"1005\" class=\"elementor elementor-1005\" data-elementor-post-type=\"page\">\n\t\t\t\t\t\t<section class=\"elementor-section elementor-top-section elementor-element elementor-element-8ab1e39 elementor-section-full_width elementor-section-height-default elementor-section-height-default\" data-id=\"8ab1e39\" data-element_type=\"section\" data-settings=\"{&quot;background_background&quot;:&quot;classic&quot;}\">\n\t\t\t\t\t\t\t<div class=\"elementor-background-overlay\"><\/div>\n\t\t\t\t\t\t\t<div class=\"elementor-container elementor-column-gap-no\">\n\t\t\t\t\t<div class=\"elementor-column elementor-col-100 elementor-top-column elementor-element elementor-element-13823b46\" data-id=\"13823b46\" data-element_type=\"column\">\n\t\t\t<div class=\"elementor-widget-wrap elementor-element-populated\">\n\t\t\t\t\t\t<section class=\"elementor-section elementor-inner-section elementor-element elementor-element-70d0954a elementor-section-boxed elementor-section-height-default elementor-section-height-default\" data-id=\"70d0954a\" data-element_type=\"section\">\n\t\t\t\t\t\t<div class=\"elementor-container elementor-column-gap-default\">\n\t\t\t\t\t<div class=\"elementor-column elementor-col-100 elementor-inner-column elementor-element elementor-element-272d2f76\" data-id=\"272d2f76\" data-element_type=\"column\">\n\t\t\t<div class=\"elementor-widget-wrap elementor-element-populated\">\n\t\t\t\t\t\t<div class=\"elementor-element elementor-element-2ce2bf29 elementor-widget elementor-widget-heading\" data-id=\"2ce2bf29\" data-element_type=\"widget\" data-widget_type=\"heading.default\">\n\t\t\t\t<div class=\"elementor-widget-container\">\n\t\t\t\t\t<span class=\"elementor-heading-title elementor-size-default\">Az \u00e9letem az\u00e9 az \u00f6r\u00f6kk\u00e9 jelenl\u00e9v\u0151 b\u00e9k\u00e9j\u00e9, aki vagyok<\/span>\t\t\t\t<\/div>\n\t\t\t\t<\/div>\n\t\t\t\t<div class=\"elementor-element elementor-element-10b5ea13 elementor-widget elementor-widget-heading\" data-id=\"10b5ea13\" data-element_type=\"widget\" data-widget_type=\"heading.default\">\n\t\t\t\t<div class=\"elementor-widget-container\">\n\t\t\t\t\t<h2 class=\"elementor-heading-title elementor-size-default\">Adriennr\u0151l<\/h2>\t\t\t\t<\/div>\n\t\t\t\t<\/div>\n\t\t\t\t<div class=\"elementor-element elementor-element-b4e1751 elementor-hidden-tablet elementor-hidden-mobile elementor-widget-divider--view-line elementor-widget elementor-widget-divider\" data-id=\"b4e1751\" data-element_type=\"widget\" data-widget_type=\"divider.default\">\n\t\t\t\t<div class=\"elementor-widget-container\">\n\t\t\t\t\t\t\t<div class=\"elementor-divider\">\n\t\t\t<span class=\"elementor-divider-separator\">\n\t\t\t\t\t\t<\/span>\n\t\t<\/div>\n\t\t\t\t\t\t<\/div>\n\t\t\t\t<\/div>\n\t\t\t\t\t<\/div>\n\t\t<\/div>\n\t\t\t\t\t<\/div>\n\t\t<\/section>\n\t\t\t\t\t<\/div>\n\t\t<\/div>\n\t\t\t\t\t<\/div>\n\t\t<\/section>\n\t\t\t\t<section class=\"elementor-section elementor-top-section elementor-element elementor-element-618fc32c elementor-section-boxed elementor-section-height-default elementor-section-height-default\" data-id=\"618fc32c\" data-element_type=\"section\" data-settings=\"{&quot;background_background&quot;:&quot;classic&quot;}\">\n\t\t\t\t\t\t<div class=\"elementor-container elementor-column-gap-default\">\n\t\t\t\t\t<div class=\"elementor-column elementor-col-50 elementor-top-column elementor-element elementor-element-1870d14a\" data-id=\"1870d14a\" data-element_type=\"column\">\n\t\t\t<div class=\"elementor-widget-wrap elementor-element-populated\">\n\t\t\t\t\t\t<div class=\"elementor-element elementor-element-3b88e02 elementor-widget elementor-widget-text-editor\" data-id=\"3b88e02\" data-element_type=\"widget\" data-widget_type=\"text-editor.default\">\n\t\t\t\t<div class=\"elementor-widget-container\">\n\t\t\t\t\t\t\t\t\t<p class=\"p1\"><span class=\"s1\">Adrienn tan\u00edt\u00f3 \u00e9s egy\u00e9ni coach. Csendes elm\u00e9vel \u00e9s nyitott sz\u00edvvel t\u00e1mogatja mindenki fel\u00e9bred\u00e9s\u00e9t a Gangajit\u00f3l \u00e9s Eli Jaxon-Beart\u0151l tanult k\u00fcl\u00f6nb\u00f6z\u0151 eszk\u00f6z\u00f6kkel, melyek az igazs\u00e1g k\u00f6zvetlen megtapasztal\u00e1s\u00e1t seg\u00edtik.<\/span><\/p><p class=\"p1\"><span class=\"s1\">Adrienn egy\u00e9ni \u00e9s csoportos tal\u00e1lkoz\u00f3kat tart mindenkinek, aki szabad akar lenni, ak\u00e1rmilyen szinten is legyen az. A megk\u00f6zel\u00edt\u00e9s gyakorlatias, tiszteletben tartva a h\u00e9tk\u00f6znapi \u00e9let kih\u00edv\u00e1sait. T\u00f6bbf\u00e9le \u00e1ltala is kitapasztalt m\u00f3dszert integr\u00e1l a munk\u00e1j\u00e1ba, melyek a mindennapi \u00e9letedben seg\u00edtenek.<\/span><\/p><p>Tov\u00e1bb olvashatsz a m\u00f3dszerr\u0151l <a href=\"https:\/\/adriennharald.com\/hu\/sessions\/\">ITT<\/a>.<\/p>\t\t\t\t\t\t\t\t<\/div>\n\t\t\t\t<\/div>\n\t\t\t\t\t<\/div>\n\t\t<\/div>\n\t\t\t\t<div class=\"elementor-column elementor-col-50 elementor-top-column elementor-element elementor-element-7b39a829\" data-id=\"7b39a829\" data-element_type=\"column\">\n\t\t\t<div class=\"elementor-widget-wrap elementor-element-populated\">\n\t\t\t\t\t\t<div class=\"elementor-element elementor-element-3d898165 elementor-widget elementor-widget-image\" data-id=\"3d898165\" data-element_type=\"widget\" data-widget_type=\"image.default\">\n\t\t\t\t<div class=\"elementor-widget-container\">\n\t\t\t\t\t\t\t\t\t\t\t\t\t\t\t<img decoding=\"async\" src=\"https:\/\/adriennharald.com\/wp-content\/uploads\/elementor\/thumbs\/IMG_0389-rotated-e1706085184950-qirvdoasmsi6cmar6iv73kfmzklvjbt7xgaer04342.jpg\" title=\"IMG_0389\" alt=\"IMG_0389\" loading=\"lazy\" \/>\t\t\t\t\t\t\t\t\t\t\t\t\t\t\t<\/div>\n\t\t\t\t<\/div>\n\t\t\t\t\t<\/div>\n\t\t<\/div>\n\t\t\t\t\t<\/div>\n\t\t<\/section>\n\t\t\t\t<section class=\"elementor-section elementor-top-section elementor-element elementor-element-12cefb0 elementor-section-boxed elementor-section-height-default elementor-section-height-default\" data-id=\"12cefb0\" data-element_type=\"section\" data-settings=\"{&quot;background_background&quot;:&quot;classic&quot;}\">\n\t\t\t\t\t\t<div class=\"elementor-container elementor-column-gap-default\">\n\t\t\t\t\t<div class=\"elementor-column elementor-col-100 elementor-top-column elementor-element elementor-element-e221390\" data-id=\"e221390\" data-element_type=\"column\">\n\t\t\t<div class=\"elementor-widget-wrap elementor-element-populated\">\n\t\t\t\t\t\t<div class=\"elementor-element elementor-element-1608efc elementor-widget elementor-widget-text-editor\" data-id=\"1608efc\" data-element_type=\"widget\" data-widget_type=\"text-editor.default\">\n\t\t\t\t<div class=\"elementor-widget-container\">\n\t\t\t\t\t\t\t\t\t<h2>El\u0151zm\u00e9nyek<\/h2><p class=\"p1\"><span class=\"s1\">Freund Adrienn 1979-ben Hajd\u00faszoboszl\u00f3n egy kelet-magyarorsz\u00e1gi v\u00e1rosban sz\u00fcletett. A kisz\u00e1m\u00edthatatlan \u00e9s bizonytalan sz\u00fcl\u0151i h\u00e1znak k\u00f6sz\u00f6nhet\u0151en nagyon kor\u00e1n elkezdett valami m\u00e9lyebbre v\u00e1gyni. 16 \u00e9ves volt, amikor el\u0151sz\u00f6r dolgozott aupair-k\u00e9nt Londonban, amely megv\u00e1ltoztatta az \u00e9let\u00e9t, mert felfedezte, hogy micsoda bels\u0151 er\u0151 \u00e9s kapacit\u00e1s rejlik benne, hogy a saj\u00e1t \u00e9let\u00e9n egyed\u00fcl v\u00e1ltoztasson. <\/span><\/p><p class=\"p1\"><span class=\"s1\">2000-ben Londonban tal\u00e1lkozott egy szeret\u0151 h\u00e1zasp\u00e1rral Susan-nal \u00e9s John-nal, akik \u00e9ppen akkor kapt\u00e1k meg a diagn\u00f3zist, hogy John haldoklik. A szeretet \u00e9s tudatoss\u00e1g, amely a szem\u00fckb\u0151l \u00e1radt \u00e9s az az integrit\u00e1s<span class=\"Apple-converted-space\">\u00a0 <\/span>r\u00e1vezette Adrienn figyelm\u00e9t valami nagyobbra, mint ez a kondicion\u00e1lt emberi \u00e9let. Ez a tal\u00e1lkoz\u00e1s gy\u00fajtotta l\u00e1ngra a szabads\u00e1g ir\u00e1nti v\u00e1gyakoz\u00e1s\u00e1t, de ekkor nem tudta volna ezt \u00edgy megnevezni. Azon vette \u00e9szre mag\u00e1t, hogy im\u00e1dkozik: K\u00fcldj nekem egy tan\u00edt\u00f3t!<\/span><\/p><p class=\"p1 translation-block\">Ezut\u00e1n csak nyitottan figyelt \u00e9s Susan egyik bar\u00e1tja elvezette Adriennt a Findhorn Alap\u00edtv\u00e1nyhoz, amely egy \u00f6kol\u00f3giai \u00e9s \u00fajkor spiritu\u00e1lis k\u00f6z\u00f6ss\u00e9g \u00c9szak-Sk\u00f3ci\u00e1ban, ahov\u00e1 Adrienn 2002-ben elment \u00e9s elt\u00f6lt\u00f6tt egy p\u00e1r h\u00f3napot. B\u00e1r el\u0151sz\u00f6r f\u00e9lve b\u00e1rmif\u00e9le k\u00f6z\u00f6ss\u00e9gt\u0151l, egy igaz\u00e1n szabad \u00e9s minden vall\u00e1st toler\u00e1l\u00f3 a term\u00e9szettel egys\u00e9gben \u00e9l\u0151 nemzetk\u00f6zi k\u00f6zegben tal\u00e1lta mag\u00e1t Adrienn, ahol k\u00fcl\u00f6nb\u00f6z\u0151 \u00fajkori, de pszichol\u00f3giai folglalkoz\u00e1sokat is tartottak. Egy\u00fctt f\u0151ztek a nagy konyh\u00e1ban 160 f\u0151re \u00e9s a wc takar\u00edt\u00e1sa is szeretettel \u00e9s tisztelettel t\u00f6rt\u00e9nt. Majd elj\u00f6tt az is, ami\u00e9rt igaz\u00e1n ide\u00e9rkezett Adrienn. Egyik nap az egyik csoporttag Ramana-r\u00f3l mes\u00e9lt Adriennek, amelynek hat\u00e1s\u00e1ra ott \u00fclve az es\u0151ben figyelve a sk\u00f3ciai dombokat egy pillanat alatt m\u00e9ly csendet tapasztalt, az elm\u00e9je megny\u00edlt \u00e9s minden meg\u00e1llt. Tot\u00e1lis megnevezhetetlen \u00f6r\u00f6m. Miut\u00e1n azonban visszat\u00e9rtek p\u00e1r pillanat m\u00falva az emberi szok\u00e1sok \u00e9s mint\u00e1k szinte sz\u00e1jt\u00e1rtva hagyva Adriennt, tudta, hogy sz\u00fcks\u00e9ge van egy \u00e9l\u0151 tan\u00edt\u00f3ra. Azt\u00e1n az egyik tal\u00e1lkoz\u00f3n ugyanaz a bar\u00e1t bemutatott egy vide\u00f3t Gangajir\u00f3l. Hab\u00e1r Adriennek fogalma nem volt, hogy Gangaji mir\u0151l besz\u00e9l, mert meghat\u00f3dott ugyanatt\u00f3l a jelenl\u00e9tt\u0151l, amit \u0151 is megtapasztalt, biztosan tudta, hogy \u0151 az a tan\u00edt\u00f3, aki\u00e9rt im\u00e1dkozott. R\u00e1ad\u00e1sul olyan szemei voltak, mint Susannak. 2003-ban Adrienn tal\u00e1lkozott Gangajival \u00e9s az\u00f3ta is k\u00f6veti \u0151t. Gangaji visszaigazolta Adriennek, hogy lehets\u00e9ges az igazs\u00e1gnak \u00e9lni \u00e9s megh\u00edvta \u0151t, hogy adja oda mag\u00e1t ennek a szeretetnek.<\/p><p class=\"p1\"><span class=\"s1\">Adrienn 2003-t\u00f3l Magyarorsz\u00e1gon kezdett el \u00e9lni \u00e9s a Debreceni Egyetemen elv\u00e9gezte az angolszakot, amely \u00f3ri\u00e1si m\u00e9rt\u00e9kben fel\u00e9bresztette benne az \u00edr\u00e1si szenved\u00e9ly\u00e9t \u00e9s elegend\u0151 gyakorlatot szerzett ahhoz is, hogy Gangaji \u00e9s f\u00e9rje, Eli DVD-it magyarra ford\u00edtsa. Elt\u00f6k\u00e9lt sz\u00e1nd\u00e9ka volt mindig Adriennek, hogy Magyarorsz\u00e1gra hozza ezt a gyakorlatias \u00e9s v\u00e9gtelen\u00fcl egyszer\u0171 tan\u00edt\u00e1st. <\/span><\/p><p class=\"p1\"><span class=\"s1\">A tan\u00edt\u00f3i \u00e1ltal \u00f6nmag\u00e1ban fel\u00e9bresztett mindent \u00e1t\u00f6lel\u0151 b\u00f6lcsess\u00e9gnek k\u00f6sz\u00f6nhet\u0151en, Adrienn rendbetette a sz\u00fcl\u0151i h\u00e1z m\u00e9rgez\u0151 k\u00f6rnyezete \u00e1ltal okozott dolgokat \u00e9s siker\u00fclt kiraknia a hat\u00e1rait \u00e9s leraknia a r\u00e1k\u00e9nyszer\u00edtett fals szerepet, mint \u00f6nfel\u00e1ldoz\u00f3 csal\u00e1d megment\u0151, mert r\u00e1j\u00f6tt, hogy a felel\u0151ss\u00e9ge enn\u00e9l t\u00f6bb \u00e9s az nem csak a csal\u00e1dra korl\u00e1toz\u00f3dik. <\/span><\/p><p class=\"p1\"><span class=\"s1\">2006 \u00f3ta Adrienn rendszeresen r\u00e9sztvesz Gangaji \u00e9s Eli Jaxon-Bear elvonul\u00e1sain, ahol r\u00e9szletesen tanulta Eli-t\u00f3l az Enneagram b\u00f6lcsess\u00e9g\u00e9t \u00e9s m\u00e1s nagyon hasznos m\u00f3dszert, amelyek k\u00f6zvetlen \u00e9s hat\u00e1sos eszk\u00f6z\u00f6k arra, hogy fel\u00e9bredj \u00e9s \u00e9bren is maradj. Adrienn 2013-ban nyitotta meg praxis\u00e1t Magyarorsz\u00e1gon \u00e9s k\u00e9s\u0151bb Salzburgban. Majd hallgatva Eli javaslat\u00e1ra, Adrienn elkezdett tan\u00edtani \u00e9s 2018 \u00f3ta egy\u00fctt f\u00e9rj\u00e9vel is tartanak csoportos tal\u00e1lkoz\u00f3kat a fel\u00e9bred\u00e9st szolg\u00e1lva.<\/span><\/p>\t\t\t\t\t\t\t\t<\/div>\n\t\t\t\t<\/div>\n\t\t\t\t<section class=\"elementor-section elementor-inner-section elementor-element elementor-element-5bb492d elementor-section-boxed elementor-section-height-default elementor-section-height-default\" data-id=\"5bb492d\" data-element_type=\"section\">\n\t\t\t\t\t\t<div class=\"elementor-container elementor-column-gap-default\">\n\t\t\t\t\t<div class=\"elementor-column elementor-col-50 elementor-inner-column elementor-element elementor-element-757571a\" data-id=\"757571a\" data-element_type=\"column\">\n\t\t\t<div class=\"elementor-widget-wrap elementor-element-populated\">\n\t\t\t\t\t\t<div class=\"elementor-element elementor-element-01df151 elementor-widget elementor-widget-image\" data-id=\"01df151\" data-element_type=\"widget\" data-widget_type=\"image.default\">\n\t\t\t\t<div class=\"elementor-widget-container\">\n\t\t\t\t\t\t\t\t\t\t\t\t\t\t\t<img fetchpriority=\"high\" decoding=\"async\" width=\"1624\" height=\"2560\" src=\"https:\/\/adriennharald.com\/wp-content\/uploads\/2021\/07\/IMG_1435-scaled.jpeg\" class=\"attachment-full size-full wp-image-5423\" alt=\"\" srcset=\"https:\/\/adriennharald.com\/wp-content\/uploads\/2021\/07\/IMG_1435-scaled.jpeg 1624w, https:\/\/adriennharald.com\/wp-content\/uploads\/2021\/07\/IMG_1435-190x300.jpeg 190w, https:\/\/adriennharald.com\/wp-content\/uploads\/2021\/07\/IMG_1435-650x1024.jpeg 650w, https:\/\/adriennharald.com\/wp-content\/uploads\/2021\/07\/IMG_1435-768x1211.jpeg 768w, https:\/\/adriennharald.com\/wp-content\/uploads\/2021\/07\/IMG_1435-974x1536.jpeg 974w, https:\/\/adriennharald.com\/wp-content\/uploads\/2021\/07\/IMG_1435-1299x2048.jpeg 1299w, https:\/\/adriennharald.com\/wp-content\/uploads\/2021\/07\/IMG_1435-8x12.jpeg 8w\" sizes=\"(max-width: 1624px) 100vw, 1624px\" \/>\t\t\t\t\t\t\t\t\t\t\t\t\t\t\t<\/div>\n\t\t\t\t<\/div>\n\t\t\t\t\t<\/div>\n\t\t<\/div>\n\t\t\t\t<div class=\"elementor-column elementor-col-50 elementor-inner-column elementor-element elementor-element-caf4023\" data-id=\"caf4023\" data-element_type=\"column\">\n\t\t\t<div class=\"elementor-widget-wrap elementor-element-populated\">\n\t\t\t\t\t\t<div class=\"elementor-element elementor-element-3189754 elementor-widget elementor-widget-text-editor\" data-id=\"3189754\" data-element_type=\"widget\" data-widget_type=\"text-editor.default\">\n\t\t\t\t<div class=\"elementor-widget-container\">\n\t\t\t\t\t\t\t\t\t<h2>Lev\u00e9l Gangajit\u00f3l<\/h2><p>Aug. 29. 2007 <\/p><p>(El\u00e1zott a postai k\u00e9zbes\u00edt\u00e9skor, ez\u00e9rt van a bet\u0171k t\u00fckr\u00f6z\u0151d\u00e9se.)<\/p><p class=\"p1\"><span class=\"s1\">Legkedvesebb Adrienn,<\/span><\/p><p>K\u00f6sz\u00f6n\u00f6m ezt a szeretetr\u0151l \u00e9s igazs\u00e1gr\u00f3l sz\u00f3l\u00f3 gy\u00f6ny\u00f6r\u0171 levelet!<\/p><p>A visszaigazol\u00e1s \u00fajra \u00e9s \u00fajra visszaigazol\u00f3dik az intelligenci\u00e1d \u00e9s a k\u00e9szenl\u00e9ted \u00e1ltal arra, hogy mindig m\u00e9lyebben fogadod be \u00f6nmagad fens\u00e9g\u00e9t.<\/p><p>Minden szeretetet \u00e9s t\u00e1mogat\u00e1st k\u00fcld\u00f6k - mindig -<\/p><p>Gangaji<\/p>\t\t\t\t\t\t\t\t<\/div>\n\t\t\t\t<\/div>\n\t\t\t\t\t<\/div>\n\t\t<\/div>\n\t\t\t\t\t<\/div>\n\t\t<\/section>\n\t\t\t\t<div class=\"elementor-element elementor-element-63265d2 elementor-tablet-align-center elementor-mobile-align-justify elementor-align-center elementor-widget elementor-widget-button\" data-id=\"63265d2\" data-element_type=\"widget\" data-widget_type=\"button.default\">\n\t\t\t\t<div class=\"elementor-widget-container\">\n\t\t\t\t\t\t\t\t\t<div class=\"elementor-button-wrapper\">\n\t\t\t\t\t<a class=\"elementor-button elementor-button-link elementor-size-sm elementor-animation-grow\" href=\"https:\/\/app.acuityscheduling.com\/schedule.php?owner=22037586&#038;appointmentType=category:Private%20Sessions%20for%20All%20with%20Adrienn\">\n\t\t\t\t\t\t<span class=\"elementor-button-content-wrapper\">\n\t\t\t\t\t\t\t\t\t<span class=\"elementor-button-text\">Foglalj egy\u00e9ni id\u0151pontot most<\/span>\n\t\t\t\t\t<\/span>\n\t\t\t\t\t<\/a>\n\t\t\t\t<\/div>\n\t\t\t\t\t\t\t\t<\/div>\n\t\t\t\t<\/div>\n\t\t\t\t\t<\/div>\n\t\t<\/div>\n\t\t\t\t\t<\/div>\n\t\t<\/section>\n\t\t\t\t<section class=\"elementor-section elementor-top-section elementor-element elementor-element-52fee031 elementor-section-boxed elementor-section-height-default elementor-section-height-default\" data-id=\"52fee031\" data-element_type=\"section\">\n\t\t\t\t\t\t<div class=\"elementor-container elementor-column-gap-default\">\n\t\t\t\t\t<div class=\"elementor-column elementor-col-33 elementor-top-column elementor-element elementor-element-6e2dfe6c\" data-id=\"6e2dfe6c\" data-element_type=\"column\">\n\t\t\t<div class=\"elementor-widget-wrap elementor-element-populated\">\n\t\t\t\t\t\t<section class=\"elementor-section elementor-inner-section elementor-element elementor-element-7864ef9f elementor-section-boxed elementor-section-height-default elementor-section-height-default\" data-id=\"7864ef9f\" data-element_type=\"section\">\n\t\t\t\t\t\t<div class=\"elementor-container elementor-column-gap-default\">\n\t\t\t\t\t<div class=\"elementor-column elementor-col-100 elementor-inner-column elementor-element elementor-element-5d36ea6c\" data-id=\"5d36ea6c\" data-element_type=\"column\">\n\t\t\t<div class=\"elementor-widget-wrap\">\n\t\t\t\t\t\t\t<\/div>\n\t\t<\/div>\n\t\t\t\t\t<\/div>\n\t\t<\/section>\n\t\t\t\t\t<\/div>\n\t\t<\/div>\n\t\t\t\t<div class=\"elementor-column elementor-col-33 elementor-top-column elementor-element elementor-element-4be94d17\" data-id=\"4be94d17\" data-element_type=\"column\" data-settings=\"{&quot;background_background&quot;:&quot;classic&quot;}\">\n\t\t\t<div class=\"elementor-widget-wrap elementor-element-populated\">\n\t\t\t\t\t\t<section class=\"elementor-section elementor-inner-section elementor-element elementor-element-515adc3e elementor-section-boxed elementor-section-height-default elementor-section-height-default\" data-id=\"515adc3e\" data-element_type=\"section\">\n\t\t\t\t\t\t<div class=\"elementor-container elementor-column-gap-default\">\n\t\t\t\t\t<div class=\"elementor-column elementor-col-100 elementor-inner-column elementor-element elementor-element-d1a9187\" data-id=\"d1a9187\" data-element_type=\"column\" data-settings=\"{&quot;background_background&quot;:&quot;classic&quot;}\">\n\t\t\t<div class=\"elementor-widget-wrap elementor-element-populated\">\n\t\t\t\t\t\t<div class=\"elementor-element elementor-element-9b669dc elementor-widget elementor-widget-heading\" data-id=\"9b669dc\" data-element_type=\"widget\" data-widget_type=\"heading.default\">\n\t\t\t\t<div class=\"elementor-widget-container\">\n\t\t\t\t\t<h2 class=\"elementor-heading-title elementor-size-default\">Iratkozz fel a 15 perces INGYENES konzult\u00e1ci\u00f3ra!<\/h2>\t\t\t\t<\/div>\n\t\t\t\t<\/div>\n\t\t\t\t<div class=\"elementor-element elementor-element-26b6dc18 elementor-widget elementor-widget-text-editor\" data-id=\"26b6dc18\" data-element_type=\"widget\" data-widget_type=\"text-editor.default\">\n\t\t\t\t<div class=\"elementor-widget-container\">\n\t\t\t\t\t\t\t\t\t<p>\u00d6r\u00fcln\u00e9nk a lehet\u0151s\u00e9gnek, hogy k\u00f6zvetlen\u00fcl besz\u00e9lhess\u00fcnk veled, \u00e9s t\u00f6bbet megtudhassunk r\u00f3lad \u00e9s a saj\u00e1tos k\u00f6r\u00fclm\u00e9nyeidr\u0151l. \u00a0<\/p>\t\t\t\t\t\t\t\t<\/div>\n\t\t\t\t<\/div>\n\t\t\t\t<div class=\"elementor-element elementor-element-b05f83c elementor-tablet-align-center elementor-mobile-align-justify elementor-align-center elementor-widget elementor-widget-button\" data-id=\"b05f83c\" data-element_type=\"widget\" data-widget_type=\"button.default\">\n\t\t\t\t<div class=\"elementor-widget-container\">\n\t\t\t\t\t\t\t\t\t<div class=\"elementor-button-wrapper\">\n\t\t\t\t\t<a class=\"elementor-button elementor-button-link elementor-size-sm elementor-animation-grow\" href=\"https:\/\/app.acuityscheduling.com\/schedule.php?owner=22037586&#038;appointmentType=category:Private%20Sessions%20for%20All\">\n\t\t\t\t\t\t<span class=\"elementor-button-content-wrapper\">\n\t\t\t\t\t\t\t\t\t<span class=\"elementor-button-text\">FOGLALJ ID\u0150PONTOT AZ INGYENES KONZULT\u00c1CI\u00d3RA<\/span>\n\t\t\t\t\t<\/span>\n\t\t\t\t\t<\/a>\n\t\t\t\t<\/div>\n\t\t\t\t\t\t\t\t<\/div>\n\t\t\t\t<\/div>\n\t\t\t\t\t<\/div>\n\t\t<\/div>\n\t\t\t\t\t<\/div>\n\t\t<\/section>\n\t\t\t\t\t<\/div>\n\t\t<\/div>\n\t\t\t\t<div class=\"elementor-column elementor-col-33 elementor-top-column elementor-element elementor-element-52b49634\" data-id=\"52b49634\" data-element_type=\"column\">\n\t\t\t<div class=\"elementor-widget-wrap\">\n\t\t\t\t\t\t\t<\/div>\n\t\t<\/div>\n\t\t\t\t\t<\/div>\n\t\t<\/section>\n\t\t\t\t<\/div>","protected":false},"excerpt":{"rendered":"<p>My life is given to the everpresent peace that we are About Adrienn Adrienn is a teacher and guide supporting people in their waking up from suffering. She brings her own realisation of the silent mind with an open heart and a variety of skillful means she received from her teachers Gangaji and Eli Jaxon-Bear. [&hellip;]<\/p>","protected":false},"author":4,"featured_media":0,"parent":0,"menu_order":0,"comment_status":"closed","ping_status":"closed","template":"elementor_header_footer","meta":{"footnotes":""},"class_list":["post-1005","page","type-page","status-publish","hentry","wpbf-post"],"_links":{"self":[{"href":"https:\/\/adriennharald.com\/hu\/wp-json\/wp\/v2\/pages\/1005","targetHints":{"allow":["GET"]}}],"collection":[{"href":"https:\/\/adriennharald.com\/hu\/wp-json\/wp\/v2\/pages"}],"about":[{"href":"https:\/\/adriennharald.com\/hu\/wp-json\/wp\/v2\/types\/page"}],"author":[{"embeddable":true,"href":"https:\/\/adriennharald.com\/hu\/wp-json\/wp\/v2\/users\/4"}],"replies":[{"embeddable":true,"href":"https:\/\/adriennharald.com\/hu\/wp-json\/wp\/v2\/comments?post=1005"}],"version-history":[{"count":139,"href":"https:\/\/adriennharald.com\/hu\/wp-json\/wp\/v2\/pages\/1005\/revisions"}],"predecessor-version":[{"id":8849,"href":"https:\/\/adriennharald.com\/hu\/wp-json\/wp\/v2\/pages\/1005\/revisions\/8849"}],"wp:attachment":[{"href":"https:\/\/adriennharald.com\/hu\/wp-json\/wp\/v2\/media?parent=1005"}],"curies":[{"name":"wp","href":"https:\/\/api.w.org\/{rel}","templated":true}]}}